
{"id":851,"date":"2022-01-18T11:19:33","date_gmt":"2022-01-18T16:19:33","guid":{"rendered":"https:\/\/hampstead.propageweb.com\/?page_id=851"},"modified":"2022-09-14T09:47:45","modified_gmt":"2022-09-14T13:47:45","slug":"management-educational-success-agreement","status":"publish","type":"page","link":"https:\/\/hampstead.emsb.qc.ca\/fr\/accord-de-gestion-et-de-reussite-educative\/","title":{"rendered":"Accord de gestion et de r\u00e9ussite \u00e9ducative"},"content":{"rendered":"<p>Pour que l'\u00e9cole et le conseil scolaire se conforment \u00e0 la\u00a0<a href=\"http:\/\/www2.publicationsduquebec.gouv.qc.ca\/dynamicSearch\/telecharge.php?type=2&amp;file=\/I_13_3\/I13_3_A.html\">Loi sur l'\u00e9ducation<\/a>\u00a0Conform\u00e9ment \u00e0 l'article 209.2(1)(2)(3)(4), le conseil scolaire et l'\u00e9cole doivent signer une convention de gestion et de r\u00e9ussite \u00e9ducative (M.E.S.A). Cette signature doit avoir lieu chaque ann\u00e9e. Cette convention d\u00e9crit les engagements pris par la commission scolaire et l'\u00e9cole pour r\u00e9aliser leur mission d'instruire, de qualifier et de socialiser les \u00e9l\u00e8ves avec succ\u00e8s.<\/p>\n<p>&nbsp;<\/p>\n<div class=\"doc_box\">\n<div class=\"doc_box_icon\"><a href=\"http:\/\/www.gardenview.emsb.qc.ca\/School%20Pages\/2016-2017\/Documents\/Supply%20Lists\/GARDENVIEW%20MESA%20SUCCESS%20PLAN%202014-2017.pdf\"><img decoding=\"async\" class=\"alignnone  wp-image-852\" src=\"https:\/\/hampstead.emsb.qc.ca\/wp-content\/uploads\/sites\/2\/2022\/01\/pdf-icon-large.png\" alt=\"\" width=\"28\" height=\"29\" \/><\/a><\/div>\n<h6><a href=\"http:\/\/www.gardenview.emsb.qc.ca\/School%20Pages\/2016-2017\/Documents\/Supply%20Lists\/GARDENVIEW%20MESA%20SUCCESS%20PLAN%202014-2017.pdf\" target=\"_blank\" rel=\"noopener\">Accord MESA 2014-2017<\/a><\/h6>\n<p>Politiques scolaires<br \/>\nT\u00e9l\u00e9charg\u00e9 : 2017-04-13<\/p>\n<\/div>","protected":false},"excerpt":{"rendered":"<p>In order for the school and the school board to comply with the\u00a0Education Act\u00a0article 209.2(1)(2)(3)(4), the school board and school must sign a Management and Educational Success Agreement (M.E.S.A). This must be done annually. This Agreement outlines the commitments made by the school board and the school to achieve their mission of successfully instructing, qualifying [&hellip;]<\/p>\n","protected":false},"author":3,"featured_media":0,"parent":0,"menu_order":0,"comment_status":"closed","ping_status":"closed","template":"","meta":{"site-sidebar-layout":"default","site-content-layout":"default","ast-site-content-layout":"default","site-content-style":"default","site-sidebar-style":"default","ast-global-header-display":"","ast-banner-title-visibility":"","ast-main-header-display":"","ast-hfb-above-header-display":"","ast-hfb-below-header-display":"","ast-hfb-mobile-header-display":"","site-post-title":"","ast-breadcrumbs-content":"","ast-featured-img":"","footer-sml-layout":"","ast-disable-related-posts":"","theme-transparent-header-meta":"","adv-header-id-meta":"","stick-header-meta":"","header-above-stick-meta":"","header-main-stick-meta":"","header-below-stick-meta":"","astra-migrate-meta-layouts":"default","ast-page-background-enabled":"default","ast-page-background-meta":{"desktop":{"background-color":"var(--ast-global-color-4)","background-image":"","background-repeat":"repeat","background-position":"center center","background-size":"auto","background-attachment":"scroll","background-type":"","background-media":"","overlay-type":"","overlay-color":"","overlay-opacity":"","overlay-gradient":""},"tablet":{"background-color":"","background-image":"","background-repeat":"repeat","background-position":"center center","background-size":"auto","background-attachment":"scroll","background-type":"","background-media":"","overlay-type":"","overlay-color":"","overlay-opacity":"","overlay-gradient":""},"mobile":{"background-color":"","background-image":"","background-repeat":"repeat","background-position":"center center","background-size":"auto","background-attachment":"scroll","background-type":"","background-media":"","overlay-type":"","overlay-color":"","overlay-opacity":"","overlay-gradient":""}},"ast-content-background-meta":{"desktop":{"background-color":"var(--ast-global-color-5)","background-image":"","background-repeat":"repeat","background-position":"center center","background-size":"auto","background-attachment":"scroll","background-type":"","background-media":"","overlay-type":"","overlay-color":"","overlay-opacity":"","overlay-gradient":""},"tablet":{"background-color":"var(--ast-global-color-5)","background-image":"","background-repeat":"repeat","background-position":"center center","background-size":"auto","background-attachment":"scroll","background-type":"","background-media":"","overlay-type":"","overlay-color":"","overlay-opacity":"","overlay-gradient":""},"mobile":{"background-color":"var(--ast-global-color-5)","background-image":"","background-repeat":"repeat","background-position":"center center","background-size":"auto","background-attachment":"scroll","background-type":"","background-media":"","overlay-type":"","overlay-color":"","overlay-opacity":"","overlay-gradient":""}},"footnotes":""},"class_list":["post-851","page","type-page","status-publish","hentry"],"yoast_head":"<!-- This site is optimized with the Yoast SEO plugin v27.5 - https:\/\/yoast.com\/product\/yoast-seo-wordpress\/ -->\n<title>Management &amp; Educational Success Agreement - Hampstead Elementary School<\/title>\n<meta name=\"robots\" content=\"index, follow, max-snippet:-1, max-image-preview:large, max-video-preview:-1\" \/>\n<link rel=\"canonical\" href=\"https:\/\/hampstead.emsb.qc.ca\/fr\/accord-de-gestion-et-de-reussite-educative\/\" \/>\n<meta property=\"og:locale\" content=\"fr_FR\" \/>\n<meta property=\"og:type\" content=\"article\" \/>\n<meta property=\"og:title\" content=\"Management &amp; Educational Success Agreement - Hampstead Elementary School\" \/>\n<meta property=\"og:description\" content=\"In order for the school and the school board to comply with the\u00a0Education Act\u00a0article 209.2(1)(2)(3)(4), the school board and school must sign a Management and Educational Success Agreement (M.E.S.A). This must be done annually. This Agreement outlines the commitments made by the school board and the school to achieve their mission of successfully instructing, qualifying [&hellip;]\" \/>\n<meta property=\"og:url\" content=\"https:\/\/hampstead.emsb.qc.ca\/fr\/accord-de-gestion-et-de-reussite-educative\/\" \/>\n<meta property=\"og:site_name\" content=\"Hampstead Elementary School\" \/>\n<meta property=\"article:modified_time\" content=\"2022-09-14T13:47:45+00:00\" \/>\n<meta property=\"og:image\" content=\"https:\/\/hampstead.emsb.qc.ca\/wp-content\/uploads\/sites\/2\/2022\/01\/pdf-icon-large.png\" \/>\n<meta name=\"twitter:card\" content=\"summary_large_image\" \/>\n<script type=\"application\/ld+json\" class=\"yoast-schema-graph\">{\"@context\":\"https:\\\/\\\/schema.org\",\"@graph\":[{\"@type\":\"WebPage\",\"@id\":\"https:\\\/\\\/hampstead.emsb.qc.ca\\\/fr\\\/accord-de-gestion-et-de-reussite-educative\\\/\",\"url\":\"https:\\\/\\\/hampstead.emsb.qc.ca\\\/fr\\\/accord-de-gestion-et-de-reussite-educative\\\/\",\"name\":\"Management & Educational Success Agreement - Hampstead Elementary School\",\"isPartOf\":{\"@id\":\"https:\\\/\\\/hampstead.emsb.qc.ca\\\/#website\"},\"primaryImageOfPage\":{\"@id\":\"https:\\\/\\\/hampstead.emsb.qc.ca\\\/fr\\\/accord-de-gestion-et-de-reussite-educative\\\/#primaryimage\"},\"image\":{\"@id\":\"https:\\\/\\\/hampstead.emsb.qc.ca\\\/fr\\\/accord-de-gestion-et-de-reussite-educative\\\/#primaryimage\"},\"thumbnailUrl\":\"https:\\\/\\\/hampstead.emsb.qc.ca\\\/wp-content\\\/uploads\\\/sites\\\/2\\\/2022\\\/01\\\/pdf-icon-large.png\",\"datePublished\":\"2022-01-18T16:19:33+00:00\",\"dateModified\":\"2022-09-14T13:47:45+00:00\",\"breadcrumb\":{\"@id\":\"https:\\\/\\\/hampstead.emsb.qc.ca\\\/fr\\\/accord-de-gestion-et-de-reussite-educative\\\/#breadcrumb\"},\"inLanguage\":\"fr-FR\",\"potentialAction\":[{\"@type\":\"ReadAction\",\"target\":[\"https:\\\/\\\/hampstead.emsb.qc.ca\\\/fr\\\/accord-de-gestion-et-de-reussite-educative\\\/\"]}]},{\"@type\":\"ImageObject\",\"inLanguage\":\"fr-FR\",\"@id\":\"https:\\\/\\\/hampstead.emsb.qc.ca\\\/fr\\\/accord-de-gestion-et-de-reussite-educative\\\/#primaryimage\",\"url\":\"https:\\\/\\\/hampstead.emsb.qc.ca\\\/wp-content\\\/uploads\\\/sites\\\/2\\\/2022\\\/01\\\/pdf-icon-large.png\",\"contentUrl\":\"https:\\\/\\\/hampstead.emsb.qc.ca\\\/wp-content\\\/uploads\\\/sites\\\/2\\\/2022\\\/01\\\/pdf-icon-large.png\"},{\"@type\":\"BreadcrumbList\",\"@id\":\"https:\\\/\\\/hampstead.emsb.qc.ca\\\/fr\\\/accord-de-gestion-et-de-reussite-educative\\\/#breadcrumb\",\"itemListElement\":[{\"@type\":\"ListItem\",\"position\":1,\"name\":\"Home\",\"item\":\"https:\\\/\\\/hampstead.emsb.qc.ca\\\/\"},{\"@type\":\"ListItem\",\"position\":2,\"name\":\"Management &#038; Educational Success Agreement\"}]},{\"@type\":\"WebSite\",\"@id\":\"https:\\\/\\\/hampstead.emsb.qc.ca\\\/#website\",\"url\":\"https:\\\/\\\/hampstead.emsb.qc.ca\\\/\",\"name\":\"Hampstead Elementary School\",\"description\":\"Hampstead Elementary School\",\"publisher\":{\"@id\":\"https:\\\/\\\/hampstead.emsb.qc.ca\\\/#organization\"},\"potentialAction\":[{\"@type\":\"SearchAction\",\"target\":{\"@type\":\"EntryPoint\",\"urlTemplate\":\"https:\\\/\\\/hampstead.emsb.qc.ca\\\/?s={search_term_string}\"},\"query-input\":{\"@type\":\"PropertyValueSpecification\",\"valueRequired\":true,\"valueName\":\"search_term_string\"}}],\"inLanguage\":\"fr-FR\"},{\"@type\":\"Organization\",\"@id\":\"https:\\\/\\\/hampstead.emsb.qc.ca\\\/#organization\",\"name\":\"Hampstead Elementary School\",\"url\":\"https:\\\/\\\/hampstead.emsb.qc.ca\\\/\",\"logo\":{\"@type\":\"ImageObject\",\"inLanguage\":\"fr-FR\",\"@id\":\"https:\\\/\\\/hampstead.emsb.qc.ca\\\/#\\\/schema\\\/logo\\\/image\\\/\",\"url\":\"https:\\\/\\\/hampstead.emsb.qc.ca\\\/wp-content\\\/uploads\\\/sites\\\/2\\\/2022\\\/08\\\/hampstead-logo-large.png\",\"contentUrl\":\"https:\\\/\\\/hampstead.emsb.qc.ca\\\/wp-content\\\/uploads\\\/sites\\\/2\\\/2022\\\/08\\\/hampstead-logo-large.png\",\"width\":234,\"height\":269,\"caption\":\"Hampstead Elementary School\"},\"image\":{\"@id\":\"https:\\\/\\\/hampstead.emsb.qc.ca\\\/#\\\/schema\\\/logo\\\/image\\\/\"}}]}<\/script>\n<!-- \/ Yoast SEO plugin. -->","yoast_head_json":{"title":"Convention de gestion et de r\u00e9ussite \u00e9ducative - \u00c9cole primaire de Hampstead","robots":{"index":"index","follow":"follow","max-snippet":"max-snippet:-1","max-image-preview":"max-image-preview:large","max-video-preview":"max-video-preview:-1"},"canonical":"https:\/\/hampstead.emsb.qc.ca\/fr\/accord-de-gestion-et-de-reussite-educative\/","og_locale":"fr_FR","og_type":"article","og_title":"Management & Educational Success Agreement - Hampstead Elementary School","og_description":"In order for the school and the school board to comply with the\u00a0Education Act\u00a0article 209.2(1)(2)(3)(4), the school board and school must sign a Management and Educational Success Agreement (M.E.S.A). This must be done annually. This Agreement outlines the commitments made by the school board and the school to achieve their mission of successfully instructing, qualifying [&hellip;]","og_url":"https:\/\/hampstead.emsb.qc.ca\/fr\/accord-de-gestion-et-de-reussite-educative\/","og_site_name":"Hampstead Elementary School","article_modified_time":"2022-09-14T13:47:45+00:00","og_image":[{"url":"https:\/\/hampstead.emsb.qc.ca\/wp-content\/uploads\/sites\/2\/2022\/01\/pdf-icon-large.png","type":"","width":"","height":""}],"twitter_card":"summary_large_image","schema":{"@context":"https:\/\/schema.org","@graph":[{"@type":"WebPage","@id":"https:\/\/hampstead.emsb.qc.ca\/fr\/accord-de-gestion-et-de-reussite-educative\/","url":"https:\/\/hampstead.emsb.qc.ca\/fr\/accord-de-gestion-et-de-reussite-educative\/","name":"Convention de gestion et de r\u00e9ussite \u00e9ducative - \u00c9cole primaire de Hampstead","isPartOf":{"@id":"https:\/\/hampstead.emsb.qc.ca\/#website"},"primaryImageOfPage":{"@id":"https:\/\/hampstead.emsb.qc.ca\/fr\/accord-de-gestion-et-de-reussite-educative\/#primaryimage"},"image":{"@id":"https:\/\/hampstead.emsb.qc.ca\/fr\/accord-de-gestion-et-de-reussite-educative\/#primaryimage"},"thumbnailUrl":"https:\/\/hampstead.emsb.qc.ca\/wp-content\/uploads\/sites\/2\/2022\/01\/pdf-icon-large.png","datePublished":"2022-01-18T16:19:33+00:00","dateModified":"2022-09-14T13:47:45+00:00","breadcrumb":{"@id":"https:\/\/hampstead.emsb.qc.ca\/fr\/accord-de-gestion-et-de-reussite-educative\/#breadcrumb"},"inLanguage":"fr-FR","potentialAction":[{"@type":"ReadAction","target":["https:\/\/hampstead.emsb.qc.ca\/fr\/accord-de-gestion-et-de-reussite-educative\/"]}]},{"@type":"ImageObject","inLanguage":"fr-FR","@id":"https:\/\/hampstead.emsb.qc.ca\/fr\/accord-de-gestion-et-de-reussite-educative\/#primaryimage","url":"https:\/\/hampstead.emsb.qc.ca\/wp-content\/uploads\/sites\/2\/2022\/01\/pdf-icon-large.png","contentUrl":"https:\/\/hampstead.emsb.qc.ca\/wp-content\/uploads\/sites\/2\/2022\/01\/pdf-icon-large.png"},{"@type":"BreadcrumbList","@id":"https:\/\/hampstead.emsb.qc.ca\/fr\/accord-de-gestion-et-de-reussite-educative\/#breadcrumb","itemListElement":[{"@type":"ListItem","position":1,"name":"Home","item":"https:\/\/hampstead.emsb.qc.ca\/"},{"@type":"ListItem","position":2,"name":"Management &#038; Educational Success Agreement"}]},{"@type":"WebSite","@id":"https:\/\/hampstead.emsb.qc.ca\/#website","url":"https:\/\/hampstead.emsb.qc.ca\/","name":"\u00c9cole primaire Hampstead","description":"\u00c9cole primaire Hampstead","publisher":{"@id":"https:\/\/hampstead.emsb.qc.ca\/#organization"},"potentialAction":[{"@type":"SearchAction","target":{"@type":"EntryPoint","urlTemplate":"https:\/\/hampstead.emsb.qc.ca\/?s={search_term_string}"},"query-input":{"@type":"PropertyValueSpecification","valueRequired":true,"valueName":"search_term_string"}}],"inLanguage":"fr-FR"},{"@type":"Organization","@id":"https:\/\/hampstead.emsb.qc.ca\/#organization","name":"\u00c9cole primaire Hampstead","url":"https:\/\/hampstead.emsb.qc.ca\/","logo":{"@type":"ImageObject","inLanguage":"fr-FR","@id":"https:\/\/hampstead.emsb.qc.ca\/#\/schema\/logo\/image\/","url":"https:\/\/hampstead.emsb.qc.ca\/wp-content\/uploads\/sites\/2\/2022\/08\/hampstead-logo-large.png","contentUrl":"https:\/\/hampstead.emsb.qc.ca\/wp-content\/uploads\/sites\/2\/2022\/08\/hampstead-logo-large.png","width":234,"height":269,"caption":"Hampstead Elementary School"},"image":{"@id":"https:\/\/hampstead.emsb.qc.ca\/#\/schema\/logo\/image\/"}}]}},"_links":{"self":[{"href":"https:\/\/hampstead.emsb.qc.ca\/fr\/wp-json\/wp\/v2\/pages\/851","targetHints":{"allow":["GET"]}}],"collection":[{"href":"https:\/\/hampstead.emsb.qc.ca\/fr\/wp-json\/wp\/v2\/pages"}],"about":[{"href":"https:\/\/hampstead.emsb.qc.ca\/fr\/wp-json\/wp\/v2\/types\/page"}],"author":[{"embeddable":true,"href":"https:\/\/hampstead.emsb.qc.ca\/fr\/wp-json\/wp\/v2\/users\/3"}],"replies":[{"embeddable":true,"href":"https:\/\/hampstead.emsb.qc.ca\/fr\/wp-json\/wp\/v2\/comments?post=851"}],"version-history":[{"count":2,"href":"https:\/\/hampstead.emsb.qc.ca\/fr\/wp-json\/wp\/v2\/pages\/851\/revisions"}],"predecessor-version":[{"id":1847,"href":"https:\/\/hampstead.emsb.qc.ca\/fr\/wp-json\/wp\/v2\/pages\/851\/revisions\/1847"}],"wp:attachment":[{"href":"https:\/\/hampstead.emsb.qc.ca\/fr\/wp-json\/wp\/v2\/media?parent=851"}],"curies":[{"name":"wp","href":"https:\/\/api.w.org\/{rel}","templated":true}]}}