
{"id":4947,"date":"2022-09-14T11:14:26","date_gmt":"2022-09-14T15:14:26","guid":{"rendered":"https:\/\/hampstead.emsbdev.com\/?page_id=4947"},"modified":"2022-09-14T11:15:01","modified_gmt":"2022-09-14T15:15:01","slug":"preschool-education-kindergarten-for-4-year-olds-and-5-year-olds","status":"publish","type":"page","link":"https:\/\/hampstead.emsb.qc.ca\/fr\/education-prescolaire-jardin-denfants-pour-les-enfants-de-4-et-5-ans\/","title":{"rendered":"\u00c9ducation pr\u00e9scolaire (maternelle 4 ans et maternelle 5 ans)"},"content":{"rendered":"<div data-elementor-type=\"wp-page\" data-elementor-id=\"4947\" class=\"elementor elementor-4947\" data-elementor-post-type=\"page\">\n\t\t\t\t\t\t<section class=\"elementor-section elementor-top-section elementor-element elementor-element-c42a70e elementor-section-boxed elementor-section-height-default elementor-section-height-default\" data-id=\"c42a70e\" data-element_type=\"section\" data-e-type=\"section\" data-settings=\"{&quot;jet_parallax_layout_list&quot;:[]}\">\n\t\t\t\t\t\t<div class=\"elementor-container elementor-column-gap-default\">\n\t\t\t\t\t<div class=\"elementor-column elementor-col-100 elementor-top-column elementor-element elementor-element-220a2fb\" data-id=\"220a2fb\" data-element_type=\"column\" data-e-type=\"column\">\n\t\t\t<div class=\"elementor-widget-wrap elementor-element-populated\">\n\t\t\t\t\t\t<div class=\"elementor-element elementor-element-bb0a121 elementor-widget elementor-widget-text-editor\" data-id=\"bb0a121\" data-element_type=\"widget\" data-e-type=\"widget\" data-widget_type=\"text-editor.default\">\n\t\t\t\t<div class=\"elementor-widget-container\">\n\t\t\t\t\t\t\t\t\t<p style=\"line-height: 1.6; margin-bottom: 2rem; font-family: &quot;Open Sans&quot;, sans-serif; color: rgb(85, 85, 85); font-size: medium; font-style: normal; font-weight: 400;\">Le Programme-cycle de l\u2019\u00e9ducation pr\u00e9scolaire s\u2019adresse aux enfants qui fr\u00e9quentent la maternelle 4 ans et la maternelle 5 ans. Il vise \u00e0 favoriser le d\u00e9veloppement global de tous les enfants et \u00e0 mettre en \u0153uvre des interventions pr\u00e9ventives pour r\u00e9pondre \u00e0 leurs besoins. Ce programme prescriptif constitue la r\u00e9f\u00e9rence p\u00e9dagogique et vise \u00e0 assurer la qualit\u00e9 \u00e9ducative. Il donne des pistes permettant d\u2019observer les enfants en vue d\u2019offrir des d\u00e9fis adapt\u00e9s \u00e0 leurs int\u00e9r\u00eats, \u00e0 leurs besoins et \u00e0 leurs capacit\u00e9s, d\u2019enrichir leurs exp\u00e9riences et de proposer un environnement ou des activit\u00e9s visant \u00e0 d\u00e9velopper leur plein potentiel.<\/p><p style=\"line-height: 1.6; margin-bottom: 2rem; font-family: &quot;Open Sans&quot;, sans-serif; color: rgb(85, 85, 85); font-size: medium; font-style: normal; font-weight: 400;\">En vue de la r\u00e9ussite \u00e9ducative, le mandat de l\u2019\u00e9ducation pr\u00e9scolaire est\u2009:<\/p><ul style=\"font-family: &quot;Open Sans&quot;, sans-serif; margin-bottom: 0.5rem; margin-left: 1rem; color: rgb(85, 85, 85); font-size: medium; font-style: normal; font-weight: 400;\"><li style=\"padding-top: 0.5rem; padding-left: 0.5rem; line-height: 1.6;\">de favoriser le d\u00e9veloppement global de tous les enfants :<\/li><\/ul><ul style=\"font-family: &quot;Open Sans&quot;, sans-serif; margin-bottom: 0.5rem; margin-left: 1rem; color: rgb(85, 85, 85); font-size: medium; font-style: normal; font-weight: 400;\"><li style=\"padding-top: 0.5rem; padding-left: 0.5rem; line-height: 1.6; list-style-type: none;\"><ul style=\"margin-bottom: 0.5rem; margin-left: 1rem; list-style-type: circle;\"><li style=\"padding-top: 0.5rem; padding-left: 0.5rem; line-height: 1.6;\">en offrant un milieu de vie s\u00e9curisant, bienveillant et inclusif,<\/li><li style=\"padding-top: 0.5rem; padding-left: 0.5rem; line-height: 1.6;\">en cultivant le plaisir d\u2019explorer, de d\u00e9couvrir et<br>d\u2019apprendre,<\/li><li style=\"padding-top: 0.5rem; padding-left: 0.5rem; line-height: 1.6;\">en mettant en place les bases de la scolarisation;<\/li><\/ul><\/li><\/ul><ul style=\"font-family: &quot;Open Sans&quot;, sans-serif; margin-bottom: 0.5rem; margin-left: 1rem; color: rgb(85, 85, 85); font-size: medium; font-style: normal; font-weight: 400;\"><li style=\"padding-top: 0.5rem; padding-left: 0.5rem; line-height: 1.6;\">de mettre en \u0153uvre des interventions pr\u00e9ventives :<\/li><\/ul><ul style=\"font-family: &quot;Open Sans&quot;, sans-serif; margin-bottom: 0.5rem; margin-left: 1rem; color: rgb(85, 85, 85); font-size: medium; font-style: normal; font-weight: 400;\"><li style=\"padding-top: 0.5rem; padding-left: 0.5rem; line-height: 1.6; list-style-type: none;\"><ul style=\"margin-bottom: 0.5rem; margin-left: 1rem; list-style-type: circle;\"><li style=\"padding-top: 0.5rem; padding-left: 0.5rem; line-height: 1.6;\">en procurant des activit\u00e9s de pr\u00e9vention universelle,<\/li><li style=\"padding-top: 0.5rem; padding-left: 0.5rem; line-height: 1.6;\">en procurant des activit\u00e9s de pr\u00e9vention cibl\u00e9e.<\/li><\/ul><\/li><\/ul><p style=\"line-height: 1.6; margin-bottom: 2rem; font-family: &quot;Open Sans&quot;, sans-serif; color: rgb(85, 85, 85); font-size: medium; font-style: normal; font-weight: 400;\"><span class=\"red-button\" style=\"display: inline-block;\"><a href=\"https:\/\/az184419.vo.msecnd.net\/emsb\/emsb-website\/fr\/docs\/2021-2022\/prescolaire-tableau-domaines-competences.pdf\" target=\"_blank\" rel=\"noopener\" style=\"background: rgb(199, 50, 62); color: rgb(255, 255, 255); font-family: inherit; display: inline-block; padding: 1em 1.5em; min-width: 100px; font-size: 1rem; transition: color 0.25s ease-in 0s, background-color 0.25s ease-in 0s, border-color 0.25s ease-in 0s; position: relative; text-align: center; border: none; margin-bottom: 2px;\">Domaines de d\u00e9veloppement, comp\u00e9tences, axes de d\u00e9veloppement et composantes<\/a><\/span><\/p><p style=\"line-height: 1.6; margin-bottom: 2rem; font-family: &quot;Open Sans&quot;, sans-serif; color: rgb(85, 85, 85); font-size: medium; font-style: normal; font-weight: 400;\"><span style=\"font-weight: bolder;\">Seules les \u00e9coles ci-dessous offrent des classes de pr\u00e9maternelle et de maternelle.<\/span><\/p>\t\t\t\t\t\t\t\t<\/div>\n\t\t\t\t<\/div>\n\t\t\t\t\t<\/div>\n\t\t<\/div>\n\t\t\t\t\t<\/div>\n\t\t<\/section>\n\t\t\t\t<\/div>","protected":false},"excerpt":{"rendered":"<p>The Preschool Cycle Program is intended for children who attend kindergarten for 4-year-olds and 5-year-olds. It aims to foster the global development of all children by taking preventive action to meet their needs. This program is a prescribed pedagogical reference designed to help ensure quality educational services. It provides avenues through which to observe the [&hellip;]<\/p>\n","protected":false},"author":3,"featured_media":0,"parent":0,"menu_order":0,"comment_status":"closed","ping_status":"closed","template":"","meta":{"site-sidebar-layout":"no-sidebar","site-content-layout":"page-builder","ast-site-content-layout":"default","site-content-style":"default","site-sidebar-style":"default","ast-global-header-display":"","ast-banner-title-visibility":"","ast-main-header-display":"","ast-hfb-above-header-display":"","ast-hfb-below-header-display":"","ast-hfb-mobile-header-display":"","site-post-title":"disabled","ast-breadcrumbs-content":"","ast-featured-img":"disabled","footer-sml-layout":"","ast-disable-related-posts":"","theme-transparent-header-meta":"default","adv-header-id-meta":"","stick-header-meta":"","header-above-stick-meta":"","header-main-stick-meta":"","header-below-stick-meta":"","astra-migrate-meta-layouts":"default","ast-page-background-enabled":"default","ast-page-background-meta":{"desktop":{"background-color":"var(--ast-global-color-4)","background-image":"","background-repeat":"repeat","background-position":"center center","background-size":"auto","background-attachment":"scroll","background-type":"","background-media":"","overlay-type":"","overlay-color":"","overlay-opacity":"","overlay-gradient":""},"tablet":{"background-color":"","background-image":"","background-repeat":"repeat","background-position":"center center","background-size":"auto","background-attachment":"scroll","background-type":"","background-media":"","overlay-type":"","overlay-color":"","overlay-opacity":"","overlay-gradient":""},"mobile":{"background-color":"","background-image":"","background-repeat":"repeat","background-position":"center center","background-size":"auto","background-attachment":"scroll","background-type":"","background-media":"","overlay-type":"","overlay-color":"","overlay-opacity":"","overlay-gradient":""}},"ast-content-background-meta":{"desktop":{"background-color":"var(--ast-global-color-5)","background-image":"","background-repeat":"repeat","background-position":"center center","background-size":"auto","background-attachment":"scroll","background-type":"","background-media":"","overlay-type":"","overlay-color":"","overlay-opacity":"","overlay-gradient":""},"tablet":{"background-color":"var(--ast-global-color-5)","background-image":"","background-repeat":"repeat","background-position":"center center","background-size":"auto","background-attachment":"scroll","background-type":"","background-media":"","overlay-type":"","overlay-color":"","overlay-opacity":"","overlay-gradient":""},"mobile":{"background-color":"var(--ast-global-color-5)","background-image":"","background-repeat":"repeat","background-position":"center center","background-size":"auto","background-attachment":"scroll","background-type":"","background-media":"","overlay-type":"","overlay-color":"","overlay-opacity":"","overlay-gradient":""}},"footnotes":""},"class_list":["post-4947","page","type-page","status-publish","hentry"],"yoast_head":"<!-- This site is optimized with the Yoast SEO plugin v27.3 - https:\/\/yoast.com\/product\/yoast-seo-wordpress\/ -->\n<title>Preschool Education (Kindergarten for 4-year-olds and 5-year-olds) - Hampstead Elementary School<\/title>\n<meta name=\"robots\" content=\"index, follow, max-snippet:-1, max-image-preview:large, max-video-preview:-1\" \/>\n<link rel=\"canonical\" href=\"https:\/\/hampstead.emsb.qc.ca\/fr\/education-prescolaire-jardin-denfants-pour-les-enfants-de-4-et-5-ans\/\" \/>\n<meta property=\"og:locale\" content=\"fr_FR\" \/>\n<meta property=\"og:type\" content=\"article\" \/>\n<meta property=\"og:title\" content=\"Preschool Education (Kindergarten for 4-year-olds and 5-year-olds) - Hampstead Elementary School\" \/>\n<meta property=\"og:description\" content=\"The Preschool Cycle Program is intended for children who attend kindergarten for 4-year-olds and 5-year-olds. It aims to foster the global development of all children by taking preventive action to meet their needs. This program is a prescribed pedagogical reference designed to help ensure quality educational services. It provides avenues through which to observe the [&hellip;]\" \/>\n<meta property=\"og:url\" content=\"https:\/\/hampstead.emsb.qc.ca\/fr\/education-prescolaire-jardin-denfants-pour-les-enfants-de-4-et-5-ans\/\" \/>\n<meta property=\"og:site_name\" content=\"Hampstead Elementary School\" \/>\n<meta property=\"article:modified_time\" content=\"2022-09-14T15:15:01+00:00\" \/>\n<meta name=\"twitter:card\" content=\"summary_large_image\" \/>\n<meta name=\"twitter:label1\" content=\"Dur\u00e9e de lecture estim\u00e9e\" \/>\n\t<meta name=\"twitter:data1\" content=\"1 minute\" \/>\n<script type=\"application\/ld+json\" class=\"yoast-schema-graph\">{\"@context\":\"https:\\\/\\\/schema.org\",\"@graph\":[{\"@type\":\"WebPage\",\"@id\":\"https:\\\/\\\/hampstead.emsb.qc.ca\\\/fr\\\/education-prescolaire-jardin-denfants-pour-les-enfants-de-4-et-5-ans\\\/\",\"url\":\"https:\\\/\\\/hampstead.emsb.qc.ca\\\/fr\\\/education-prescolaire-jardin-denfants-pour-les-enfants-de-4-et-5-ans\\\/\",\"name\":\"Preschool Education (Kindergarten for 4-year-olds and 5-year-olds) - Hampstead Elementary School\",\"isPartOf\":{\"@id\":\"https:\\\/\\\/hampstead.emsb.qc.ca\\\/#website\"},\"datePublished\":\"2022-09-14T15:14:26+00:00\",\"dateModified\":\"2022-09-14T15:15:01+00:00\",\"breadcrumb\":{\"@id\":\"https:\\\/\\\/hampstead.emsb.qc.ca\\\/fr\\\/education-prescolaire-jardin-denfants-pour-les-enfants-de-4-et-5-ans\\\/#breadcrumb\"},\"inLanguage\":\"fr-FR\",\"potentialAction\":[{\"@type\":\"ReadAction\",\"target\":[\"https:\\\/\\\/hampstead.emsb.qc.ca\\\/fr\\\/education-prescolaire-jardin-denfants-pour-les-enfants-de-4-et-5-ans\\\/\"]}]},{\"@type\":\"BreadcrumbList\",\"@id\":\"https:\\\/\\\/hampstead.emsb.qc.ca\\\/fr\\\/education-prescolaire-jardin-denfants-pour-les-enfants-de-4-et-5-ans\\\/#breadcrumb\",\"itemListElement\":[{\"@type\":\"ListItem\",\"position\":1,\"name\":\"Home\",\"item\":\"https:\\\/\\\/hampstead.emsb.qc.ca\\\/\"},{\"@type\":\"ListItem\",\"position\":2,\"name\":\"Preschool Education (Kindergarten for 4-year-olds and 5-year-olds)\"}]},{\"@type\":\"WebSite\",\"@id\":\"https:\\\/\\\/hampstead.emsb.qc.ca\\\/#website\",\"url\":\"https:\\\/\\\/hampstead.emsb.qc.ca\\\/\",\"name\":\"Hampstead Elementary School\",\"description\":\"Hampstead Elementary School\",\"publisher\":{\"@id\":\"https:\\\/\\\/hampstead.emsb.qc.ca\\\/#organization\"},\"potentialAction\":[{\"@type\":\"SearchAction\",\"target\":{\"@type\":\"EntryPoint\",\"urlTemplate\":\"https:\\\/\\\/hampstead.emsb.qc.ca\\\/?s={search_term_string}\"},\"query-input\":{\"@type\":\"PropertyValueSpecification\",\"valueRequired\":true,\"valueName\":\"search_term_string\"}}],\"inLanguage\":\"fr-FR\"},{\"@type\":\"Organization\",\"@id\":\"https:\\\/\\\/hampstead.emsb.qc.ca\\\/#organization\",\"name\":\"Hampstead Elementary School\",\"url\":\"https:\\\/\\\/hampstead.emsb.qc.ca\\\/\",\"logo\":{\"@type\":\"ImageObject\",\"inLanguage\":\"fr-FR\",\"@id\":\"https:\\\/\\\/hampstead.emsb.qc.ca\\\/#\\\/schema\\\/logo\\\/image\\\/\",\"url\":\"https:\\\/\\\/hampstead.emsb.qc.ca\\\/wp-content\\\/uploads\\\/sites\\\/2\\\/2022\\\/08\\\/hampstead-logo-large.png\",\"contentUrl\":\"https:\\\/\\\/hampstead.emsb.qc.ca\\\/wp-content\\\/uploads\\\/sites\\\/2\\\/2022\\\/08\\\/hampstead-logo-large.png\",\"width\":234,\"height\":269,\"caption\":\"Hampstead Elementary School\"},\"image\":{\"@id\":\"https:\\\/\\\/hampstead.emsb.qc.ca\\\/#\\\/schema\\\/logo\\\/image\\\/\"}}]}<\/script>\n<!-- \/ Yoast SEO plugin. -->","yoast_head_json":{"title":"\u00c9ducation pr\u00e9scolaire (maternelle pour les enfants de 4 et 5 ans) - \u00c9cole primaire de Hampstead","robots":{"index":"index","follow":"follow","max-snippet":"max-snippet:-1","max-image-preview":"max-image-preview:large","max-video-preview":"max-video-preview:-1"},"canonical":"https:\/\/hampstead.emsb.qc.ca\/fr\/education-prescolaire-jardin-denfants-pour-les-enfants-de-4-et-5-ans\/","og_locale":"fr_FR","og_type":"article","og_title":"Preschool Education (Kindergarten for 4-year-olds and 5-year-olds) - Hampstead Elementary School","og_description":"The Preschool Cycle Program is intended for children who attend kindergarten for 4-year-olds and 5-year-olds. It aims to foster the global development of all children by taking preventive action to meet their needs. This program is a prescribed pedagogical reference designed to help ensure quality educational services. It provides avenues through which to observe the [&hellip;]","og_url":"https:\/\/hampstead.emsb.qc.ca\/fr\/education-prescolaire-jardin-denfants-pour-les-enfants-de-4-et-5-ans\/","og_site_name":"Hampstead Elementary School","article_modified_time":"2022-09-14T15:15:01+00:00","twitter_card":"summary_large_image","twitter_misc":{"Dur\u00e9e de lecture estim\u00e9e":"1 minute"},"schema":{"@context":"https:\/\/schema.org","@graph":[{"@type":"WebPage","@id":"https:\/\/hampstead.emsb.qc.ca\/fr\/education-prescolaire-jardin-denfants-pour-les-enfants-de-4-et-5-ans\/","url":"https:\/\/hampstead.emsb.qc.ca\/fr\/education-prescolaire-jardin-denfants-pour-les-enfants-de-4-et-5-ans\/","name":"\u00c9ducation pr\u00e9scolaire (maternelle pour les enfants de 4 et 5 ans) - \u00c9cole primaire de Hampstead","isPartOf":{"@id":"https:\/\/hampstead.emsb.qc.ca\/#website"},"datePublished":"2022-09-14T15:14:26+00:00","dateModified":"2022-09-14T15:15:01+00:00","breadcrumb":{"@id":"https:\/\/hampstead.emsb.qc.ca\/fr\/education-prescolaire-jardin-denfants-pour-les-enfants-de-4-et-5-ans\/#breadcrumb"},"inLanguage":"fr-FR","potentialAction":[{"@type":"ReadAction","target":["https:\/\/hampstead.emsb.qc.ca\/fr\/education-prescolaire-jardin-denfants-pour-les-enfants-de-4-et-5-ans\/"]}]},{"@type":"BreadcrumbList","@id":"https:\/\/hampstead.emsb.qc.ca\/fr\/education-prescolaire-jardin-denfants-pour-les-enfants-de-4-et-5-ans\/#breadcrumb","itemListElement":[{"@type":"ListItem","position":1,"name":"Home","item":"https:\/\/hampstead.emsb.qc.ca\/"},{"@type":"ListItem","position":2,"name":"Preschool Education (Kindergarten for 4-year-olds and 5-year-olds)"}]},{"@type":"WebSite","@id":"https:\/\/hampstead.emsb.qc.ca\/#website","url":"https:\/\/hampstead.emsb.qc.ca\/","name":"\u00c9cole primaire Hampstead","description":"\u00c9cole primaire Hampstead","publisher":{"@id":"https:\/\/hampstead.emsb.qc.ca\/#organization"},"potentialAction":[{"@type":"SearchAction","target":{"@type":"EntryPoint","urlTemplate":"https:\/\/hampstead.emsb.qc.ca\/?s={search_term_string}"},"query-input":{"@type":"PropertyValueSpecification","valueRequired":true,"valueName":"search_term_string"}}],"inLanguage":"fr-FR"},{"@type":"Organization","@id":"https:\/\/hampstead.emsb.qc.ca\/#organization","name":"\u00c9cole primaire Hampstead","url":"https:\/\/hampstead.emsb.qc.ca\/","logo":{"@type":"ImageObject","inLanguage":"fr-FR","@id":"https:\/\/hampstead.emsb.qc.ca\/#\/schema\/logo\/image\/","url":"https:\/\/hampstead.emsb.qc.ca\/wp-content\/uploads\/sites\/2\/2022\/08\/hampstead-logo-large.png","contentUrl":"https:\/\/hampstead.emsb.qc.ca\/wp-content\/uploads\/sites\/2\/2022\/08\/hampstead-logo-large.png","width":234,"height":269,"caption":"Hampstead Elementary School"},"image":{"@id":"https:\/\/hampstead.emsb.qc.ca\/#\/schema\/logo\/image\/"}}]}},"_links":{"self":[{"href":"https:\/\/hampstead.emsb.qc.ca\/fr\/wp-json\/wp\/v2\/pages\/4947","targetHints":{"allow":["GET"]}}],"collection":[{"href":"https:\/\/hampstead.emsb.qc.ca\/fr\/wp-json\/wp\/v2\/pages"}],"about":[{"href":"https:\/\/hampstead.emsb.qc.ca\/fr\/wp-json\/wp\/v2\/types\/page"}],"author":[{"embeddable":true,"href":"https:\/\/hampstead.emsb.qc.ca\/fr\/wp-json\/wp\/v2\/users\/3"}],"replies":[{"embeddable":true,"href":"https:\/\/hampstead.emsb.qc.ca\/fr\/wp-json\/wp\/v2\/comments?post=4947"}],"version-history":[{"count":4,"href":"https:\/\/hampstead.emsb.qc.ca\/fr\/wp-json\/wp\/v2\/pages\/4947\/revisions"}],"predecessor-version":[{"id":4952,"href":"https:\/\/hampstead.emsb.qc.ca\/fr\/wp-json\/wp\/v2\/pages\/4947\/revisions\/4952"}],"wp:attachment":[{"href":"https:\/\/hampstead.emsb.qc.ca\/fr\/wp-json\/wp\/v2\/media?parent=4947"}],"curies":[{"name":"wp","href":"https:\/\/api.w.org\/{rel}","templated":true}]}}