
{"id":4940,"date":"2022-09-14T11:13:00","date_gmt":"2022-09-14T15:13:00","guid":{"rendered":"https:\/\/hampstead.emsbdev.com\/?page_id=4940"},"modified":"2022-09-14T11:13:41","modified_gmt":"2022-09-14T15:13:41","slug":"english-core","status":"publish","type":"page","link":"https:\/\/hampstead.emsb.qc.ca\/fr\/anglais-core\/","title":{"rendered":"Fran\u00e7ais de base"},"content":{"rendered":"<div data-elementor-type=\"wp-page\" data-elementor-id=\"4940\" class=\"elementor elementor-4940\" data-elementor-post-type=\"page\">\n\t\t\t\t\t\t<section class=\"elementor-section elementor-top-section elementor-element elementor-element-d938b06 elementor-section-boxed elementor-section-height-default elementor-section-height-default\" data-id=\"d938b06\" data-element_type=\"section\" data-e-type=\"section\" data-settings=\"{&quot;jet_parallax_layout_list&quot;:[]}\">\n\t\t\t\t\t\t<div class=\"elementor-container elementor-column-gap-default\">\n\t\t\t\t\t<div class=\"elementor-column elementor-col-100 elementor-top-column elementor-element elementor-element-6644ee8\" data-id=\"6644ee8\" data-element_type=\"column\" data-e-type=\"column\">\n\t\t\t<div class=\"elementor-widget-wrap elementor-element-populated\">\n\t\t\t\t\t\t<div class=\"elementor-element elementor-element-1cbc21b elementor-widget elementor-widget-text-editor\" data-id=\"1cbc21b\" data-element_type=\"widget\" data-e-type=\"widget\" data-widget_type=\"text-editor.default\">\n\t\t\t\t<div class=\"elementor-widget-container\">\n\t\t\t\t\t\t\t\t\t<p style=\"line-height: 1.6; margin-bottom: 2rem; font-family: &quot;Open Sans&quot;, sans-serif; color: rgb(85, 85, 85); font-size: medium; font-style: normal; font-weight: 400;\">Toutes les \u00e9coles primaires de la Commission scolaire English-Montr\u00e9al offrent diff\u00e9rents mod\u00e8les d'enseignement en fran\u00e7ais reconnus par le Programme de formation de l'\u00e9cole qu\u00e9b\u00e9coise. Selon les \u00e9tudes, le bilinguisme pr\u00e9sente de nombreux avantages cognitifs, outre la connaissance de deux langues. Les personnes bilingues font preuve d'une plus grande \u00e9lasticit\u00e9 de pens\u00e9e, de pens\u00e9e cr\u00e9ative, d'une plus grande conscience m\u00e9talinguistique et d'une sensibilit\u00e9 communicative accrue.<\/p><p style=\"line-height: 1.6; margin-bottom: 2rem; font-family: &quot;Open Sans&quot;, sans-serif; color: rgb(85, 85, 85); font-size: medium; font-style: normal; font-weight: 400;\">Dans le programme de fran\u00e7ais de base, 68 % du temps quotidien est consacr\u00e9 \u00e0 un enseignement dispens\u00e9 en anglais, et 32 %, en fran\u00e7ais.<\/p>\t\t\t\t\t\t\t\t<\/div>\n\t\t\t\t<\/div>\n\t\t\t\t\t<\/div>\n\t\t<\/div>\n\t\t\t\t\t<\/div>\n\t\t<\/section>\n\t\t\t\t<\/div>","protected":false},"excerpt":{"rendered":"<p>All elementary schools across the English Montreal School Board offer various levels of French language instruction integrated within the Qu\u00e9bec Education Program. Research shows that bilingualism has many cognitive benefits that go beyond those of language acquisition such as heightened mental flexibility, creative thinking skills, enhanced metalinguistic awareness as well as greater communicative sensitivity. The [&hellip;]<\/p>\n","protected":false},"author":3,"featured_media":0,"parent":0,"menu_order":0,"comment_status":"closed","ping_status":"closed","template":"","meta":{"site-sidebar-layout":"no-sidebar","site-content-layout":"page-builder","ast-site-content-layout":"default","site-content-style":"default","site-sidebar-style":"default","ast-global-header-display":"","ast-banner-title-visibility":"","ast-main-header-display":"","ast-hfb-above-header-display":"","ast-hfb-below-header-display":"","ast-hfb-mobile-header-display":"","site-post-title":"disabled","ast-breadcrumbs-content":"","ast-featured-img":"disabled","footer-sml-layout":"","ast-disable-related-posts":"","theme-transparent-header-meta":"default","adv-header-id-meta":"","stick-header-meta":"","header-above-stick-meta":"","header-main-stick-meta":"","header-below-stick-meta":"","astra-migrate-meta-layouts":"default","ast-page-background-enabled":"default","ast-page-background-meta":{"desktop":{"background-color":"var(--ast-global-color-4)","background-image":"","background-repeat":"repeat","background-position":"center center","background-size":"auto","background-attachment":"scroll","background-type":"","background-media":"","overlay-type":"","overlay-color":"","overlay-opacity":"","overlay-gradient":""},"tablet":{"background-color":"","background-image":"","background-repeat":"repeat","background-position":"center center","background-size":"auto","background-attachment":"scroll","background-type":"","background-media":"","overlay-type":"","overlay-color":"","overlay-opacity":"","overlay-gradient":""},"mobile":{"background-color":"","background-image":"","background-repeat":"repeat","background-position":"center center","background-size":"auto","background-attachment":"scroll","background-type":"","background-media":"","overlay-type":"","overlay-color":"","overlay-opacity":"","overlay-gradient":""}},"ast-content-background-meta":{"desktop":{"background-color":"var(--ast-global-color-5)","background-image":"","background-repeat":"repeat","background-position":"center center","background-size":"auto","background-attachment":"scroll","background-type":"","background-media":"","overlay-type":"","overlay-color":"","overlay-opacity":"","overlay-gradient":""},"tablet":{"background-color":"var(--ast-global-color-5)","background-image":"","background-repeat":"repeat","background-position":"center center","background-size":"auto","background-attachment":"scroll","background-type":"","background-media":"","overlay-type":"","overlay-color":"","overlay-opacity":"","overlay-gradient":""},"mobile":{"background-color":"var(--ast-global-color-5)","background-image":"","background-repeat":"repeat","background-position":"center center","background-size":"auto","background-attachment":"scroll","background-type":"","background-media":"","overlay-type":"","overlay-color":"","overlay-opacity":"","overlay-gradient":""}},"footnotes":""},"class_list":["post-4940","page","type-page","status-publish","hentry"],"yoast_head":"<!-- This site is optimized with the Yoast SEO plugin v27.5 - https:\/\/yoast.com\/product\/yoast-seo-wordpress\/ -->\n<title>English Core - Hampstead Elementary School<\/title>\n<meta name=\"robots\" content=\"index, follow, max-snippet:-1, max-image-preview:large, max-video-preview:-1\" \/>\n<link rel=\"canonical\" href=\"https:\/\/hampstead.emsb.qc.ca\/fr\/anglais-core\/\" \/>\n<meta property=\"og:locale\" content=\"fr_FR\" \/>\n<meta property=\"og:type\" content=\"article\" \/>\n<meta property=\"og:title\" content=\"English Core - Hampstead Elementary School\" \/>\n<meta property=\"og:description\" content=\"All elementary schools across the English Montreal School Board offer various levels of French language instruction integrated within the Qu\u00e9bec Education Program. Research shows that bilingualism has many cognitive benefits that go beyond those of language acquisition such as heightened mental flexibility, creative thinking skills, enhanced metalinguistic awareness as well as greater communicative sensitivity. The [&hellip;]\" \/>\n<meta property=\"og:url\" content=\"https:\/\/hampstead.emsb.qc.ca\/fr\/anglais-core\/\" \/>\n<meta property=\"og:site_name\" content=\"Hampstead Elementary School\" \/>\n<meta property=\"article:modified_time\" content=\"2022-09-14T15:13:41+00:00\" \/>\n<meta name=\"twitter:card\" content=\"summary_large_image\" \/>\n<script type=\"application\/ld+json\" class=\"yoast-schema-graph\">{\"@context\":\"https:\\\/\\\/schema.org\",\"@graph\":[{\"@type\":\"WebPage\",\"@id\":\"https:\\\/\\\/hampstead.emsb.qc.ca\\\/english-core\\\/\",\"url\":\"https:\\\/\\\/hampstead.emsb.qc.ca\\\/english-core\\\/\",\"name\":\"English Core - Hampstead Elementary School\",\"isPartOf\":{\"@id\":\"https:\\\/\\\/hampstead.emsb.qc.ca\\\/#website\"},\"datePublished\":\"2022-09-14T15:13:00+00:00\",\"dateModified\":\"2022-09-14T15:13:41+00:00\",\"breadcrumb\":{\"@id\":\"https:\\\/\\\/hampstead.emsb.qc.ca\\\/english-core\\\/#breadcrumb\"},\"inLanguage\":\"fr-FR\",\"potentialAction\":[{\"@type\":\"ReadAction\",\"target\":[\"https:\\\/\\\/hampstead.emsb.qc.ca\\\/english-core\\\/\"]}]},{\"@type\":\"BreadcrumbList\",\"@id\":\"https:\\\/\\\/hampstead.emsb.qc.ca\\\/english-core\\\/#breadcrumb\",\"itemListElement\":[{\"@type\":\"ListItem\",\"position\":1,\"name\":\"Home\",\"item\":\"https:\\\/\\\/hampstead.emsb.qc.ca\\\/\"},{\"@type\":\"ListItem\",\"position\":2,\"name\":\"English Core\"}]},{\"@type\":\"WebSite\",\"@id\":\"https:\\\/\\\/hampstead.emsb.qc.ca\\\/#website\",\"url\":\"https:\\\/\\\/hampstead.emsb.qc.ca\\\/\",\"name\":\"Hampstead Elementary School\",\"description\":\"Hampstead Elementary School\",\"publisher\":{\"@id\":\"https:\\\/\\\/hampstead.emsb.qc.ca\\\/#organization\"},\"potentialAction\":[{\"@type\":\"SearchAction\",\"target\":{\"@type\":\"EntryPoint\",\"urlTemplate\":\"https:\\\/\\\/hampstead.emsb.qc.ca\\\/?s={search_term_string}\"},\"query-input\":{\"@type\":\"PropertyValueSpecification\",\"valueRequired\":true,\"valueName\":\"search_term_string\"}}],\"inLanguage\":\"fr-FR\"},{\"@type\":\"Organization\",\"@id\":\"https:\\\/\\\/hampstead.emsb.qc.ca\\\/#organization\",\"name\":\"Hampstead Elementary School\",\"url\":\"https:\\\/\\\/hampstead.emsb.qc.ca\\\/\",\"logo\":{\"@type\":\"ImageObject\",\"inLanguage\":\"fr-FR\",\"@id\":\"https:\\\/\\\/hampstead.emsb.qc.ca\\\/#\\\/schema\\\/logo\\\/image\\\/\",\"url\":\"https:\\\/\\\/hampstead.emsb.qc.ca\\\/wp-content\\\/uploads\\\/sites\\\/2\\\/2022\\\/08\\\/hampstead-logo-large.png\",\"contentUrl\":\"https:\\\/\\\/hampstead.emsb.qc.ca\\\/wp-content\\\/uploads\\\/sites\\\/2\\\/2022\\\/08\\\/hampstead-logo-large.png\",\"width\":234,\"height\":269,\"caption\":\"Hampstead Elementary School\"},\"image\":{\"@id\":\"https:\\\/\\\/hampstead.emsb.qc.ca\\\/#\\\/schema\\\/logo\\\/image\\\/\"}}]}<\/script>\n<!-- \/ Yoast SEO plugin. -->","yoast_head_json":{"title":"Anglais de base - \u00c9cole primaire de Hampstead","robots":{"index":"index","follow":"follow","max-snippet":"max-snippet:-1","max-image-preview":"max-image-preview:large","max-video-preview":"max-video-preview:-1"},"canonical":"https:\/\/hampstead.emsb.qc.ca\/fr\/anglais-core\/","og_locale":"fr_FR","og_type":"article","og_title":"English Core - Hampstead Elementary School","og_description":"All elementary schools across the English Montreal School Board offer various levels of French language instruction integrated within the Qu\u00e9bec Education Program. Research shows that bilingualism has many cognitive benefits that go beyond those of language acquisition such as heightened mental flexibility, creative thinking skills, enhanced metalinguistic awareness as well as greater communicative sensitivity. The [&hellip;]","og_url":"https:\/\/hampstead.emsb.qc.ca\/fr\/anglais-core\/","og_site_name":"Hampstead Elementary School","article_modified_time":"2022-09-14T15:13:41+00:00","twitter_card":"summary_large_image","schema":{"@context":"https:\/\/schema.org","@graph":[{"@type":"WebPage","@id":"https:\/\/hampstead.emsb.qc.ca\/english-core\/","url":"https:\/\/hampstead.emsb.qc.ca\/english-core\/","name":"Anglais de base - \u00c9cole primaire de Hampstead","isPartOf":{"@id":"https:\/\/hampstead.emsb.qc.ca\/#website"},"datePublished":"2022-09-14T15:13:00+00:00","dateModified":"2022-09-14T15:13:41+00:00","breadcrumb":{"@id":"https:\/\/hampstead.emsb.qc.ca\/english-core\/#breadcrumb"},"inLanguage":"fr-FR","potentialAction":[{"@type":"ReadAction","target":["https:\/\/hampstead.emsb.qc.ca\/english-core\/"]}]},{"@type":"BreadcrumbList","@id":"https:\/\/hampstead.emsb.qc.ca\/english-core\/#breadcrumb","itemListElement":[{"@type":"ListItem","position":1,"name":"Home","item":"https:\/\/hampstead.emsb.qc.ca\/"},{"@type":"ListItem","position":2,"name":"English Core"}]},{"@type":"WebSite","@id":"https:\/\/hampstead.emsb.qc.ca\/#website","url":"https:\/\/hampstead.emsb.qc.ca\/","name":"\u00c9cole primaire Hampstead","description":"\u00c9cole primaire Hampstead","publisher":{"@id":"https:\/\/hampstead.emsb.qc.ca\/#organization"},"potentialAction":[{"@type":"SearchAction","target":{"@type":"EntryPoint","urlTemplate":"https:\/\/hampstead.emsb.qc.ca\/?s={search_term_string}"},"query-input":{"@type":"PropertyValueSpecification","valueRequired":true,"valueName":"search_term_string"}}],"inLanguage":"fr-FR"},{"@type":"Organization","@id":"https:\/\/hampstead.emsb.qc.ca\/#organization","name":"\u00c9cole primaire Hampstead","url":"https:\/\/hampstead.emsb.qc.ca\/","logo":{"@type":"ImageObject","inLanguage":"fr-FR","@id":"https:\/\/hampstead.emsb.qc.ca\/#\/schema\/logo\/image\/","url":"https:\/\/hampstead.emsb.qc.ca\/wp-content\/uploads\/sites\/2\/2022\/08\/hampstead-logo-large.png","contentUrl":"https:\/\/hampstead.emsb.qc.ca\/wp-content\/uploads\/sites\/2\/2022\/08\/hampstead-logo-large.png","width":234,"height":269,"caption":"Hampstead Elementary School"},"image":{"@id":"https:\/\/hampstead.emsb.qc.ca\/#\/schema\/logo\/image\/"}}]}},"_links":{"self":[{"href":"https:\/\/hampstead.emsb.qc.ca\/fr\/wp-json\/wp\/v2\/pages\/4940","targetHints":{"allow":["GET"]}}],"collection":[{"href":"https:\/\/hampstead.emsb.qc.ca\/fr\/wp-json\/wp\/v2\/pages"}],"about":[{"href":"https:\/\/hampstead.emsb.qc.ca\/fr\/wp-json\/wp\/v2\/types\/page"}],"author":[{"embeddable":true,"href":"https:\/\/hampstead.emsb.qc.ca\/fr\/wp-json\/wp\/v2\/users\/3"}],"replies":[{"embeddable":true,"href":"https:\/\/hampstead.emsb.qc.ca\/fr\/wp-json\/wp\/v2\/comments?post=4940"}],"version-history":[{"count":4,"href":"https:\/\/hampstead.emsb.qc.ca\/fr\/wp-json\/wp\/v2\/pages\/4940\/revisions"}],"predecessor-version":[{"id":4944,"href":"https:\/\/hampstead.emsb.qc.ca\/fr\/wp-json\/wp\/v2\/pages\/4940\/revisions\/4944"}],"wp:attachment":[{"href":"https:\/\/hampstead.emsb.qc.ca\/fr\/wp-json\/wp\/v2\/media?parent=4940"}],"curies":[{"name":"wp","href":"https:\/\/api.w.org\/{rel}","templated":true}]}}