
{"id":4931,"date":"2022-09-14T11:11:31","date_gmt":"2022-09-14T15:11:31","guid":{"rendered":"https:\/\/hampstead.emsbdev.com\/?page_id=4931"},"modified":"2022-09-14T11:12:19","modified_gmt":"2022-09-14T15:12:19","slug":"elementary-education-program","status":"publish","type":"page","link":"https:\/\/hampstead.emsb.qc.ca\/fr\/programme-denseignement-elementaire\/","title":{"rendered":"Programme d'enseignement primaire"},"content":{"rendered":"<div data-elementor-type=\"wp-page\" data-elementor-id=\"4931\" class=\"elementor elementor-4931\" data-elementor-post-type=\"page\">\n\t\t\t\t\t\t<section class=\"elementor-section elementor-top-section elementor-element elementor-element-f7b4725 elementor-section-boxed elementor-section-height-default elementor-section-height-default\" data-id=\"f7b4725\" data-element_type=\"section\" data-e-type=\"section\" data-settings=\"{&quot;jet_parallax_layout_list&quot;:[]}\">\n\t\t\t\t\t\t<div class=\"elementor-container elementor-column-gap-default\">\n\t\t\t\t\t<div class=\"elementor-column elementor-col-100 elementor-top-column elementor-element elementor-element-f381bf7\" data-id=\"f381bf7\" data-element_type=\"column\" data-e-type=\"column\">\n\t\t\t<div class=\"elementor-widget-wrap elementor-element-populated\">\n\t\t\t\t\t\t<div class=\"elementor-element elementor-element-c6cfa2a elementor-widget elementor-widget-text-editor\" data-id=\"c6cfa2a\" data-element_type=\"widget\" data-e-type=\"widget\" data-widget_type=\"text-editor.default\">\n\t\t\t\t<div class=\"elementor-widget-container\">\n\t\t\t\t\t\t\t\t\t<p style=\"line-height: 1.6; margin-bottom: 2rem; font-family: &quot;Open Sans&quot;, sans-serif; color: rgb(85, 85, 85); font-size: medium; font-style: normal; font-weight: 400;\">Le&nbsp;<a href=\"http:\/\/www.education.gouv.qc.ca\/en\/teachers\/quebec-education-program\/\" target=\"_blank\" rel=\"noopener\" title=\"Le lien externe MEES s&#039;ouvre sur une nouvelle page\" style=\"color: rgb(199, 50, 62);\">Programme de formation de l\u2019\u00e9cole qu\u00e9b\u00e9coise (PFEQ)<\/a>&nbsp;r\u00e9partit l\u2019enseignement primaire en trois cycles de deux ans ax\u00e9s sur le d\u00e9veloppement de comp\u00e9tences \u00e0 long terme. Ce cadre de formation s\u2019adapte au rythme d\u2019apprentissage des \u00e9l\u00e8ves et favorise la diff\u00e9renciation p\u00e9dagogique.<\/p><p style=\"line-height: 1.6; margin-bottom: 2rem; font-family: &quot;Open Sans&quot;, sans-serif; color: rgb(85, 85, 85); font-size: medium; font-style: normal; font-weight: 400;\"><span style=\"font-weight: bolder;\">Le PFEQ est con\u00e7u comme un syst\u00e8me qui s\u2019articule autour de trois \u00e9l\u00e9ments int\u00e9gratifs : domaines g\u00e9n\u00e9raux de formation, comp\u00e9tences transversales et domaines d\u2019apprentissage disciplinaires.<\/span>&nbsp;Sa structure vise \u00e0 faciliter l'\u00e9tablissement de liens entre les diff\u00e9rentes composantes p\u00e9dagogiques.<\/p><p style=\"line-height: 1.6; margin-bottom: 2rem; font-family: &quot;Open Sans&quot;, sans-serif; color: rgb(85, 85, 85); font-size: medium; font-style: normal; font-weight: 400;\">Le programme d\u2019enseignement primaire comprend&nbsp;<span style=\"font-weight: bolder;\">14 disciplines scolaires group\u00e9es sous cinq domaines d\u2019apprentissage :<\/span><\/p><ul style=\"font-family: &quot;Open Sans&quot;, sans-serif; margin-bottom: 0.5rem; margin-left: 1rem; color: rgb(85, 85, 85); font-size: medium; font-style: normal; font-weight: 400;\"><li style=\"padding-top: 0.5rem; padding-left: 0.5rem; line-height: 1.6;\">Langues<\/li><li style=\"padding-top: 0.5rem; padding-left: 0.5rem; line-height: 1.6;\">Math\u00e9matique, science et technologie<\/li><li style=\"padding-top: 0.5rem; padding-left: 0.5rem; line-height: 1.6;\">Arts<\/li><li style=\"padding-top: 0.5rem; padding-left: 0.5rem; line-height: 1.6;\">D\u00e9veloppement de la personne<\/li><li style=\"padding-top: 0.5rem; padding-left: 0.5rem; line-height: 1.6;\">Univers social<\/li><\/ul><p style=\"line-height: 1.6; margin-bottom: 2rem; font-family: &quot;Open Sans&quot;, sans-serif; color: rgb(85, 85, 85); font-size: medium; font-style: normal; font-weight: 400;\"><span style=\"font-weight: bolder;\">Les domaines g\u00e9n\u00e9raux de formation<\/span>&nbsp;am\u00e8nent les \u00e9l\u00e8ves \u00e0 \u00e9tablir des liens entre leurs apprentissages scolaires&nbsp;<g class=\"gr_ gr_40 gr-alert gr_gramm gr_inline_cards gr_run_anim Grammar multiReplace\" id=\"40\" data-gr-id=\"40\">et leur vie quotidienne<\/g>&nbsp;, leur offrant l\u2019occasion de mieux comprendre diff\u00e9rents contextes de vie. Le PFEQ compte cinq domaines g\u00e9n\u00e9raux de formation :<\/p><ul style=\"font-family: &quot;Open Sans&quot;, sans-serif; margin-bottom: 0.5rem; margin-left: 1rem; color: rgb(85, 85, 85); font-size: medium; font-style: normal; font-weight: 400;\"><li style=\"padding-top: 0.5rem; padding-left: 0.5rem; line-height: 1.6;\">Sant\u00e9 et bien-\u00eatre<\/li><li style=\"padding-top: 0.5rem; padding-left: 0.5rem; line-height: 1.6;\">Orientation et entrepreneuriat<\/li><li style=\"padding-top: 0.5rem; padding-left: 0.5rem; line-height: 1.6;\">Environnement et consommation<\/li><li style=\"padding-top: 0.5rem; padding-left: 0.5rem; line-height: 1.6;\">M\u00e9dias<\/li><li style=\"padding-top: 0.5rem; padding-left: 0.5rem; line-height: 1.6;\">Vivre-ensemble et citoyennet\u00e9<\/li><\/ul><p style=\"line-height: 1.6; margin-bottom: 2rem; font-family: &quot;Open Sans&quot;, sans-serif; color: rgb(85, 85, 85); font-size: medium; font-style: normal; font-weight: 400;\"><span style=\"font-weight: bolder;\">Les comp\u00e9tences transversales repr\u00e9sentent des buts communs \u00e0 l\u2019ensemble du curriculum.&nbsp;<\/span>Elles se d\u00e9ploient \u00e0 travers les divers domaines g\u00e9n\u00e9raux de formation et sont \u00e9troitement li\u00e9es aux domaines d\u2019apprentissage. Le PFEQ comprend neuf comp\u00e9tences transversales r\u00e9unies en quatre cat\u00e9gories :<\/p><ul style=\"font-family: &quot;Open Sans&quot;, sans-serif; margin-bottom: 0.5rem; margin-left: 1rem; color: rgb(85, 85, 85); font-size: medium; font-style: normal; font-weight: 400;\"><li style=\"padding-top: 0.5rem; padding-left: 0.5rem; line-height: 1.6;\">Ordre intellectuel : exploiter&nbsp;<g class=\"gr_ gr_39 gr-alert gr_gramm gr_inline_cards gr_run_anim Grammar only-ins replaceWithoutSep\" id=\"39\" data-gr-id=\"39\">l'information<\/g>&nbsp;; r\u00e9soudre des probl\u00e8mes; exercer son jugement critique; mettre en \u0153uvre sa pens\u00e9e cr\u00e9atrice<\/li><li style=\"padding-top: 0.5rem; padding-left: 0.5rem; line-height: 1.6;\">Ordre m\u00e9thodologique : se donner des m\u00e9thodes de travail efficaces; exploiter les technologies de l\u2019information et de la communication<\/li><li style=\"padding-top: 0.5rem; padding-left: 0.5rem; line-height: 1.6;\">Ordre personnel et social : structurer son identit\u00e9; coop\u00e9rer<\/li><li style=\"padding-top: 0.5rem; padding-left: 0.5rem; line-height: 1.6;\">Ordre de la communication : communiquer de fa\u00e7on appropri\u00e9e<\/li><\/ul><p style=\"line-height: 1.6; margin-bottom: 2rem; font-family: &quot;Open Sans&quot;, sans-serif; color: rgb(85, 85, 85); font-size: medium; font-style: normal; font-weight: 400;\">La progression des apprentissages constitue un compl\u00e9ment \u00e0 chaque programme disciplinaire en apportant des pr\u00e9cisions sur les connaissances (savoirs essentiels) que les \u00e9l\u00e8ves doivent acqu\u00e9rir et \u00eatre capables d\u2019utiliser chaque ann\u00e9e du primaire. Il s\u2019agit d\u2019un outil qui est mis \u00e0 la disposition des enseignants pour les aider \u00e0 planifier leur enseignement et les apprentissages que feront leurs \u00e9l\u00e8ves.<\/p>\t\t\t\t\t\t\t\t<\/div>\n\t\t\t\t<\/div>\n\t\t\t\t\t<\/div>\n\t\t<\/div>\n\t\t\t\t\t<\/div>\n\t\t<\/section>\n\t\t\t\t<\/div>","protected":false},"excerpt":{"rendered":"<p>The&nbsp;Quebec Education Program (Q.E.P.)&nbsp;divides elementary education into three two-year cycles. This organizational model takes into account the need for a long-term approach in developing competencies. It corresponds better to the students\u2019 learning rate and permits more differentiated teaching practices. The Q.E.P. is designed as a system with three integrating elements: broad areas of learning, cross-curricular [&hellip;]<\/p>\n","protected":false},"author":3,"featured_media":0,"parent":0,"menu_order":0,"comment_status":"closed","ping_status":"closed","template":"","meta":{"site-sidebar-layout":"no-sidebar","site-content-layout":"page-builder","ast-site-content-layout":"default","site-content-style":"default","site-sidebar-style":"default","ast-global-header-display":"","ast-banner-title-visibility":"","ast-main-header-display":"","ast-hfb-above-header-display":"","ast-hfb-below-header-display":"","ast-hfb-mobile-header-display":"","site-post-title":"disabled","ast-breadcrumbs-content":"","ast-featured-img":"disabled","footer-sml-layout":"","ast-disable-related-posts":"","theme-transparent-header-meta":"default","adv-header-id-meta":"","stick-header-meta":"","header-above-stick-meta":"","header-main-stick-meta":"","header-below-stick-meta":"","astra-migrate-meta-layouts":"default","ast-page-background-enabled":"default","ast-page-background-meta":{"desktop":{"background-color":"var(--ast-global-color-4)","background-image":"","background-repeat":"repeat","background-position":"center center","background-size":"auto","background-attachment":"scroll","background-type":"","background-media":"","overlay-type":"","overlay-color":"","overlay-opacity":"","overlay-gradient":""},"tablet":{"background-color":"","background-image":"","background-repeat":"repeat","background-position":"center center","background-size":"auto","background-attachment":"scroll","background-type":"","background-media":"","overlay-type":"","overlay-color":"","overlay-opacity":"","overlay-gradient":""},"mobile":{"background-color":"","background-image":"","background-repeat":"repeat","background-position":"center center","background-size":"auto","background-attachment":"scroll","background-type":"","background-media":"","overlay-type":"","overlay-color":"","overlay-opacity":"","overlay-gradient":""}},"ast-content-background-meta":{"desktop":{"background-color":"var(--ast-global-color-5)","background-image":"","background-repeat":"repeat","background-position":"center center","background-size":"auto","background-attachment":"scroll","background-type":"","background-media":"","overlay-type":"","overlay-color":"","overlay-opacity":"","overlay-gradient":""},"tablet":{"background-color":"var(--ast-global-color-5)","background-image":"","background-repeat":"repeat","background-position":"center center","background-size":"auto","background-attachment":"scroll","background-type":"","background-media":"","overlay-type":"","overlay-color":"","overlay-opacity":"","overlay-gradient":""},"mobile":{"background-color":"var(--ast-global-color-5)","background-image":"","background-repeat":"repeat","background-position":"center center","background-size":"auto","background-attachment":"scroll","background-type":"","background-media":"","overlay-type":"","overlay-color":"","overlay-opacity":"","overlay-gradient":""}},"footnotes":""},"class_list":["post-4931","page","type-page","status-publish","hentry"],"yoast_head":"<!-- This site is optimized with the Yoast SEO plugin v27.3 - https:\/\/yoast.com\/product\/yoast-seo-wordpress\/ -->\n<title>Elementary Education Program - Hampstead Elementary School<\/title>\n<meta name=\"robots\" content=\"index, follow, max-snippet:-1, max-image-preview:large, max-video-preview:-1\" \/>\n<link rel=\"canonical\" href=\"https:\/\/hampstead.emsb.qc.ca\/fr\/programme-denseignement-elementaire\/\" \/>\n<meta property=\"og:locale\" content=\"fr_FR\" \/>\n<meta property=\"og:type\" content=\"article\" \/>\n<meta property=\"og:title\" content=\"Elementary Education Program - Hampstead Elementary School\" \/>\n<meta property=\"og:description\" content=\"The&nbsp;Quebec Education Program (Q.E.P.)&nbsp;divides elementary education into three two-year cycles. This organizational model takes into account the need for a long-term approach in developing competencies. It corresponds better to the students\u2019 learning rate and permits more differentiated teaching practices. The Q.E.P. is designed as a system with three integrating elements: broad areas of learning, cross-curricular [&hellip;]\" \/>\n<meta property=\"og:url\" content=\"https:\/\/hampstead.emsb.qc.ca\/fr\/programme-denseignement-elementaire\/\" \/>\n<meta property=\"og:site_name\" content=\"Hampstead Elementary School\" \/>\n<meta property=\"article:modified_time\" content=\"2022-09-14T15:12:19+00:00\" \/>\n<meta name=\"twitter:card\" content=\"summary_large_image\" \/>\n<meta name=\"twitter:label1\" content=\"Dur\u00e9e de lecture estim\u00e9e\" \/>\n\t<meta name=\"twitter:data1\" content=\"2 minutes\" \/>\n<script type=\"application\/ld+json\" class=\"yoast-schema-graph\">{\"@context\":\"https:\\\/\\\/schema.org\",\"@graph\":[{\"@type\":\"WebPage\",\"@id\":\"https:\\\/\\\/hampstead.emsb.qc.ca\\\/elementary-education-program\\\/\",\"url\":\"https:\\\/\\\/hampstead.emsb.qc.ca\\\/elementary-education-program\\\/\",\"name\":\"Elementary Education Program - Hampstead Elementary School\",\"isPartOf\":{\"@id\":\"https:\\\/\\\/hampstead.emsb.qc.ca\\\/#website\"},\"datePublished\":\"2022-09-14T15:11:31+00:00\",\"dateModified\":\"2022-09-14T15:12:19+00:00\",\"breadcrumb\":{\"@id\":\"https:\\\/\\\/hampstead.emsb.qc.ca\\\/elementary-education-program\\\/#breadcrumb\"},\"inLanguage\":\"fr-FR\",\"potentialAction\":[{\"@type\":\"ReadAction\",\"target\":[\"https:\\\/\\\/hampstead.emsb.qc.ca\\\/elementary-education-program\\\/\"]}]},{\"@type\":\"BreadcrumbList\",\"@id\":\"https:\\\/\\\/hampstead.emsb.qc.ca\\\/elementary-education-program\\\/#breadcrumb\",\"itemListElement\":[{\"@type\":\"ListItem\",\"position\":1,\"name\":\"Home\",\"item\":\"https:\\\/\\\/hampstead.emsb.qc.ca\\\/\"},{\"@type\":\"ListItem\",\"position\":2,\"name\":\"Elementary Education Program\"}]},{\"@type\":\"WebSite\",\"@id\":\"https:\\\/\\\/hampstead.emsb.qc.ca\\\/#website\",\"url\":\"https:\\\/\\\/hampstead.emsb.qc.ca\\\/\",\"name\":\"Hampstead Elementary School\",\"description\":\"Hampstead Elementary School\",\"publisher\":{\"@id\":\"https:\\\/\\\/hampstead.emsb.qc.ca\\\/#organization\"},\"potentialAction\":[{\"@type\":\"SearchAction\",\"target\":{\"@type\":\"EntryPoint\",\"urlTemplate\":\"https:\\\/\\\/hampstead.emsb.qc.ca\\\/?s={search_term_string}\"},\"query-input\":{\"@type\":\"PropertyValueSpecification\",\"valueRequired\":true,\"valueName\":\"search_term_string\"}}],\"inLanguage\":\"fr-FR\"},{\"@type\":\"Organization\",\"@id\":\"https:\\\/\\\/hampstead.emsb.qc.ca\\\/#organization\",\"name\":\"Hampstead Elementary School\",\"url\":\"https:\\\/\\\/hampstead.emsb.qc.ca\\\/\",\"logo\":{\"@type\":\"ImageObject\",\"inLanguage\":\"fr-FR\",\"@id\":\"https:\\\/\\\/hampstead.emsb.qc.ca\\\/#\\\/schema\\\/logo\\\/image\\\/\",\"url\":\"https:\\\/\\\/hampstead.emsb.qc.ca\\\/wp-content\\\/uploads\\\/sites\\\/2\\\/2022\\\/08\\\/hampstead-logo-large.png\",\"contentUrl\":\"https:\\\/\\\/hampstead.emsb.qc.ca\\\/wp-content\\\/uploads\\\/sites\\\/2\\\/2022\\\/08\\\/hampstead-logo-large.png\",\"width\":234,\"height\":269,\"caption\":\"Hampstead Elementary School\"},\"image\":{\"@id\":\"https:\\\/\\\/hampstead.emsb.qc.ca\\\/#\\\/schema\\\/logo\\\/image\\\/\"}}]}<\/script>\n<!-- \/ Yoast SEO plugin. -->","yoast_head_json":{"title":"Programme d'enseignement primaire - \u00c9cole primaire de Hampstead","robots":{"index":"index","follow":"follow","max-snippet":"max-snippet:-1","max-image-preview":"max-image-preview:large","max-video-preview":"max-video-preview:-1"},"canonical":"https:\/\/hampstead.emsb.qc.ca\/fr\/programme-denseignement-elementaire\/","og_locale":"fr_FR","og_type":"article","og_title":"Elementary Education Program - Hampstead Elementary School","og_description":"The&nbsp;Quebec Education Program (Q.E.P.)&nbsp;divides elementary education into three two-year cycles. This organizational model takes into account the need for a long-term approach in developing competencies. It corresponds better to the students\u2019 learning rate and permits more differentiated teaching practices. The Q.E.P. is designed as a system with three integrating elements: broad areas of learning, cross-curricular [&hellip;]","og_url":"https:\/\/hampstead.emsb.qc.ca\/fr\/programme-denseignement-elementaire\/","og_site_name":"Hampstead Elementary School","article_modified_time":"2022-09-14T15:12:19+00:00","twitter_card":"summary_large_image","twitter_misc":{"Dur\u00e9e de lecture estim\u00e9e":"2 minutes"},"schema":{"@context":"https:\/\/schema.org","@graph":[{"@type":"WebPage","@id":"https:\/\/hampstead.emsb.qc.ca\/elementary-education-program\/","url":"https:\/\/hampstead.emsb.qc.ca\/elementary-education-program\/","name":"Programme d'enseignement primaire - \u00c9cole primaire de Hampstead","isPartOf":{"@id":"https:\/\/hampstead.emsb.qc.ca\/#website"},"datePublished":"2022-09-14T15:11:31+00:00","dateModified":"2022-09-14T15:12:19+00:00","breadcrumb":{"@id":"https:\/\/hampstead.emsb.qc.ca\/elementary-education-program\/#breadcrumb"},"inLanguage":"fr-FR","potentialAction":[{"@type":"ReadAction","target":["https:\/\/hampstead.emsb.qc.ca\/elementary-education-program\/"]}]},{"@type":"BreadcrumbList","@id":"https:\/\/hampstead.emsb.qc.ca\/elementary-education-program\/#breadcrumb","itemListElement":[{"@type":"ListItem","position":1,"name":"Home","item":"https:\/\/hampstead.emsb.qc.ca\/"},{"@type":"ListItem","position":2,"name":"Elementary Education Program"}]},{"@type":"WebSite","@id":"https:\/\/hampstead.emsb.qc.ca\/#website","url":"https:\/\/hampstead.emsb.qc.ca\/","name":"\u00c9cole primaire Hampstead","description":"\u00c9cole primaire Hampstead","publisher":{"@id":"https:\/\/hampstead.emsb.qc.ca\/#organization"},"potentialAction":[{"@type":"SearchAction","target":{"@type":"EntryPoint","urlTemplate":"https:\/\/hampstead.emsb.qc.ca\/?s={search_term_string}"},"query-input":{"@type":"PropertyValueSpecification","valueRequired":true,"valueName":"search_term_string"}}],"inLanguage":"fr-FR"},{"@type":"Organization","@id":"https:\/\/hampstead.emsb.qc.ca\/#organization","name":"\u00c9cole primaire Hampstead","url":"https:\/\/hampstead.emsb.qc.ca\/","logo":{"@type":"ImageObject","inLanguage":"fr-FR","@id":"https:\/\/hampstead.emsb.qc.ca\/#\/schema\/logo\/image\/","url":"https:\/\/hampstead.emsb.qc.ca\/wp-content\/uploads\/sites\/2\/2022\/08\/hampstead-logo-large.png","contentUrl":"https:\/\/hampstead.emsb.qc.ca\/wp-content\/uploads\/sites\/2\/2022\/08\/hampstead-logo-large.png","width":234,"height":269,"caption":"Hampstead Elementary School"},"image":{"@id":"https:\/\/hampstead.emsb.qc.ca\/#\/schema\/logo\/image\/"}}]}},"_links":{"self":[{"href":"https:\/\/hampstead.emsb.qc.ca\/fr\/wp-json\/wp\/v2\/pages\/4931","targetHints":{"allow":["GET"]}}],"collection":[{"href":"https:\/\/hampstead.emsb.qc.ca\/fr\/wp-json\/wp\/v2\/pages"}],"about":[{"href":"https:\/\/hampstead.emsb.qc.ca\/fr\/wp-json\/wp\/v2\/types\/page"}],"author":[{"embeddable":true,"href":"https:\/\/hampstead.emsb.qc.ca\/fr\/wp-json\/wp\/v2\/users\/3"}],"replies":[{"embeddable":true,"href":"https:\/\/hampstead.emsb.qc.ca\/fr\/wp-json\/wp\/v2\/comments?post=4931"}],"version-history":[{"count":4,"href":"https:\/\/hampstead.emsb.qc.ca\/fr\/wp-json\/wp\/v2\/pages\/4931\/revisions"}],"predecessor-version":[{"id":4937,"href":"https:\/\/hampstead.emsb.qc.ca\/fr\/wp-json\/wp\/v2\/pages\/4931\/revisions\/4937"}],"wp:attachment":[{"href":"https:\/\/hampstead.emsb.qc.ca\/fr\/wp-json\/wp\/v2\/media?parent=4931"}],"curies":[{"name":"wp","href":"https:\/\/api.w.org\/{rel}","templated":true}]}}