
{"id":4340,"date":"2022-09-12T11:03:55","date_gmt":"2022-09-12T15:03:55","guid":{"rendered":"https:\/\/hampstead.emsbdev.com\/?page_id=4340"},"modified":"2024-08-06T11:38:36","modified_gmt":"2024-08-06T15:38:36","slug":"school-and-lunch-supervision-fees","status":"publish","type":"page","link":"https:\/\/hampstead.emsb.qc.ca\/fr\/frais-de-scolarite-et-de-cantine\/","title":{"rendered":"Frais scolaires et de surveillance du d\u00eener"},"content":{"rendered":"<div data-elementor-type=\"wp-page\" data-elementor-id=\"4340\" class=\"elementor elementor-4340\" data-elementor-post-type=\"page\">\n\t\t\t\t\t\t<section class=\"elementor-section elementor-top-section elementor-element elementor-element-8226e00 elementor-section-full_width elementor-section-height-min-height elementor-section-height-default elementor-section-items-middle\" data-id=\"8226e00\" data-element_type=\"section\" data-e-type=\"section\" data-settings=\"{&quot;background_background&quot;:&quot;classic&quot;,&quot;jet_parallax_layout_list&quot;:[]}\">\n\t\t\t\t\t\t\t<div class=\"elementor-background-overlay\"><\/div>\n\t\t\t\t\t\t\t<div class=\"elementor-container elementor-column-gap-default\">\n\t\t\t\t\t<div class=\"elementor-column elementor-col-100 elementor-top-column elementor-element elementor-element-0a8f66f\" data-id=\"0a8f66f\" data-element_type=\"column\" data-e-type=\"column\">\n\t\t\t<div class=\"elementor-widget-wrap elementor-element-populated\">\n\t\t\t\t\t\t<div class=\"elementor-element elementor-element-8f42221 elementor-widget elementor-widget-heading\" data-id=\"8f42221\" data-element_type=\"widget\" data-e-type=\"widget\" data-widget_type=\"heading.default\">\n\t\t\t\t<div class=\"elementor-widget-container\">\n\t\t\t\t\t<h2 class=\"elementor-heading-title elementor-size-default\">Frais scolaires et de surveillance du d\u00eener<\/h2>\t\t\t\t<\/div>\n\t\t\t\t<\/div>\n\t\t\t\t<div class=\"elementor-element elementor-element-45c290d elementor-widget elementor-widget-heading\" data-id=\"45c290d\" data-element_type=\"widget\" data-e-type=\"widget\" data-widget_type=\"heading.default\">\n\t\t\t\t<div class=\"elementor-widget-container\">\n\t\t\t\t\t<h2 class=\"elementor-heading-title elementor-size-default\">\u00c9cole primaire Hampstead<\/h2>\t\t\t\t<\/div>\n\t\t\t\t<\/div>\n\t\t\t\t\t<\/div>\n\t\t<\/div>\n\t\t\t\t\t<\/div>\n\t\t<\/section>\n\t\t\t\t<section class=\"elementor-section elementor-top-section elementor-element elementor-element-03c82d3 elementor-section-boxed elementor-section-height-default elementor-section-height-default\" data-id=\"03c82d3\" data-element_type=\"section\" data-e-type=\"section\" data-settings=\"{&quot;jet_parallax_layout_list&quot;:[]}\">\n\t\t\t\t\t\t<div class=\"elementor-container elementor-column-gap-default\">\n\t\t\t\t\t<div class=\"elementor-column elementor-col-66 elementor-top-column elementor-element elementor-element-5a0ad17\" data-id=\"5a0ad17\" data-element_type=\"column\" data-e-type=\"column\">\n\t\t\t<div class=\"elementor-widget-wrap elementor-element-populated\">\n\t\t\t\t\t\t<div class=\"elementor-element elementor-element-ddb225b elementor-widget elementor-widget-text-editor\" data-id=\"ddb225b\" data-element_type=\"widget\" data-e-type=\"widget\" data-widget_type=\"text-editor.default\">\n\t\t\t\t<div class=\"elementor-widget-container\">\n\t\t\t\t\t\t\t\t\t<h5 style=\"font-style: normal;font-weight: 500;font-size: 1.25rem;line-height: 1.2;font-family: Raleway;margin-top: 2em;margin-bottom: 0.3em;color: #555555\">Les frais de scolarit\u00e9 de l'\u00e9cole de Hampstead sont d\u00e9taill\u00e9s ci-dessous. Les parents ou tuteurs sont responsables du paiement.<\/h5><p style=\"line-height: 1.6;margin-bottom: 2rem;font-family: 'Open Sans', sans-serif;color: #555555;font-size: medium;font-style: normal;font-weight: 400\"><span style=\"font-weight: bolder\">La liste ci-dessous pr\u00e9sente la r\u00e9partition des frais de scolarit\u00e9 pour l'ann\u00e9e scolaire 2024 - 2025, telle qu'elle a \u00e9t\u00e9 approuv\u00e9e par le conseil d'administration.<\/span><\/p>\t\t\t\t\t\t\t\t<\/div>\n\t\t\t\t<\/div>\n\t\t\t\t<div class=\"elementor-element elementor-element-569d012 elementor-widget elementor-widget-heading\" data-id=\"569d012\" data-element_type=\"widget\" data-e-type=\"widget\" data-widget_type=\"heading.default\">\n\t\t\t\t<div class=\"elementor-widget-container\">\n\t\t\t\t\t<h2 class=\"elementor-heading-title elementor-size-default\">Les parents peuvent t\u00e9l\u00e9charger la correspondance ci-dessous :<\/h2>\t\t\t\t<\/div>\n\t\t\t\t<\/div>\n\t\t\t\t<div class=\"elementor-element elementor-element-b02d4ff elementor-widget elementor-widget-eael-adv-accordion\" data-id=\"b02d4ff\" data-element_type=\"widget\" data-e-type=\"widget\" data-widget_type=\"eael-adv-accordion.default\">\n\t\t\t\t<div class=\"elementor-widget-container\">\n\t\t\t\t\t            <div class=\"eael-adv-accordion\" id=\"eael-adv-accordion-b02d4ff\" data-scroll-on-click=\"no\" data-scroll-speed=\"300\" data-accordion-id=\"b02d4ff\" data-accordion-type=\"accordion\" data-toogle-speed=\"300\">\n            <div class=\"eael-accordion-list\">\n\t\t\t\t\t<div id=\"school-fees\" class=\"elementor-tab-title eael-accordion-header\" tabindex=\"0\" data-tab=\"1\" aria-controls=\"elementor-tab-content-1841\"><span class=\"eael-advanced-accordion-icon-closed\"><i aria-hidden=\"true\" class=\"fa-accordion-icon fas fa-plus\"><\/i><\/span><span class=\"eael-advanced-accordion-icon-opened\"><i aria-hidden=\"true\" class=\"fa-accordion-icon fas fa-minus\"><\/i><\/span><span class=\"eael-accordion-tab-title\">Frais scolaires<\/span><i aria-hidden=\"true\" class=\"fa-toggle fas fa-angle-right\"><\/i><\/div><div id=\"elementor-tab-content-1841\" class=\"eael-accordion-content clearfix\" data-tab=\"1\" aria-labelledby=\"school-fees\"><div class=\"link-array__item-subtitle\"><strong>2024-2025<\/strong><\/div><div class=\"link-array__item-link link-array__item-link--icon\">\u00a0<a class=\"link-array__item-link-text\" href=\"https:\/\/hampstead.emsb.qc.ca\/wp-content\/uploads\/sites\/2\/2024\/07\/Hampstead-School-Student-Fees-For-2024-2025-F.pdf\" target=\"_blank\" rel=\"noopener\">Frais scolaires<\/a><\/div><\/div>\n\t\t\t\t\t<\/div><div class=\"eael-accordion-list\">\n\t\t\t\t\t<div id=\"lunch-provider-information\" class=\"elementor-tab-title eael-accordion-header\" tabindex=\"0\" data-tab=\"2\" aria-controls=\"elementor-tab-content-1842\"><span class=\"eael-advanced-accordion-icon-closed\"><i aria-hidden=\"true\" class=\"fa-accordion-icon fas fa-plus\"><\/i><\/span><span class=\"eael-advanced-accordion-icon-opened\"><i aria-hidden=\"true\" class=\"fa-accordion-icon fas fa-minus\"><\/i><\/span><span class=\"eael-accordion-tab-title\">Informations sur le service traiteur de d\u00eener<\/span><i aria-hidden=\"true\" class=\"fa-toggle fas fa-angle-right\"><\/i><\/div><div id=\"elementor-tab-content-1842\" class=\"eael-accordion-content clearfix\" data-tab=\"2\" aria-labelledby=\"lunch-provider-information\"><p><a class=\"button-rich lightgray\" title=\"merenda\" href=\"https:\/\/www.traiteurmerenda.com\/accueil.html\" target=\"_blank\" rel=\"noopener\"><img decoding=\"async\" src=\"https:\/\/hampstead.emsb.qc.ca\/wp-content\/uploads\/sites\/2\/2023\/02\/merenda-fr.jpeg\" alt=\"MERENDA\" \/><br \/>Visitez le site Web du traiteur scolaire Merenda<\/a><\/p><\/div>\n\t\t\t\t\t<\/div><\/div>\t\t\t\t<\/div>\n\t\t\t\t<\/div>\n\t\t\t\t<div class=\"elementor-element elementor-element-e2a1f98 elementor-widget elementor-widget-text-editor\" data-id=\"e2a1f98\" data-element_type=\"widget\" data-e-type=\"widget\" data-widget_type=\"text-editor.default\">\n\t\t\t\t<div class=\"elementor-widget-container\">\n\t\t\t\t\t\t\t\t\t<p>VEUILLEZ PROC\u00c9DER COMME SUIT :<\/p>\n<ul>\n<li>Effectuez votre paiement en esp\u00e8ces, par ch\u00e8que, par d\u00e9bit ou par cr\u00e9dit par <strong>au plus tard le <span style=\"text-decoration: underline\">Vendredi 20 septembre 2024.<\/span><\/strong><\/li>\n<li>Veuillez libeller votre ch\u00e8que \u00e0 l'ordre de l'\u00e9cole Hampstead.<\/li>\n<li>Assurez-vous d'inscrire clairement le nom complet de votre enfant sur le ch\u00e8que.<\/li>\n<li>Indiquez Frais scolaires \u00e0 titre de r\u00e9f\u00e9rence sur le ch\u00e8que.<\/li>\n<\/ul>\n<h3>AUTRES FRAIS :<\/h3>\n<div>&nbsp;<\/div>\n<p>FRAIS DE SURVEILLANCE DU D\u00eeNER ET\/OU FRAIS DE SERVICES DE GARDE<\/p>\n<p>Le paiement de ces frais doit \u00eatre effectu\u00e9 en esp\u00e8ces, par paiement en ligne ou par un ch\u00e8que s\u00e9par\u00e9 diff\u00e9rent de celui mentionn\u00e9 ci-dessus. Les frais de surveillance du d\u00e9jeuner pour 2024-2025 s'\u00e9l\u00e8vent d\u00e9sormais \u00e0 $225.00 par enfant. De plus amples informations concernant les frais de surveillance du d\u00e9jeuner et\/ou les frais de garderie seront communiqu\u00e9es ult\u00e9rieurement.<\/p>\n<p>Nous vous sommes reconnaissants de votre collaboration et de vos efforts afin de respecter les dates limites de versement des frais. Si vous \u00e9prouvez des difficult\u00e9s \u00e0 effectuer le paiement  complet, veuillez contacter la direction de l'\u00e9cole pour prendre d'autres arrangements de paiement.<\/p>\n<p>N'h\u00e9sitez pas \u00e0 nous contacter si vous avez des questions.<\/p>\t\t\t\t\t\t\t\t<\/div>\n\t\t\t\t<\/div>\n\t\t\t\t\t<\/div>\n\t\t<\/div>\n\t\t\t\t<div class=\"elementor-column elementor-col-33 elementor-top-column elementor-element elementor-element-753d312\" data-id=\"753d312\" data-element_type=\"column\" data-e-type=\"column\">\n\t\t\t<div class=\"elementor-widget-wrap elementor-element-populated\">\n\t\t\t\t\t\t<div class=\"elementor-element elementor-element-b1563cb elementor-widget elementor-widget-image\" data-id=\"b1563cb\" data-element_type=\"widget\" data-e-type=\"widget\" data-widget_type=\"image.default\">\n\t\t\t\t<div class=\"elementor-widget-container\">\n\t\t\t\t\t\t\t\t\t\t\t\t\t\t\t<img fetchpriority=\"high\" decoding=\"async\" width=\"234\" height=\"269\" src=\"https:\/\/hampstead.emsb.qc.ca\/wp-content\/uploads\/sites\/2\/2022\/09\/hampstead-logo-large.png\" class=\"attachment-medium size-medium wp-image-5330\" alt=\"\" \/>\t\t\t\t\t\t\t\t\t\t\t\t\t\t\t<\/div>\n\t\t\t\t<\/div>\n\t\t\t\t\t<\/div>\n\t\t<\/div>\n\t\t\t\t\t<\/div>\n\t\t<\/section>\n\t\t\t\t<\/div>","protected":false},"excerpt":{"rendered":"<p>\/*! elementor &#8211; v3.18.0 &#8211; 06-12-2023 *\/ .elementor-heading-title{padding:0;margin:0;line-height:1}.elementor-widget-heading .elementor-heading-title[class*=elementor-size-]&gt;a{color:inherit;font-size:inherit;line-height:inherit}.elementor-widget-heading .elementor-heading-title.elementor-size-small{font-size:15px}.elementor-widget-heading .elementor-heading-title.elementor-size-medium{font-size:19px}.elementor-widget-heading .elementor-heading-title.elementor-size-large{font-size:29px}.elementor-widget-heading .elementor-heading-title.elementor-size-xl{font-size:39px}.elementor-widget-heading .elementor-heading-title.elementor-size-xxl{font-size:59px} School and Lunch Supervision Fees Hampstead Elementary Hampstead School fees are itemized below. Parents or guardians are responsible for payment. Below list is the breakdown of school fees for the 2024 \u2013 2025 school year as approved by Governing Board. Parents [&hellip;]<\/p>\n","protected":false},"author":3,"featured_media":0,"parent":0,"menu_order":0,"comment_status":"closed","ping_status":"closed","template":"","meta":{"site-sidebar-layout":"no-sidebar","site-content-layout":"page-builder","ast-site-content-layout":"default","site-content-style":"default","site-sidebar-style":"default","ast-global-header-display":"","ast-banner-title-visibility":"","ast-main-header-display":"","ast-hfb-above-header-display":"","ast-hfb-below-header-display":"","ast-hfb-mobile-header-display":"","site-post-title":"disabled","ast-breadcrumbs-content":"","ast-featured-img":"disabled","footer-sml-layout":"","ast-disable-related-posts":"","theme-transparent-header-meta":"default","adv-header-id-meta":"","stick-header-meta":"","header-above-stick-meta":"","header-main-stick-meta":"","header-below-stick-meta":"","astra-migrate-meta-layouts":"default","ast-page-background-enabled":"default","ast-page-background-meta":{"desktop":{"background-color":"var(--ast-global-color-4)","background-image":"","background-repeat":"repeat","background-position":"center center","background-size":"auto","background-attachment":"scroll","background-type":"","background-media":"","overlay-type":"","overlay-color":"","overlay-opacity":"","overlay-gradient":""},"tablet":{"background-color":"","background-image":"","background-repeat":"repeat","background-position":"center center","background-size":"auto","background-attachment":"scroll","background-type":"","background-media":"","overlay-type":"","overlay-color":"","overlay-opacity":"","overlay-gradient":""},"mobile":{"background-color":"","background-image":"","background-repeat":"repeat","background-position":"center center","background-size":"auto","background-attachment":"scroll","background-type":"","background-media":"","overlay-type":"","overlay-color":"","overlay-opacity":"","overlay-gradient":""}},"ast-content-background-meta":{"desktop":{"background-color":"var(--ast-global-color-5)","background-image":"","background-repeat":"repeat","background-position":"center center","background-size":"auto","background-attachment":"scroll","background-type":"","background-media":"","overlay-type":"","overlay-color":"","overlay-opacity":"","overlay-gradient":""},"tablet":{"background-color":"var(--ast-global-color-5)","background-image":"","background-repeat":"repeat","background-position":"center center","background-size":"auto","background-attachment":"scroll","background-type":"","background-media":"","overlay-type":"","overlay-color":"","overlay-opacity":"","overlay-gradient":""},"mobile":{"background-color":"var(--ast-global-color-5)","background-image":"","background-repeat":"repeat","background-position":"center center","background-size":"auto","background-attachment":"scroll","background-type":"","background-media":"","overlay-type":"","overlay-color":"","overlay-opacity":"","overlay-gradient":""}},"footnotes":""},"class_list":["post-4340","page","type-page","status-publish","hentry"],"yoast_head":"<!-- This site is optimized with the Yoast SEO plugin v27.3 - https:\/\/yoast.com\/product\/yoast-seo-wordpress\/ -->\n<title>School and Lunch Supervision Fees - Hampstead Elementary School<\/title>\n<meta name=\"robots\" content=\"index, follow, max-snippet:-1, max-image-preview:large, max-video-preview:-1\" \/>\n<link rel=\"canonical\" href=\"https:\/\/hampstead.emsb.qc.ca\/fr\/frais-de-scolarite-et-de-cantine\/\" \/>\n<meta property=\"og:locale\" content=\"fr_FR\" \/>\n<meta property=\"og:type\" content=\"article\" \/>\n<meta property=\"og:title\" content=\"School and Lunch Supervision Fees - Hampstead Elementary School\" \/>\n<meta property=\"og:description\" content=\"\/*! elementor &#8211; v3.18.0 &#8211; 06-12-2023 *\/ .elementor-heading-title{padding:0;margin:0;line-height:1}.elementor-widget-heading .elementor-heading-title[class*=elementor-size-]&gt;a{color:inherit;font-size:inherit;line-height:inherit}.elementor-widget-heading .elementor-heading-title.elementor-size-small{font-size:15px}.elementor-widget-heading .elementor-heading-title.elementor-size-medium{font-size:19px}.elementor-widget-heading .elementor-heading-title.elementor-size-large{font-size:29px}.elementor-widget-heading .elementor-heading-title.elementor-size-xl{font-size:39px}.elementor-widget-heading .elementor-heading-title.elementor-size-xxl{font-size:59px} School and Lunch Supervision Fees Hampstead Elementary Hampstead School fees are itemized below. Parents or guardians are responsible for payment. Below list is the breakdown of school fees for the 2024 \u2013 2025 school year as approved by Governing Board. Parents [&hellip;]\" \/>\n<meta property=\"og:url\" content=\"https:\/\/hampstead.emsb.qc.ca\/fr\/frais-de-scolarite-et-de-cantine\/\" \/>\n<meta property=\"og:site_name\" content=\"Hampstead Elementary School\" \/>\n<meta property=\"article:modified_time\" content=\"2024-08-06T15:38:36+00:00\" \/>\n<meta property=\"og:image\" content=\"https:\/\/az184419.vo.msecnd.net\/emsb\/common\/link-imgs\/merenda.jpg\" \/>\n<meta name=\"twitter:card\" content=\"summary_large_image\" \/>\n<meta name=\"twitter:label1\" content=\"Dur\u00e9e de lecture estim\u00e9e\" \/>\n\t<meta name=\"twitter:data1\" content=\"1 minute\" \/>\n<script type=\"application\/ld+json\" class=\"yoast-schema-graph\">{\"@context\":\"https:\\\/\\\/schema.org\",\"@graph\":[{\"@type\":\"WebPage\",\"@id\":\"https:\\\/\\\/hampstead.emsb.qc.ca\\\/fr\\\/frais-de-scolarite-et-de-cantine\\\/\",\"url\":\"https:\\\/\\\/hampstead.emsb.qc.ca\\\/fr\\\/frais-de-scolarite-et-de-cantine\\\/\",\"name\":\"School and Lunch Supervision Fees - Hampstead Elementary School\",\"isPartOf\":{\"@id\":\"https:\\\/\\\/hampstead.emsb.qc.ca\\\/#website\"},\"primaryImageOfPage\":{\"@id\":\"https:\\\/\\\/hampstead.emsb.qc.ca\\\/fr\\\/frais-de-scolarite-et-de-cantine\\\/#primaryimage\"},\"image\":{\"@id\":\"https:\\\/\\\/hampstead.emsb.qc.ca\\\/fr\\\/frais-de-scolarite-et-de-cantine\\\/#primaryimage\"},\"thumbnailUrl\":\"https:\\\/\\\/az184419.vo.msecnd.net\\\/emsb\\\/common\\\/link-imgs\\\/merenda.jpg\",\"datePublished\":\"2022-09-12T15:03:55+00:00\",\"dateModified\":\"2024-08-06T15:38:36+00:00\",\"breadcrumb\":{\"@id\":\"https:\\\/\\\/hampstead.emsb.qc.ca\\\/fr\\\/frais-de-scolarite-et-de-cantine\\\/#breadcrumb\"},\"inLanguage\":\"fr-FR\",\"potentialAction\":[{\"@type\":\"ReadAction\",\"target\":[\"https:\\\/\\\/hampstead.emsb.qc.ca\\\/fr\\\/frais-de-scolarite-et-de-cantine\\\/\"]}]},{\"@type\":\"ImageObject\",\"inLanguage\":\"fr-FR\",\"@id\":\"https:\\\/\\\/hampstead.emsb.qc.ca\\\/fr\\\/frais-de-scolarite-et-de-cantine\\\/#primaryimage\",\"url\":\"https:\\\/\\\/az184419.vo.msecnd.net\\\/emsb\\\/common\\\/link-imgs\\\/merenda.jpg\",\"contentUrl\":\"https:\\\/\\\/az184419.vo.msecnd.net\\\/emsb\\\/common\\\/link-imgs\\\/merenda.jpg\"},{\"@type\":\"BreadcrumbList\",\"@id\":\"https:\\\/\\\/hampstead.emsb.qc.ca\\\/fr\\\/frais-de-scolarite-et-de-cantine\\\/#breadcrumb\",\"itemListElement\":[{\"@type\":\"ListItem\",\"position\":1,\"name\":\"Home\",\"item\":\"https:\\\/\\\/hampstead.emsb.qc.ca\\\/\"},{\"@type\":\"ListItem\",\"position\":2,\"name\":\"School and Lunch Supervision Fees\"}]},{\"@type\":\"WebSite\",\"@id\":\"https:\\\/\\\/hampstead.emsb.qc.ca\\\/#website\",\"url\":\"https:\\\/\\\/hampstead.emsb.qc.ca\\\/\",\"name\":\"Hampstead Elementary School\",\"description\":\"Hampstead Elementary School\",\"publisher\":{\"@id\":\"https:\\\/\\\/hampstead.emsb.qc.ca\\\/#organization\"},\"potentialAction\":[{\"@type\":\"SearchAction\",\"target\":{\"@type\":\"EntryPoint\",\"urlTemplate\":\"https:\\\/\\\/hampstead.emsb.qc.ca\\\/?s={search_term_string}\"},\"query-input\":{\"@type\":\"PropertyValueSpecification\",\"valueRequired\":true,\"valueName\":\"search_term_string\"}}],\"inLanguage\":\"fr-FR\"},{\"@type\":\"Organization\",\"@id\":\"https:\\\/\\\/hampstead.emsb.qc.ca\\\/#organization\",\"name\":\"Hampstead Elementary School\",\"url\":\"https:\\\/\\\/hampstead.emsb.qc.ca\\\/\",\"logo\":{\"@type\":\"ImageObject\",\"inLanguage\":\"fr-FR\",\"@id\":\"https:\\\/\\\/hampstead.emsb.qc.ca\\\/#\\\/schema\\\/logo\\\/image\\\/\",\"url\":\"https:\\\/\\\/hampstead.emsb.qc.ca\\\/wp-content\\\/uploads\\\/sites\\\/2\\\/2022\\\/08\\\/hampstead-logo-large.png\",\"contentUrl\":\"https:\\\/\\\/hampstead.emsb.qc.ca\\\/wp-content\\\/uploads\\\/sites\\\/2\\\/2022\\\/08\\\/hampstead-logo-large.png\",\"width\":234,\"height\":269,\"caption\":\"Hampstead Elementary School\"},\"image\":{\"@id\":\"https:\\\/\\\/hampstead.emsb.qc.ca\\\/#\\\/schema\\\/logo\\\/image\\\/\"}}]}<\/script>\n<!-- \/ Yoast SEO plugin. -->","yoast_head_json":{"title":"Frais de surveillance de l'\u00e9cole et du d\u00e9jeuner - \u00c9cole primaire de Hampstead","robots":{"index":"index","follow":"follow","max-snippet":"max-snippet:-1","max-image-preview":"max-image-preview:large","max-video-preview":"max-video-preview:-1"},"canonical":"https:\/\/hampstead.emsb.qc.ca\/fr\/frais-de-scolarite-et-de-cantine\/","og_locale":"fr_FR","og_type":"article","og_title":"School and Lunch Supervision Fees - Hampstead Elementary School","og_description":"\/*! elementor &#8211; v3.18.0 &#8211; 06-12-2023 *\/ .elementor-heading-title{padding:0;margin:0;line-height:1}.elementor-widget-heading .elementor-heading-title[class*=elementor-size-]&gt;a{color:inherit;font-size:inherit;line-height:inherit}.elementor-widget-heading .elementor-heading-title.elementor-size-small{font-size:15px}.elementor-widget-heading .elementor-heading-title.elementor-size-medium{font-size:19px}.elementor-widget-heading .elementor-heading-title.elementor-size-large{font-size:29px}.elementor-widget-heading .elementor-heading-title.elementor-size-xl{font-size:39px}.elementor-widget-heading .elementor-heading-title.elementor-size-xxl{font-size:59px} School and Lunch Supervision Fees Hampstead Elementary Hampstead School fees are itemized below. Parents or guardians are responsible for payment. Below list is the breakdown of school fees for the 2024 \u2013 2025 school year as approved by Governing Board. Parents [&hellip;]","og_url":"https:\/\/hampstead.emsb.qc.ca\/fr\/frais-de-scolarite-et-de-cantine\/","og_site_name":"Hampstead Elementary School","article_modified_time":"2024-08-06T15:38:36+00:00","og_image":[{"url":"https:\/\/az184419.vo.msecnd.net\/emsb\/common\/link-imgs\/merenda.jpg","type":"","width":"","height":""}],"twitter_card":"summary_large_image","twitter_misc":{"Dur\u00e9e de lecture estim\u00e9e":"1 minute"},"schema":{"@context":"https:\/\/schema.org","@graph":[{"@type":"WebPage","@id":"https:\/\/hampstead.emsb.qc.ca\/fr\/frais-de-scolarite-et-de-cantine\/","url":"https:\/\/hampstead.emsb.qc.ca\/fr\/frais-de-scolarite-et-de-cantine\/","name":"Frais de surveillance de l'\u00e9cole et du d\u00e9jeuner - \u00c9cole primaire de Hampstead","isPartOf":{"@id":"https:\/\/hampstead.emsb.qc.ca\/#website"},"primaryImageOfPage":{"@id":"https:\/\/hampstead.emsb.qc.ca\/fr\/frais-de-scolarite-et-de-cantine\/#primaryimage"},"image":{"@id":"https:\/\/hampstead.emsb.qc.ca\/fr\/frais-de-scolarite-et-de-cantine\/#primaryimage"},"thumbnailUrl":"https:\/\/az184419.vo.msecnd.net\/emsb\/common\/link-imgs\/merenda.jpg","datePublished":"2022-09-12T15:03:55+00:00","dateModified":"2024-08-06T15:38:36+00:00","breadcrumb":{"@id":"https:\/\/hampstead.emsb.qc.ca\/fr\/frais-de-scolarite-et-de-cantine\/#breadcrumb"},"inLanguage":"fr-FR","potentialAction":[{"@type":"ReadAction","target":["https:\/\/hampstead.emsb.qc.ca\/fr\/frais-de-scolarite-et-de-cantine\/"]}]},{"@type":"ImageObject","inLanguage":"fr-FR","@id":"https:\/\/hampstead.emsb.qc.ca\/fr\/frais-de-scolarite-et-de-cantine\/#primaryimage","url":"https:\/\/az184419.vo.msecnd.net\/emsb\/common\/link-imgs\/merenda.jpg","contentUrl":"https:\/\/az184419.vo.msecnd.net\/emsb\/common\/link-imgs\/merenda.jpg"},{"@type":"BreadcrumbList","@id":"https:\/\/hampstead.emsb.qc.ca\/fr\/frais-de-scolarite-et-de-cantine\/#breadcrumb","itemListElement":[{"@type":"ListItem","position":1,"name":"Home","item":"https:\/\/hampstead.emsb.qc.ca\/"},{"@type":"ListItem","position":2,"name":"School and Lunch Supervision Fees"}]},{"@type":"WebSite","@id":"https:\/\/hampstead.emsb.qc.ca\/#website","url":"https:\/\/hampstead.emsb.qc.ca\/","name":"\u00c9cole primaire Hampstead","description":"\u00c9cole primaire Hampstead","publisher":{"@id":"https:\/\/hampstead.emsb.qc.ca\/#organization"},"potentialAction":[{"@type":"SearchAction","target":{"@type":"EntryPoint","urlTemplate":"https:\/\/hampstead.emsb.qc.ca\/?s={search_term_string}"},"query-input":{"@type":"PropertyValueSpecification","valueRequired":true,"valueName":"search_term_string"}}],"inLanguage":"fr-FR"},{"@type":"Organization","@id":"https:\/\/hampstead.emsb.qc.ca\/#organization","name":"\u00c9cole primaire Hampstead","url":"https:\/\/hampstead.emsb.qc.ca\/","logo":{"@type":"ImageObject","inLanguage":"fr-FR","@id":"https:\/\/hampstead.emsb.qc.ca\/#\/schema\/logo\/image\/","url":"https:\/\/hampstead.emsb.qc.ca\/wp-content\/uploads\/sites\/2\/2022\/08\/hampstead-logo-large.png","contentUrl":"https:\/\/hampstead.emsb.qc.ca\/wp-content\/uploads\/sites\/2\/2022\/08\/hampstead-logo-large.png","width":234,"height":269,"caption":"Hampstead Elementary School"},"image":{"@id":"https:\/\/hampstead.emsb.qc.ca\/#\/schema\/logo\/image\/"}}]}},"_links":{"self":[{"href":"https:\/\/hampstead.emsb.qc.ca\/fr\/wp-json\/wp\/v2\/pages\/4340","targetHints":{"allow":["GET"]}}],"collection":[{"href":"https:\/\/hampstead.emsb.qc.ca\/fr\/wp-json\/wp\/v2\/pages"}],"about":[{"href":"https:\/\/hampstead.emsb.qc.ca\/fr\/wp-json\/wp\/v2\/types\/page"}],"author":[{"embeddable":true,"href":"https:\/\/hampstead.emsb.qc.ca\/fr\/wp-json\/wp\/v2\/users\/3"}],"replies":[{"embeddable":true,"href":"https:\/\/hampstead.emsb.qc.ca\/fr\/wp-json\/wp\/v2\/comments?post=4340"}],"version-history":[{"count":49,"href":"https:\/\/hampstead.emsb.qc.ca\/fr\/wp-json\/wp\/v2\/pages\/4340\/revisions"}],"predecessor-version":[{"id":7657,"href":"https:\/\/hampstead.emsb.qc.ca\/fr\/wp-json\/wp\/v2\/pages\/4340\/revisions\/7657"}],"wp:attachment":[{"href":"https:\/\/hampstead.emsb.qc.ca\/fr\/wp-json\/wp\/v2\/media?parent=4340"}],"curies":[{"name":"wp","href":"https:\/\/api.w.org\/{rel}","templated":true}]}}