
{"id":4062,"date":"2022-09-09T11:35:33","date_gmt":"2022-09-09T15:35:33","guid":{"rendered":"https:\/\/hampstead.propageweb.com\/?page_id=4062"},"modified":"2025-02-12T15:10:06","modified_gmt":"2025-02-12T20:10:06","slug":"governing-board","status":"publish","type":"page","link":"https:\/\/hampstead.emsb.qc.ca\/fr\/conseil-dadministration\/","title":{"rendered":"Conseil d'\u00e9tablissement"},"content":{"rendered":"<div data-elementor-type=\"wp-page\" data-elementor-id=\"4062\" class=\"elementor elementor-4062\" data-elementor-post-type=\"page\">\n\t\t\t\t\t\t<section class=\"elementor-section elementor-top-section elementor-element elementor-element-0b8d42f elementor-section-height-min-height elementor-section-boxed elementor-section-height-default elementor-section-items-middle\" data-id=\"0b8d42f\" data-element_type=\"section\" data-e-type=\"section\" data-settings=\"{&quot;background_background&quot;:&quot;classic&quot;,&quot;jet_parallax_layout_list&quot;:[]}\">\n\t\t\t\t\t\t<div class=\"elementor-container elementor-column-gap-default\">\n\t\t\t\t\t<div class=\"elementor-column elementor-col-100 elementor-top-column elementor-element elementor-element-49debc7\" data-id=\"49debc7\" data-element_type=\"column\" data-e-type=\"column\">\n\t\t\t<div class=\"elementor-widget-wrap elementor-element-populated\">\n\t\t\t\t\t\t<div class=\"elementor-element elementor-element-6abd344 elementor-widget elementor-widget-heading\" data-id=\"6abd344\" data-element_type=\"widget\" data-e-type=\"widget\" data-widget_type=\"heading.default\">\n\t\t\t\t<div class=\"elementor-widget-container\">\n\t\t\t\t\t<h2 class=\"elementor-heading-title elementor-size-default\">Conseil d'\u00e9tablissement<\/h2>\t\t\t\t<\/div>\n\t\t\t\t<\/div>\n\t\t\t\t<div class=\"elementor-element elementor-element-622551f elementor-widget elementor-widget-heading\" data-id=\"622551f\" data-element_type=\"widget\" data-e-type=\"widget\" data-widget_type=\"heading.default\">\n\t\t\t\t<div class=\"elementor-widget-container\">\n\t\t\t\t\t<h2 class=\"elementor-heading-title elementor-size-default\">Le conseil d'\u00e9tablissement est compos\u00e9 de parents, de membres du personnel de l'\u00e9cole et de repr\u00e9sentants de la communaut\u00e9 oeuvrant en partenariat dans le but premier de prendre des d\u00e9cisions dans le meilleur int\u00e9r\u00eat de nos \u00e9l\u00e8ves.<\/h2>\t\t\t\t<\/div>\n\t\t\t\t<\/div>\n\t\t\t\t\t<\/div>\n\t\t<\/div>\n\t\t\t\t\t<\/div>\n\t\t<\/section>\n\t\t\t\t<section class=\"elementor-section elementor-top-section elementor-element elementor-element-b5388d8 elementor-section-boxed elementor-section-height-default elementor-section-height-default\" data-id=\"b5388d8\" data-element_type=\"section\" data-e-type=\"section\" data-settings=\"{&quot;jet_parallax_layout_list&quot;:[]}\">\n\t\t\t\t\t\t<div class=\"elementor-container elementor-column-gap-default\">\n\t\t\t\t\t<div class=\"elementor-column elementor-col-50 elementor-top-column elementor-element elementor-element-7a9263a\" data-id=\"7a9263a\" data-element_type=\"column\" data-e-type=\"column\">\n\t\t\t<div class=\"elementor-widget-wrap elementor-element-populated\">\n\t\t\t\t\t\t<div class=\"elementor-element elementor-element-a01248f elementor-widget-tablet__width-initial elementor-widget elementor-widget-text-editor\" data-id=\"a01248f\" data-element_type=\"widget\" data-e-type=\"widget\" data-widget_type=\"text-editor.default\">\n\t\t\t\t<div class=\"elementor-widget-container\">\n\t\t\t\t\t\t\t\t\t<h2 style=\"font-style: normal;font-weight: 550;font-size: 2.44141rem;line-height: 1.2;font-family: Raleway;margin-bottom: 0.6em;color: #555555\">Conseil d'\u00e9tablissement de l'\u00e9cole Hampstead<\/h2><p style=\"line-height: 1.6;margin-bottom: 2rem;font-family: 'Open Sans', sans-serif;color: #555555;font-size: medium;font-style: normal;font-weight: 400\">Le conseil d'\u00e9tablissement est une structure qui cr\u00e9e un partenariat entre les parents et le personnel dans la gestion de l'\u00e9cole. Le conseil d'\u00e9tablissement n'intervient pas dans la gestion quotidienne de l'\u00e9cole; il travaille avec la direction de l'\u00e9tablissement en vue d'\u00e9tablir et de mettre en \u0153uvre des orientations destin\u00e9es aux programmes et services qui r\u00e9pondront aux besoins des \u00e9l\u00e8ves et de la communaut\u00e9.<\/p><h4 style=\"font-style: normal;font-weight: bold;font-size: 1.2rem;line-height: 1.2;font-family: 'Open Sans', sans-serif;margin-top: 2em;margin-bottom: 0.6em;color: #555555\">Quels sont les pouvoirs et fonctions du conseil d'\u00e9tablissement?<\/h4><p style=\"line-height: 1.6;margin-bottom: 2rem;font-family: 'Open Sans', sans-serif;color: #555555;font-size: medium;font-style: normal;font-weight: 400\">La direction de l'\u00e9cole est tenue de collaborer avec le personnel scolaire sur une foule de th\u00e8mes \u00e9ducatifs et p\u00e9dagogiques et de soumettre des propositions \u00e0 l'approbation du conseil d'\u00e9tablissement. En voici quelques-uns :<\/p><ul style=\"font-family: 'Open Sans', sans-serif;margin-bottom: 0.5rem;margin-left: 1rem;color: #555555;font-size: medium;font-style: normal;font-weight: 400\"><li style=\"padding-top: 0.5rem;padding-left: 0.5rem;line-height: 1.6\">Plan de r\u00e9ussite<\/li><li style=\"padding-top: 0.5rem;padding-left: 0.5rem;line-height: 1.6\">R\u00e8gles de conduite et mesures de s\u00e9curit\u00e9<\/li><li style=\"padding-top: 0.5rem;padding-left: 0.5rem;line-height: 1.6\">Mise en \u0153uvre du R\u00e9gime p\u00e9dagogique<\/li><li style=\"padding-top: 0.5rem;padding-left: 0.5rem;line-height: 1.6\">Temps allou\u00e9 aux diverses mati\u00e8res<\/li><li style=\"padding-top: 0.5rem;padding-left: 0.5rem;line-height: 1.6\">Enrichissement et adaptation des programmes pour combler les besoins locaux<\/li><li style=\"padding-top: 0.5rem;padding-left: 0.5rem;line-height: 1.6\">Activit\u00e9s \u00e9ducatives telles que des excursions qui ont une incidence sur l'horaire r\u00e9gulier des \u00e9l\u00e8ves<\/li><li style=\"padding-top: 0.5rem;padding-left: 0.5rem;line-height: 1.6\">Mise en place de services aux \u00e9l\u00e8ves et de services d'adaptation scolaire<\/li><li style=\"padding-top: 0.5rem;padding-left: 0.5rem;line-height: 1.6\">Utilisation du temps hors enseignement \u00e0 des fins \u00e9ducatives et pour des activit\u00e9s parascolaires<\/li><li style=\"padding-top: 0.5rem;padding-left: 0.5rem;line-height: 1.6\">Principes de d\u00e9termination du co\u00fbt du mat\u00e9riel consommable<\/li><\/ul>\t\t\t\t\t\t\t\t<\/div>\n\t\t\t\t<\/div>\n\t\t\t\t\t<\/div>\n\t\t<\/div>\n\t\t\t\t<div class=\"elementor-column elementor-col-50 elementor-top-column elementor-element elementor-element-a3adf04\" data-id=\"a3adf04\" data-element_type=\"column\" data-e-type=\"column\">\n\t\t\t<div class=\"elementor-widget-wrap elementor-element-populated\">\n\t\t\t\t\t\t<div class=\"elementor-element elementor-element-5dd9194 elementor-widget-tablet__width-initial elementor-widget elementor-widget-eael-adv-accordion\" data-id=\"5dd9194\" data-element_type=\"widget\" data-e-type=\"widget\" data-widget_type=\"eael-adv-accordion.default\">\n\t\t\t\t<div class=\"elementor-widget-container\">\n\t\t\t\t\t            <div class=\"eael-adv-accordion\" id=\"eael-adv-accordion-5dd9194\" data-scroll-on-click=\"no\" data-scroll-speed=\"300\" data-accordion-id=\"5dd9194\" data-accordion-type=\"accordion\" data-toogle-speed=\"300\">\n            <div class=\"eael-accordion-list\">\n\t\t\t\t\t<div id=\"governing-board-minutes\" class=\"elementor-tab-title eael-accordion-header\" tabindex=\"0\" data-tab=\"1\" aria-controls=\"elementor-tab-content-9841\"><span class=\"eael-advanced-accordion-icon-closed\"><i aria-hidden=\"true\" class=\"fa-accordion-icon fas fa-plus\"><\/i><\/span><span class=\"eael-advanced-accordion-icon-opened\"><i aria-hidden=\"true\" class=\"fa-accordion-icon fas fa-minus\"><\/i><\/span><span class=\"eael-accordion-tab-title\">Proc\u00e8s-verbaux du conseil d'\u00e9tablissement<\/span><i aria-hidden=\"true\" class=\"fa-toggle fas fa-angle-right\"><\/i><\/div><div id=\"elementor-tab-content-9841\" class=\"eael-accordion-content clearfix\" data-tab=\"1\" aria-labelledby=\"governing-board-minutes\"><table>\n    <tr>\n        <th colspan=\"2\" style=\"font-size: 16px\">2023-2024<\/th>\n    <\/tr>\n    <tr>\n        <td><a href=\"https:\/\/hampstead.emsb.qc.ca\/wp-content\/uploads\/sites\/2\/2024\/07\/GB-Minutes-June-11-2024-F.pdf\" target=\"_blank\" rel=\"noopener\">Proc\u00e8s-verbal de la r\u00e9union du CE - 11 juin 2024<\/a><\/td>\n    <\/tr>\n    <tr>\n        <td><a href=\"https:\/\/hampstead.emsb.qc.ca\/wp-content\/uploads\/sites\/2\/2024\/07\/GB-Minutes-June-10-2024-F.pdf\" target=\"_blank\" rel=\"noopener\">Proc\u00e8s-verbal de la r\u00e9union du CE - 10 juin 2024<\/a><\/td>\n    <\/tr>\n    <tr>\n        <td><a href=\"https:\/\/hampstead.emsb.qc.ca\/wp-content\/uploads\/sites\/2\/2024\/07\/GB-Minutes-June-3-2024-F.pdf\" target=\"_blank\" rel=\"noopener\">Proc\u00e8s-verbal de la r\u00e9union du CE - 3 juin 2024<\/a><\/td>\n    <\/tr>\n    <tr>\n        <td><a href=\"https:\/\/hampstead.emsb.qc.ca\/wp-content\/uploads\/sites\/2\/2024\/07\/GB-Minutes-March-18-2024-F.pdf\" target=\"_blank\" rel=\"noopener\">Proc\u00e8s-verbal de la r\u00e9union du CE - 18 mars 2024<\/a><\/td>\n    <\/tr>\n    <tr>\n        <td><a href=\"https:\/\/hampstead.emsb.qc.ca\/wp-content\/uploads\/sites\/2\/2024\/07\/GB-Minutes-November-20-2023-F.pdf\" target=\"_blank\" rel=\"noopener\">Proc\u00e8s-verbal de la r\u00e9union du CE - 20 novembre 2023<\/a><\/td>\n    <\/tr>\n<\/table>\n\n<table>\n    <tr>\n        <th colspan=\"2\">2022-2023<\/th>\n    <\/tr>\n    <tr>\n        <td><a href=\"https:\/\/hampstead.emsb.qc.ca\/wp-content\/uploads\/sites\/2\/2023\/08\/GB-Minutes-May-15-2023-F.pdf\" target=\"_blank\">Proc\u00e8s-verbal de la r\u00e9union du CE - 15 mai 2023<\/a><\/td>\n    <\/tr>\n    <tr>\n        <td><a href=\"https:\/\/hampstead.emsb.qc.ca\/wp-content\/uploads\/sites\/2\/2023\/08\/GB-Minutes-February-27-2023-F.pdf\" target=\"_blank\">Proc\u00e8s-verbal de la r\u00e9union du CE - 27 f\u00e9vrier 2023<\/a><\/td>\n    <\/tr>\n    <tr>\n        <td><a href=\"https:\/\/hampstead.emsb.qc.ca\/wp-content\/uploads\/sites\/2\/2023\/08\/GB-Minutes-Dec-8-2022-F.pdf\" target=\"_blank\">Proc\u00e8s-verbal de la r\u00e9union du CE - 8 d\u00e9cembre 2022<\/a><\/td>\n    <\/tr>\n    <tr>\n        <td><a href=\"https:\/\/hampstead.emsb.qc.ca\/wp-content\/uploads\/sites\/2\/2023\/08\/GB-Minutes-Nov-14-2022-F.pdf\" target=\"_blank\">Proc\u00e8s-verbal de la r\u00e9union du CE - 14 novembre 2022<\/a><\/td>\n    <\/tr>\n<\/table>\n\n<table>\n    <tr>\n        <th colspan=\"2\">2021-2022<\/th>\n    <\/tr>\n    <tr>\n        <td><a href=\"https:\/\/hampstead.emsb.qc.ca\/wp-content\/uploads\/sites\/2\/2022\/09\/gb-minutes-june-16-2022-FR.pdf\" target=\"_blank\">Proc\u00e8s-verbal de la r\u00e9union du CE - 16 juin 2022<\/a><\/td>\n    <\/tr>\n    <tr>\n        <td><a href=\"https:\/\/hampstead.emsb.qc.ca\/wp-content\/uploads\/sites\/2\/2022\/09\/gb-minutes-june-9-2022-FR.pdf\" target=\"_blank\">Proc\u00e8s-verbal de la r\u00e9union du CE - 9 juin 2022<\/a><\/td>\n    <\/tr>\n    <tr>\n        <td><a href=\"https:\/\/hampstead.emsb.qc.ca\/wp-content\/uploads\/sites\/2\/2022\/09\/gb-minutes-may-25-2022-FR.pdf\" target=\"_blank\">Proc\u00e8s-verbal de la r\u00e9union du CE - 25 mai 2022<\/a><\/td>\n    <\/tr>\n    <tr>\n        <td><a href=\"https:\/\/hampstead.emsb.qc.ca\/wp-content\/uploads\/sites\/2\/2022\/08\/gb-minutes-march-24-2022.pdf\" target=\"_blank\">Proc\u00e8s-verbal de la r\u00e9union du CE - 24 mars 2022<\/a><\/td>\n    <\/tr>\n    <tr>\n        <td><a href=\"https:\/\/hampstead.emsb.qc.ca\/wp-content\/uploads\/sites\/2\/2022\/09\/gb-minutes-february-17-2022-FR.pdf\" target=\"_blank\">Proc\u00e8s-verbal de la r\u00e9union du CE - 17 f\u00e9vrier 2022<\/a><\/td>\n    <\/tr>\n    <tr>\n        <td><a href=\"https:\/\/hampstead.emsb.qc.ca\/wp-content\/uploads\/sites\/2\/2022\/08\/gb-minutes-november-18-2021.pdf\" target=\"_blank\">Proc\u00e8s-verbal de la r\u00e9union du CE - 18 nov. 2021<\/a><\/td>\n    <\/tr>\n<\/table>\n<\/div>\n\t\t\t\t\t<\/div><\/div>\t\t\t\t<\/div>\n\t\t\t\t<\/div>\n\t\t\t\t<div class=\"elementor-element elementor-element-f7181eb elementor-widget-tablet__width-initial elementor-widget elementor-widget-text-editor\" data-id=\"f7181eb\" data-element_type=\"widget\" data-e-type=\"widget\" data-widget_type=\"text-editor.default\">\n\t\t\t\t<div class=\"elementor-widget-container\">\n\t\t\t\t\t\t\t\t\t<h2 style=\"font-style: normal;font-weight: 550;font-size: 2.44141rem;line-height: 1;font-family: Raleway;margin-bottom: 0.6em;margin-top: 1em\">En savoir plus<\/h2>\n<p style=\"line-height: 1.6;margin-bottom: 1rem\">Pour en savoir davantage sur les conseils d'\u00e9tablissement, consultez le site Web de \nla CSEM en cliquant sur \nle lien ci-dessous :<\/p>\n<a class=\"button-rich red\" style=\"background: #ffffff;color: #000000;padding: 1rem;border: 1px solid #000000;margin: 1.5rem auto 0px;display: block;width: 250px;text-align: center\" title=\"emsb.qc.ca\" href=\"https:\/\/www.emsb.qc.ca\/fr-ca\/csem\/parents-et-communaute\/parents\/conseils-d-etablissement\" target=\"_blank\" rel=\"noopener\">Conseils d'\u00e9tablissement des \u00e9coles<\/a>\t\t\t\t\t\t\t\t<\/div>\n\t\t\t\t<\/div>\n\t\t\t\t\t<\/div>\n\t\t<\/div>\n\t\t\t\t\t<\/div>\n\t\t<\/section>\n\t\t\t\t<\/div>","protected":false},"excerpt":{"rendered":"<p>Governing Board Governing boards bring together parents, school staff, and community members who work in partnership towards the primary goal of making decisions that benefit our students. Hampstead School Governing Board The governing board is a structure that creates a partnership of parents and staff in the management of the school. The governing board is [&hellip;]<\/p>\n","protected":false},"author":3,"featured_media":0,"parent":0,"menu_order":0,"comment_status":"closed","ping_status":"closed","template":"","meta":{"site-sidebar-layout":"no-sidebar","site-content-layout":"plain-container","ast-site-content-layout":"default","site-content-style":"default","site-sidebar-style":"default","ast-global-header-display":"","ast-banner-title-visibility":"","ast-main-header-display":"","ast-hfb-above-header-display":"","ast-hfb-below-header-display":"","ast-hfb-mobile-header-display":"","site-post-title":"disabled","ast-breadcrumbs-content":"","ast-featured-img":"disabled","footer-sml-layout":"","ast-disable-related-posts":"","theme-transparent-header-meta":"default","adv-header-id-meta":"","stick-header-meta":"","header-above-stick-meta":"","header-main-stick-meta":"","header-below-stick-meta":"","astra-migrate-meta-layouts":"default","ast-page-background-enabled":"default","ast-page-background-meta":{"desktop":{"background-color":"var(--ast-global-color-4)","background-image":"","background-repeat":"repeat","background-position":"center center","background-size":"auto","background-attachment":"scroll","background-type":"","background-media":"","overlay-type":"","overlay-color":"","overlay-opacity":"","overlay-gradient":""},"tablet":{"background-color":"","background-image":"","background-repeat":"repeat","background-position":"center center","background-size":"auto","background-attachment":"scroll","background-type":"","background-media":"","overlay-type":"","overlay-color":"","overlay-opacity":"","overlay-gradient":""},"mobile":{"background-color":"","background-image":"","background-repeat":"repeat","background-position":"center center","background-size":"auto","background-attachment":"scroll","background-type":"","background-media":"","overlay-type":"","overlay-color":"","overlay-opacity":"","overlay-gradient":""}},"ast-content-background-meta":{"desktop":{"background-color":"var(--ast-global-color-5)","background-image":"","background-repeat":"repeat","background-position":"center center","background-size":"auto","background-attachment":"scroll","background-type":"","background-media":"","overlay-type":"","overlay-color":"","overlay-opacity":"","overlay-gradient":""},"tablet":{"background-color":"var(--ast-global-color-5)","background-image":"","background-repeat":"repeat","background-position":"center center","background-size":"auto","background-attachment":"scroll","background-type":"","background-media":"","overlay-type":"","overlay-color":"","overlay-opacity":"","overlay-gradient":""},"mobile":{"background-color":"var(--ast-global-color-5)","background-image":"","background-repeat":"repeat","background-position":"center center","background-size":"auto","background-attachment":"scroll","background-type":"","background-media":"","overlay-type":"","overlay-color":"","overlay-opacity":"","overlay-gradient":""}},"footnotes":""},"class_list":["post-4062","page","type-page","status-publish","hentry"],"yoast_head":"<!-- This site is optimized with the Yoast SEO plugin v27.3 - https:\/\/yoast.com\/product\/yoast-seo-wordpress\/ -->\n<title>Governing Board - Hampstead Elementary School<\/title>\n<meta name=\"robots\" content=\"index, follow, max-snippet:-1, max-image-preview:large, max-video-preview:-1\" \/>\n<link rel=\"canonical\" href=\"https:\/\/hampstead.emsb.qc.ca\/fr\/conseil-dadministration\/\" \/>\n<meta property=\"og:locale\" content=\"fr_FR\" \/>\n<meta property=\"og:type\" content=\"article\" \/>\n<meta property=\"og:title\" content=\"Governing Board - Hampstead Elementary School\" \/>\n<meta property=\"og:description\" content=\"Governing Board Governing boards bring together parents, school staff, and community members who work in partnership towards the primary goal of making decisions that benefit our students. Hampstead School Governing Board The governing board is a structure that creates a partnership of parents and staff in the management of the school. The governing board is [&hellip;]\" \/>\n<meta property=\"og:url\" content=\"https:\/\/hampstead.emsb.qc.ca\/fr\/conseil-dadministration\/\" \/>\n<meta property=\"og:site_name\" content=\"Hampstead Elementary School\" \/>\n<meta property=\"article:modified_time\" content=\"2025-02-12T20:10:06+00:00\" \/>\n<meta name=\"twitter:card\" content=\"summary_large_image\" \/>\n<meta name=\"twitter:label1\" content=\"Dur\u00e9e de lecture estim\u00e9e\" \/>\n\t<meta name=\"twitter:data1\" content=\"2 minutes\" \/>\n<script type=\"application\/ld+json\" class=\"yoast-schema-graph\">{\"@context\":\"https:\\\/\\\/schema.org\",\"@graph\":[{\"@type\":\"WebPage\",\"@id\":\"https:\\\/\\\/hampstead.emsb.qc.ca\\\/governing-board\\\/\",\"url\":\"https:\\\/\\\/hampstead.emsb.qc.ca\\\/governing-board\\\/\",\"name\":\"Governing Board - Hampstead Elementary School\",\"isPartOf\":{\"@id\":\"https:\\\/\\\/hampstead.emsb.qc.ca\\\/#website\"},\"datePublished\":\"2022-09-09T15:35:33+00:00\",\"dateModified\":\"2025-02-12T20:10:06+00:00\",\"breadcrumb\":{\"@id\":\"https:\\\/\\\/hampstead.emsb.qc.ca\\\/governing-board\\\/#breadcrumb\"},\"inLanguage\":\"fr-FR\",\"potentialAction\":[{\"@type\":\"ReadAction\",\"target\":[\"https:\\\/\\\/hampstead.emsb.qc.ca\\\/governing-board\\\/\"]}]},{\"@type\":\"BreadcrumbList\",\"@id\":\"https:\\\/\\\/hampstead.emsb.qc.ca\\\/governing-board\\\/#breadcrumb\",\"itemListElement\":[{\"@type\":\"ListItem\",\"position\":1,\"name\":\"Home\",\"item\":\"https:\\\/\\\/hampstead.emsb.qc.ca\\\/\"},{\"@type\":\"ListItem\",\"position\":2,\"name\":\"Governing Board\"}]},{\"@type\":\"WebSite\",\"@id\":\"https:\\\/\\\/hampstead.emsb.qc.ca\\\/#website\",\"url\":\"https:\\\/\\\/hampstead.emsb.qc.ca\\\/\",\"name\":\"Hampstead Elementary School\",\"description\":\"Hampstead Elementary School\",\"publisher\":{\"@id\":\"https:\\\/\\\/hampstead.emsb.qc.ca\\\/#organization\"},\"potentialAction\":[{\"@type\":\"SearchAction\",\"target\":{\"@type\":\"EntryPoint\",\"urlTemplate\":\"https:\\\/\\\/hampstead.emsb.qc.ca\\\/?s={search_term_string}\"},\"query-input\":{\"@type\":\"PropertyValueSpecification\",\"valueRequired\":true,\"valueName\":\"search_term_string\"}}],\"inLanguage\":\"fr-FR\"},{\"@type\":\"Organization\",\"@id\":\"https:\\\/\\\/hampstead.emsb.qc.ca\\\/#organization\",\"name\":\"Hampstead Elementary School\",\"url\":\"https:\\\/\\\/hampstead.emsb.qc.ca\\\/\",\"logo\":{\"@type\":\"ImageObject\",\"inLanguage\":\"fr-FR\",\"@id\":\"https:\\\/\\\/hampstead.emsb.qc.ca\\\/#\\\/schema\\\/logo\\\/image\\\/\",\"url\":\"https:\\\/\\\/hampstead.emsb.qc.ca\\\/wp-content\\\/uploads\\\/sites\\\/2\\\/2022\\\/08\\\/hampstead-logo-large.png\",\"contentUrl\":\"https:\\\/\\\/hampstead.emsb.qc.ca\\\/wp-content\\\/uploads\\\/sites\\\/2\\\/2022\\\/08\\\/hampstead-logo-large.png\",\"width\":234,\"height\":269,\"caption\":\"Hampstead Elementary School\"},\"image\":{\"@id\":\"https:\\\/\\\/hampstead.emsb.qc.ca\\\/#\\\/schema\\\/logo\\\/image\\\/\"}}]}<\/script>\n<!-- \/ Yoast SEO plugin. -->","yoast_head_json":{"title":"Conseil d'\u00e9tablissement - \u00c9cole primaire de Hampstead","robots":{"index":"index","follow":"follow","max-snippet":"max-snippet:-1","max-image-preview":"max-image-preview:large","max-video-preview":"max-video-preview:-1"},"canonical":"https:\/\/hampstead.emsb.qc.ca\/fr\/conseil-dadministration\/","og_locale":"fr_FR","og_type":"article","og_title":"Governing Board - Hampstead Elementary School","og_description":"Governing Board Governing boards bring together parents, school staff, and community members who work in partnership towards the primary goal of making decisions that benefit our students. Hampstead School Governing Board The governing board is a structure that creates a partnership of parents and staff in the management of the school. The governing board is [&hellip;]","og_url":"https:\/\/hampstead.emsb.qc.ca\/fr\/conseil-dadministration\/","og_site_name":"Hampstead Elementary School","article_modified_time":"2025-02-12T20:10:06+00:00","twitter_card":"summary_large_image","twitter_misc":{"Dur\u00e9e de lecture estim\u00e9e":"2 minutes"},"schema":{"@context":"https:\/\/schema.org","@graph":[{"@type":"WebPage","@id":"https:\/\/hampstead.emsb.qc.ca\/governing-board\/","url":"https:\/\/hampstead.emsb.qc.ca\/governing-board\/","name":"Conseil d'\u00e9tablissement - \u00c9cole primaire de Hampstead","isPartOf":{"@id":"https:\/\/hampstead.emsb.qc.ca\/#website"},"datePublished":"2022-09-09T15:35:33+00:00","dateModified":"2025-02-12T20:10:06+00:00","breadcrumb":{"@id":"https:\/\/hampstead.emsb.qc.ca\/governing-board\/#breadcrumb"},"inLanguage":"fr-FR","potentialAction":[{"@type":"ReadAction","target":["https:\/\/hampstead.emsb.qc.ca\/governing-board\/"]}]},{"@type":"BreadcrumbList","@id":"https:\/\/hampstead.emsb.qc.ca\/governing-board\/#breadcrumb","itemListElement":[{"@type":"ListItem","position":1,"name":"Home","item":"https:\/\/hampstead.emsb.qc.ca\/"},{"@type":"ListItem","position":2,"name":"Governing Board"}]},{"@type":"WebSite","@id":"https:\/\/hampstead.emsb.qc.ca\/#website","url":"https:\/\/hampstead.emsb.qc.ca\/","name":"\u00c9cole primaire Hampstead","description":"\u00c9cole primaire Hampstead","publisher":{"@id":"https:\/\/hampstead.emsb.qc.ca\/#organization"},"potentialAction":[{"@type":"SearchAction","target":{"@type":"EntryPoint","urlTemplate":"https:\/\/hampstead.emsb.qc.ca\/?s={search_term_string}"},"query-input":{"@type":"PropertyValueSpecification","valueRequired":true,"valueName":"search_term_string"}}],"inLanguage":"fr-FR"},{"@type":"Organization","@id":"https:\/\/hampstead.emsb.qc.ca\/#organization","name":"\u00c9cole primaire Hampstead","url":"https:\/\/hampstead.emsb.qc.ca\/","logo":{"@type":"ImageObject","inLanguage":"fr-FR","@id":"https:\/\/hampstead.emsb.qc.ca\/#\/schema\/logo\/image\/","url":"https:\/\/hampstead.emsb.qc.ca\/wp-content\/uploads\/sites\/2\/2022\/08\/hampstead-logo-large.png","contentUrl":"https:\/\/hampstead.emsb.qc.ca\/wp-content\/uploads\/sites\/2\/2022\/08\/hampstead-logo-large.png","width":234,"height":269,"caption":"Hampstead Elementary School"},"image":{"@id":"https:\/\/hampstead.emsb.qc.ca\/#\/schema\/logo\/image\/"}}]}},"_links":{"self":[{"href":"https:\/\/hampstead.emsb.qc.ca\/fr\/wp-json\/wp\/v2\/pages\/4062","targetHints":{"allow":["GET"]}}],"collection":[{"href":"https:\/\/hampstead.emsb.qc.ca\/fr\/wp-json\/wp\/v2\/pages"}],"about":[{"href":"https:\/\/hampstead.emsb.qc.ca\/fr\/wp-json\/wp\/v2\/types\/page"}],"author":[{"embeddable":true,"href":"https:\/\/hampstead.emsb.qc.ca\/fr\/wp-json\/wp\/v2\/users\/3"}],"replies":[{"embeddable":true,"href":"https:\/\/hampstead.emsb.qc.ca\/fr\/wp-json\/wp\/v2\/comments?post=4062"}],"version-history":[{"count":144,"href":"https:\/\/hampstead.emsb.qc.ca\/fr\/wp-json\/wp\/v2\/pages\/4062\/revisions"}],"predecessor-version":[{"id":7801,"href":"https:\/\/hampstead.emsb.qc.ca\/fr\/wp-json\/wp\/v2\/pages\/4062\/revisions\/7801"}],"wp:attachment":[{"href":"https:\/\/hampstead.emsb.qc.ca\/fr\/wp-json\/wp\/v2\/media?parent=4062"}],"curies":[{"name":"wp","href":"https:\/\/api.w.org\/{rel}","templated":true}]}}