
{"id":4035,"date":"2022-09-09T11:07:58","date_gmt":"2022-09-09T15:07:58","guid":{"rendered":"https:\/\/hampstead.propageweb.com\/?page_id=4035"},"modified":"2022-11-30T09:41:56","modified_gmt":"2022-11-30T14:41:56","slug":"parent-participation-organization","status":"publish","type":"page","link":"https:\/\/hampstead.emsb.qc.ca\/fr\/parent-participation-organisation\/","title":{"rendered":"organisme de participation des parents"},"content":{"rendered":"<div data-elementor-type=\"wp-page\" data-elementor-id=\"4035\" class=\"elementor elementor-4035\" data-elementor-post-type=\"page\">\n\t\t\t\t\t\t<section class=\"elementor-section elementor-top-section elementor-element elementor-element-4945c55 elementor-section-boxed elementor-section-height-default elementor-section-height-default\" data-id=\"4945c55\" data-element_type=\"section\" data-e-type=\"section\" data-settings=\"{&quot;jet_parallax_layout_list&quot;:[]}\">\n\t\t\t\t\t\t<div class=\"elementor-container elementor-column-gap-default\">\n\t\t\t\t\t<div class=\"elementor-column elementor-col-50 elementor-top-column elementor-element elementor-element-87fa595\" data-id=\"87fa595\" data-element_type=\"column\" data-e-type=\"column\">\n\t\t\t<div class=\"elementor-widget-wrap elementor-element-populated\">\n\t\t\t\t\t\t<div class=\"elementor-element elementor-element-ab21a78 elementor-widget elementor-widget-text-editor\" data-id=\"ab21a78\" data-element_type=\"widget\" data-e-type=\"widget\" data-widget_type=\"text-editor.default\">\n\t\t\t\t<div class=\"elementor-widget-container\">\n\t\t\t\t\t\t\t\t\t<section class=\"rich-text-area rich-text\" style=\"margin: 2rem 0px; color: #555555; font-family: 'Open Sans', sans-serif; font-size: medium;\"><div class=\"rich-text-area__container\" style=\"width: 762.667px; max-width: 72.5rem; margin-left: auto; margin-right: auto; padding-left: 0px; padding-right: 0px;\"><h1 style=\"font-style: normal; font-variant-numeric: normal; font-variant-east-asian: normal; font-weight: 550; font-stretch: normal; font-size: 3.05176rem; margin-bottom: 1em !important;\">organisme de participation des parents<\/h1><\/div><\/section><section class=\"rich-text-area rich-text\" style=\"margin: 2rem 0px; color: #555555; font-family: 'Open Sans', sans-serif; font-size: medium;\"><div class=\"rich-text-area__container\" style=\"width: 762.667px; max-width: 72.5rem; margin-left: auto; margin-right: auto; padding-left: 0px; padding-right: 0px;\"><p><span style=\"font-family: 'Open Sans', sans-serif;\">L'organisme de participation des parents (OPP) permet \u00e0 un plus grand nombre de parents de participer \u00e0 la vie quotidienne de l'\u00e9cole.<\/span><\/p><h1><strong>Quelles sont les fonctions de l'organisme de participation des parents?<br \/><br \/><\/strong><\/h1><p>L'OPP a un double objectif :<\/p><ul style=\"margin-bottom: 0.5rem; margin-left: 1rem;\"><li style=\"padding-top: 0.5rem; padding-left: 0.5rem; line-height: 1.6;\">encourager la participation des parents \u00e0 la r\u00e9ussite scolaire de leur enfant;<\/li><li style=\"padding-top: 0.5rem; padding-left: 0.5rem; line-height: 1.6;\">collaborer \u00e0 l'\u00e9laboration, la mise en \u0153uvre et l'\u00e9valuation du projet \u00e9ducatif de<br \/>l'\u00e9cole.<\/li><\/ul><p style=\"line-height: 1.6; margin-bottom: 2rem;\">En outre, il peut donner son avis au conseil d'\u00e9tablissement sur les pr\u00e9occupations des parents. Le conseil d'\u00e9tablissement peut consulter l'OPP pour obtenir l'opinion et les id\u00e9es des parents (art. 96-3).<\/p><p style=\"line-height: 1.6; margin-bottom: 2rem;\">L'organisme de participation des parents peut jouer un r\u00f4le pr\u00e9cieux et soutenir le travail du conseil d'\u00e9tablissement en entretenant une communication efficace avec l'ensemble des parents :<\/p><ul style=\"margin-bottom: 0.5rem; margin-left: 1rem;\"><li style=\"padding-top: 0.5rem; padding-left: 0.5rem; line-height: 1.6;\">informer les parents sur les activit\u00e9s et les besoins de l'\u00e9cole;<\/li><li style=\"padding-top: 0.5rem; padding-left: 0.5rem; line-height: 1.6;\">identifier les pr\u00e9occupations des parents.<\/li><\/ul><p style=\"line-height: 1.6; margin-bottom: 2rem;\">Il n'existe aucun r\u00e8glement qui r\u00e9git la taille et le fonctionnement g\u00e9n\u00e9ral d'un organisme de participation des parents. Outre la r\u00e9alisation de l'objectif tel que d\u00e9fini par la loi, il a est sugg\u00e9r\u00e9 que des sous-comit\u00e9s puissent \u00eatre form\u00e9s au sein de l'OPP et charg\u00e9s de t\u00e2ches sp\u00e9cifiques, notamment la s\u00e9curit\u00e9, une infolettre, une foire du livre, etc.<\/p><p style=\"line-height: 1.6; margin-bottom: 2rem;\">Chaque \u00e9cole dispose de la marge de manoeuvre n\u00e9cessaire pour organiser son OPP en fonction de sa situation, c'est-\u00e0-dire le nombre de parents qui souhaitent s'impliquer et les t\u00e2ches \u00e0 accomplir.<\/p><p style=\"line-height: 1.6; margin-bottom: 2rem;\">Il importe surtout que l'OPP et le conseil d'\u00e9tablissement collaborent \u00e9troitement pour s'assurer que tous travaillent \u00e0 la r\u00e9alisation des m\u00eames objectifs.<\/p><\/div><\/section>\t\t\t\t\t\t\t\t<\/div>\n\t\t\t\t<\/div>\n\t\t\t\t\t<\/div>\n\t\t<\/div>\n\t\t\t\t<div class=\"elementor-column elementor-col-50 elementor-top-column elementor-element elementor-element-20b88dd\" data-id=\"20b88dd\" data-element_type=\"column\" data-e-type=\"column\">\n\t\t\t<div class=\"elementor-widget-wrap elementor-element-populated\">\n\t\t\t\t\t\t<div class=\"elementor-element elementor-element-d3cbd2b elementor-widget elementor-widget-eael-adv-accordion\" data-id=\"d3cbd2b\" data-element_type=\"widget\" data-e-type=\"widget\" data-widget_type=\"eael-adv-accordion.default\">\n\t\t\t\t<div class=\"elementor-widget-container\">\n\t\t\t\t\t            <div class=\"eael-adv-accordion\" id=\"eael-adv-accordion-d3cbd2b\" data-scroll-on-click=\"no\" data-scroll-speed=\"300\" data-accordion-id=\"d3cbd2b\" data-accordion-type=\"accordion\" data-toogle-speed=\"300\">\n            <\/div>\t\t\t\t<\/div>\n\t\t\t\t<\/div>\n\t\t\t\t<div class=\"elementor-element elementor-element-2add4e3 elementor-widget elementor-widget-text-editor\" data-id=\"2add4e3\" data-element_type=\"widget\" data-e-type=\"widget\" data-widget_type=\"text-editor.default\">\n\t\t\t\t<div class=\"elementor-widget-container\">\n\t\t\t\t\t\t\t\t\t<section class=\"document-listing\" style=\"padding: 2rem 0px 0px; color: #555555; font-family: 'Open Sans', sans-serif; font-size: medium;\"><div class=\"document-listing__container\" style=\"width: 365.323px; max-width: 72.5rem; margin-left: auto; margin-right: auto; padding-left: 0px; padding-right: 0px;\"><div class=\"document-listing__item accordion\" style=\"background-image: initial; background-position: initial; background-size: initial; background-repeat: initial; background-attachment: initial; background-origin: initial; background-clip: initial; margin-bottom: 0px;\" data-bind=\"toggleOnClick: { tabContentClassToAdd: 'accordion__content--open', tabGroup: 'accordion-26940', tabClassToAdd: 'accordion__title--active'}\"><div class=\"accordion__content rich-text\" style=\"padding: 0px 1rem; max-height: 0px; overflow: hidden; transition: all 0.3s ease-out 0s;\" data-toggle-click-content=\"true\" data-toggle-click-group=\"accordion-26940\" data-toggle-click-index=\"accordion-item-26939\">\u00a0<\/div><\/div><\/div><\/section><section class=\"rich-text-area rich-text\" style=\"margin: 2rem 0px 0px; color: #555555; font-family: 'Open Sans', sans-serif; font-size: medium;\"><div class=\"rich-text-area__container\" style=\"width: 365.323px; max-width: 72.5rem; margin-left: auto; margin-right: auto; padding-left: 0px; padding-right: 0px;\"><div class=\"info-box darkblue\" style=\"position: relative; width: 365.323px; padding: 25px; margin-bottom: 25px; color: #ffffff; background: #023a4e;\"><h4 style=\"font-style: normal; font-variant-numeric: normal; font-variant-east-asian: normal; font-weight: bold; font-stretch: normal; font-size: 1.2rem; line-height: 1.2; margin-bottom: 0.6em; color: #ffffff;\">En savoir plus sur le b\u00e9n\u00e9volat<\/h4><p style=\"line-height: 1.6; margin-bottom: 1rem;\">Pour en savoir plus sur les occasions de b\u00e9n\u00e9volat \u00e0 l'\u00e9cole, consultez le site de la CSEM.<\/p><p><a class=\"button-rich\" style=\"color: #ffffff; padding: 1rem; border: 1px solid #ffffff; margin: 1.5rem auto 0px; display: block; width: 315.323px; text-align: center; transition-timing-function: ease;\" href=\"https:\/\/www.emsb.qc.ca\/emsb\/community\/volunteers\/parent-organizations\" target=\"_blank\" rel=\"noopener\">Organismes de parents b\u00e9n\u00e9voles<\/a><\/p><\/div><\/div><div class=\"rich-text-area__container\" style=\"width: 365.323px; max-width: 72.5rem; margin-left: auto; margin-right: auto; padding-left: 0px; padding-right: 0px;\"><div class=\"info-box lightgray\" style=\"position: relative; width: 365.323px; padding: 25px; margin-bottom: 25px; color: #6d6d6d; border: 1px solid rgba(0, 0, 0, 0.23); background-color: rgba(128, 128, 128, 0.08);\"><h2 style=\"font-style: normal; font-variant-numeric: normal; font-variant-east-asian: normal; font-weight: 550; font-stretch: normal; font-size: 2.44141rem; line-height: 1; font-family: Raleway; margin-bottom: 0.6em;\">\u00c9v\u00e9nements de l'OPP<\/h2><h5 style=\"font-style: normal; font-variant-numeric: normal; font-variant-east-asian: normal; font-weight: 500; font-stretch: normal; font-size: 1.25rem; line-height: 1.2; font-family: Raleway; margin-top: 2em; margin-bottom: 0.3em;\">OFFRES-REPAS MENSUELLES<\/h5><ul style=\"margin-bottom: 0.5rem; margin-left: 1rem;\"><li style=\"padding-top: 0.5rem; padding-left: 0.5rem; line-height: 1.6;\">Journ\u00e9e de la pizza<\/li><li style=\"padding-top: 0.5rem; padding-left: 0.5rem; line-height: 1.6;\">TCBY<\/li><li style=\"padding-top: 0.5rem; padding-left: 0.5rem; line-height: 1.6;\">Subway<\/li><\/ul><h5 style=\"font-style: normal; font-variant-numeric: normal; font-variant-east-asian: normal; font-weight: 500; font-stretch: normal; font-size: 1.25rem; line-height: 1.2; font-family: Raleway; margin-top: 2em; margin-bottom: 0.3em;\">ACTIVIT\u00c9S DE FINANCEMENT<\/h5><ul style=\"margin-bottom: 0.5rem; margin-left: 1rem;\"><li style=\"padding-top: 0.5rem; padding-left: 0.5rem; line-height: 1.6;\">Vente de p\u00e2tisseries maison<\/li><li style=\"padding-top: 0.5rem; padding-left: 0.5rem; line-height: 1.6;\">Danses<\/li><li style=\"padding-top: 0.5rem; padding-left: 0.5rem; line-height: 1.6;\">Foire du livre de Scholastic<\/li><li style=\"padding-top: 0.5rem; padding-left: 0.5rem; line-height: 1.6;\">Collecte printani\u00e8re de pi\u00e8ces de monnaie<\/li><\/ul><h5 style=\"font-style: normal; font-variant-numeric: normal; font-variant-east-asian: normal; font-weight: 500; font-stretch: normal; font-size: 1.25rem; line-height: 1.2; font-family: Raleway; margin-top: 2em; margin-bottom: 0.3em;\">ACTIVIT\u00c9S SOUTENUES<\/h5><ul style=\"margin-bottom: 0.5rem; margin-left: 1rem;\"><li style=\"padding-top: 0.5rem; padding-left: 0.5rem; line-height: 1.6;\">Journ\u00e9e des photos scolaires<\/li><li style=\"padding-top: 0.5rem; padding-left: 0.5rem; line-height: 1.6;\">Sc\u00e8ne d'Halloween hant\u00e9e<\/li><li style=\"padding-top: 0.5rem; padding-left: 0.5rem; line-height: 1.6;\">Semaine des enseignantes et des enseignants<\/li><li style=\"padding-top: 0.5rem; padding-left: 0.5rem; line-height: 1.6;\">Journ\u00e9e suppl\u00e9mentaire de la biblioth\u00e8que<\/li><li style=\"padding-top: 0.5rem; padding-left: 0.5rem; line-height: 1.6;\">Portes ouvertes<\/li><li style=\"padding-top: 0.5rem; padding-left: 0.5rem; line-height: 1.6;\">D\u00e9corations du hall d'entr\u00e9e<\/li><li style=\"padding-top: 0.5rem; padding-left: 0.5rem; line-height: 1.6;\">Uniformes<\/li><li style=\"padding-top: 0.5rem; padding-left: 0.5rem; line-height: 1.6;\">Concert du printemps<\/li><li style=\"padding-top: 0.5rem; padding-left: 0.5rem; line-height: 1.6;\">Excursions<\/li><\/ul><\/div><\/div><\/section>\t\t\t\t\t\t\t\t<\/div>\n\t\t\t\t<\/div>\n\t\t\t\t\t<\/div>\n\t\t<\/div>\n\t\t\t\t\t<\/div>\n\t\t<\/section>\n\t\t\t\t<\/div>","protected":false},"excerpt":{"rendered":"<p>Parent Participation Organization The Parent Participation Organization (P.P.O.) gives the opportunity to a larger number of parents to be involved in the day-to-day life of a school. What are the functions of a Parent Participation Organization? The P.P.O. has a twofold purpose: to encourage parents to be involved in fostering their child&#8217;s academic success to [&hellip;]<\/p>\n","protected":false},"author":3,"featured_media":0,"parent":0,"menu_order":0,"comment_status":"closed","ping_status":"closed","template":"","meta":{"site-sidebar-layout":"no-sidebar","site-content-layout":"page-builder","ast-site-content-layout":"default","site-content-style":"default","site-sidebar-style":"default","ast-global-header-display":"","ast-banner-title-visibility":"","ast-main-header-display":"","ast-hfb-above-header-display":"","ast-hfb-below-header-display":"","ast-hfb-mobile-header-display":"","site-post-title":"disabled","ast-breadcrumbs-content":"","ast-featured-img":"disabled","footer-sml-layout":"","ast-disable-related-posts":"","theme-transparent-header-meta":"default","adv-header-id-meta":"","stick-header-meta":"","header-above-stick-meta":"","header-main-stick-meta":"","header-below-stick-meta":"","astra-migrate-meta-layouts":"default","ast-page-background-enabled":"default","ast-page-background-meta":{"desktop":{"background-color":"var(--ast-global-color-4)","background-image":"","background-repeat":"repeat","background-position":"center center","background-size":"auto","background-attachment":"scroll","background-type":"","background-media":"","overlay-type":"","overlay-color":"","overlay-opacity":"","overlay-gradient":""},"tablet":{"background-color":"","background-image":"","background-repeat":"repeat","background-position":"center center","background-size":"auto","background-attachment":"scroll","background-type":"","background-media":"","overlay-type":"","overlay-color":"","overlay-opacity":"","overlay-gradient":""},"mobile":{"background-color":"","background-image":"","background-repeat":"repeat","background-position":"center center","background-size":"auto","background-attachment":"scroll","background-type":"","background-media":"","overlay-type":"","overlay-color":"","overlay-opacity":"","overlay-gradient":""}},"ast-content-background-meta":{"desktop":{"background-color":"var(--ast-global-color-5)","background-image":"","background-repeat":"repeat","background-position":"center center","background-size":"auto","background-attachment":"scroll","background-type":"","background-media":"","overlay-type":"","overlay-color":"","overlay-opacity":"","overlay-gradient":""},"tablet":{"background-color":"var(--ast-global-color-5)","background-image":"","background-repeat":"repeat","background-position":"center center","background-size":"auto","background-attachment":"scroll","background-type":"","background-media":"","overlay-type":"","overlay-color":"","overlay-opacity":"","overlay-gradient":""},"mobile":{"background-color":"var(--ast-global-color-5)","background-image":"","background-repeat":"repeat","background-position":"center center","background-size":"auto","background-attachment":"scroll","background-type":"","background-media":"","overlay-type":"","overlay-color":"","overlay-opacity":"","overlay-gradient":""}},"footnotes":""},"class_list":["post-4035","page","type-page","status-publish","hentry"],"yoast_head":"<!-- This site is optimized with the Yoast SEO plugin v27.3 - https:\/\/yoast.com\/product\/yoast-seo-wordpress\/ -->\n<title>Parent Participation Organization - Hampstead Elementary School<\/title>\n<meta name=\"robots\" content=\"index, follow, max-snippet:-1, max-image-preview:large, max-video-preview:-1\" \/>\n<link rel=\"canonical\" href=\"https:\/\/hampstead.emsb.qc.ca\/fr\/parent-participation-organisation\/\" \/>\n<meta property=\"og:locale\" content=\"fr_FR\" \/>\n<meta property=\"og:type\" content=\"article\" \/>\n<meta property=\"og:title\" content=\"Parent Participation Organization - Hampstead Elementary School\" \/>\n<meta property=\"og:description\" content=\"Parent Participation Organization The Parent Participation Organization (P.P.O.) gives the opportunity to a larger number of parents to be involved in the day-to-day life of a school. What are the functions of a Parent Participation Organization? The P.P.O. has a twofold purpose: to encourage parents to be involved in fostering their child&#8217;s academic success to [&hellip;]\" \/>\n<meta property=\"og:url\" content=\"https:\/\/hampstead.emsb.qc.ca\/fr\/parent-participation-organisation\/\" \/>\n<meta property=\"og:site_name\" content=\"Hampstead Elementary School\" \/>\n<meta property=\"article:modified_time\" content=\"2022-11-30T14:41:56+00:00\" \/>\n<meta name=\"twitter:card\" content=\"summary_large_image\" \/>\n<meta name=\"twitter:label1\" content=\"Dur\u00e9e de lecture estim\u00e9e\" \/>\n\t<meta name=\"twitter:data1\" content=\"1 minute\" \/>\n<script type=\"application\/ld+json\" class=\"yoast-schema-graph\">{\"@context\":\"https:\\\/\\\/schema.org\",\"@graph\":[{\"@type\":\"WebPage\",\"@id\":\"https:\\\/\\\/hampstead.emsb.qc.ca\\\/fr\\\/parent-participation-organisation\\\/\",\"url\":\"https:\\\/\\\/hampstead.emsb.qc.ca\\\/fr\\\/parent-participation-organisation\\\/\",\"name\":\"Parent Participation Organization - Hampstead Elementary School\",\"isPartOf\":{\"@id\":\"https:\\\/\\\/hampstead.emsb.qc.ca\\\/#website\"},\"datePublished\":\"2022-09-09T15:07:58+00:00\",\"dateModified\":\"2022-11-30T14:41:56+00:00\",\"breadcrumb\":{\"@id\":\"https:\\\/\\\/hampstead.emsb.qc.ca\\\/fr\\\/parent-participation-organisation\\\/#breadcrumb\"},\"inLanguage\":\"fr-FR\",\"potentialAction\":[{\"@type\":\"ReadAction\",\"target\":[\"https:\\\/\\\/hampstead.emsb.qc.ca\\\/fr\\\/parent-participation-organisation\\\/\"]}]},{\"@type\":\"BreadcrumbList\",\"@id\":\"https:\\\/\\\/hampstead.emsb.qc.ca\\\/fr\\\/parent-participation-organisation\\\/#breadcrumb\",\"itemListElement\":[{\"@type\":\"ListItem\",\"position\":1,\"name\":\"Home\",\"item\":\"https:\\\/\\\/hampstead.emsb.qc.ca\\\/\"},{\"@type\":\"ListItem\",\"position\":2,\"name\":\"Parent Participation Organization\"}]},{\"@type\":\"WebSite\",\"@id\":\"https:\\\/\\\/hampstead.emsb.qc.ca\\\/#website\",\"url\":\"https:\\\/\\\/hampstead.emsb.qc.ca\\\/\",\"name\":\"Hampstead Elementary School\",\"description\":\"Hampstead Elementary School\",\"publisher\":{\"@id\":\"https:\\\/\\\/hampstead.emsb.qc.ca\\\/#organization\"},\"potentialAction\":[{\"@type\":\"SearchAction\",\"target\":{\"@type\":\"EntryPoint\",\"urlTemplate\":\"https:\\\/\\\/hampstead.emsb.qc.ca\\\/?s={search_term_string}\"},\"query-input\":{\"@type\":\"PropertyValueSpecification\",\"valueRequired\":true,\"valueName\":\"search_term_string\"}}],\"inLanguage\":\"fr-FR\"},{\"@type\":\"Organization\",\"@id\":\"https:\\\/\\\/hampstead.emsb.qc.ca\\\/#organization\",\"name\":\"Hampstead Elementary School\",\"url\":\"https:\\\/\\\/hampstead.emsb.qc.ca\\\/\",\"logo\":{\"@type\":\"ImageObject\",\"inLanguage\":\"fr-FR\",\"@id\":\"https:\\\/\\\/hampstead.emsb.qc.ca\\\/#\\\/schema\\\/logo\\\/image\\\/\",\"url\":\"https:\\\/\\\/hampstead.emsb.qc.ca\\\/wp-content\\\/uploads\\\/sites\\\/2\\\/2022\\\/08\\\/hampstead-logo-large.png\",\"contentUrl\":\"https:\\\/\\\/hampstead.emsb.qc.ca\\\/wp-content\\\/uploads\\\/sites\\\/2\\\/2022\\\/08\\\/hampstead-logo-large.png\",\"width\":234,\"height\":269,\"caption\":\"Hampstead Elementary School\"},\"image\":{\"@id\":\"https:\\\/\\\/hampstead.emsb.qc.ca\\\/#\\\/schema\\\/logo\\\/image\\\/\"}}]}<\/script>\n<!-- \/ Yoast SEO plugin. -->","yoast_head_json":{"title":"Organisme de participation des parents - \u00c9cole primaire de Hampstead","robots":{"index":"index","follow":"follow","max-snippet":"max-snippet:-1","max-image-preview":"max-image-preview:large","max-video-preview":"max-video-preview:-1"},"canonical":"https:\/\/hampstead.emsb.qc.ca\/fr\/parent-participation-organisation\/","og_locale":"fr_FR","og_type":"article","og_title":"Parent Participation Organization - Hampstead Elementary School","og_description":"Parent Participation Organization The Parent Participation Organization (P.P.O.) gives the opportunity to a larger number of parents to be involved in the day-to-day life of a school. What are the functions of a Parent Participation Organization? The P.P.O. has a twofold purpose: to encourage parents to be involved in fostering their child&#8217;s academic success to [&hellip;]","og_url":"https:\/\/hampstead.emsb.qc.ca\/fr\/parent-participation-organisation\/","og_site_name":"Hampstead Elementary School","article_modified_time":"2022-11-30T14:41:56+00:00","twitter_card":"summary_large_image","twitter_misc":{"Dur\u00e9e de lecture estim\u00e9e":"1 minute"},"schema":{"@context":"https:\/\/schema.org","@graph":[{"@type":"WebPage","@id":"https:\/\/hampstead.emsb.qc.ca\/fr\/parent-participation-organisation\/","url":"https:\/\/hampstead.emsb.qc.ca\/fr\/parent-participation-organisation\/","name":"Organisme de participation des parents - \u00c9cole primaire de Hampstead","isPartOf":{"@id":"https:\/\/hampstead.emsb.qc.ca\/#website"},"datePublished":"2022-09-09T15:07:58+00:00","dateModified":"2022-11-30T14:41:56+00:00","breadcrumb":{"@id":"https:\/\/hampstead.emsb.qc.ca\/fr\/parent-participation-organisation\/#breadcrumb"},"inLanguage":"fr-FR","potentialAction":[{"@type":"ReadAction","target":["https:\/\/hampstead.emsb.qc.ca\/fr\/parent-participation-organisation\/"]}]},{"@type":"BreadcrumbList","@id":"https:\/\/hampstead.emsb.qc.ca\/fr\/parent-participation-organisation\/#breadcrumb","itemListElement":[{"@type":"ListItem","position":1,"name":"Home","item":"https:\/\/hampstead.emsb.qc.ca\/"},{"@type":"ListItem","position":2,"name":"Parent Participation Organization"}]},{"@type":"WebSite","@id":"https:\/\/hampstead.emsb.qc.ca\/#website","url":"https:\/\/hampstead.emsb.qc.ca\/","name":"\u00c9cole primaire Hampstead","description":"\u00c9cole primaire Hampstead","publisher":{"@id":"https:\/\/hampstead.emsb.qc.ca\/#organization"},"potentialAction":[{"@type":"SearchAction","target":{"@type":"EntryPoint","urlTemplate":"https:\/\/hampstead.emsb.qc.ca\/?s={search_term_string}"},"query-input":{"@type":"PropertyValueSpecification","valueRequired":true,"valueName":"search_term_string"}}],"inLanguage":"fr-FR"},{"@type":"Organization","@id":"https:\/\/hampstead.emsb.qc.ca\/#organization","name":"\u00c9cole primaire Hampstead","url":"https:\/\/hampstead.emsb.qc.ca\/","logo":{"@type":"ImageObject","inLanguage":"fr-FR","@id":"https:\/\/hampstead.emsb.qc.ca\/#\/schema\/logo\/image\/","url":"https:\/\/hampstead.emsb.qc.ca\/wp-content\/uploads\/sites\/2\/2022\/08\/hampstead-logo-large.png","contentUrl":"https:\/\/hampstead.emsb.qc.ca\/wp-content\/uploads\/sites\/2\/2022\/08\/hampstead-logo-large.png","width":234,"height":269,"caption":"Hampstead Elementary School"},"image":{"@id":"https:\/\/hampstead.emsb.qc.ca\/#\/schema\/logo\/image\/"}}]}},"_links":{"self":[{"href":"https:\/\/hampstead.emsb.qc.ca\/fr\/wp-json\/wp\/v2\/pages\/4035","targetHints":{"allow":["GET"]}}],"collection":[{"href":"https:\/\/hampstead.emsb.qc.ca\/fr\/wp-json\/wp\/v2\/pages"}],"about":[{"href":"https:\/\/hampstead.emsb.qc.ca\/fr\/wp-json\/wp\/v2\/types\/page"}],"author":[{"embeddable":true,"href":"https:\/\/hampstead.emsb.qc.ca\/fr\/wp-json\/wp\/v2\/users\/3"}],"replies":[{"embeddable":true,"href":"https:\/\/hampstead.emsb.qc.ca\/fr\/wp-json\/wp\/v2\/comments?post=4035"}],"version-history":[{"count":14,"href":"https:\/\/hampstead.emsb.qc.ca\/fr\/wp-json\/wp\/v2\/pages\/4035\/revisions"}],"predecessor-version":[{"id":6174,"href":"https:\/\/hampstead.emsb.qc.ca\/fr\/wp-json\/wp\/v2\/pages\/4035\/revisions\/6174"}],"wp:attachment":[{"href":"https:\/\/hampstead.emsb.qc.ca\/fr\/wp-json\/wp\/v2\/media?parent=4035"}],"curies":[{"name":"wp","href":"https:\/\/api.w.org\/{rel}","templated":true}]}}