
{"id":3983,"date":"2022-09-09T09:49:07","date_gmt":"2022-09-09T13:49:07","guid":{"rendered":"https:\/\/hampstead.propageweb.com\/?page_id=3983"},"modified":"2023-01-31T12:26:59","modified_gmt":"2023-01-31T17:26:59","slug":"lunch-catering-services","status":"publish","type":"page","link":"https:\/\/hampstead.emsb.qc.ca\/fr\/services-de-restauration-pour-le-dejeuner\/","title":{"rendered":"Services traiteur de d\u00eener"},"content":{"rendered":"<div data-elementor-type=\"wp-page\" data-elementor-id=\"3983\" class=\"elementor elementor-3983\" data-elementor-post-type=\"page\">\n\t\t\t\t\t\t<section class=\"elementor-section elementor-top-section elementor-element elementor-element-fb8dc43 elementor-section-full_width elementor-section-height-min-height elementor-section-height-default elementor-section-items-middle\" data-id=\"fb8dc43\" data-element_type=\"section\" data-e-type=\"section\" data-settings=\"{&quot;background_background&quot;:&quot;classic&quot;,&quot;jet_parallax_layout_list&quot;:[]}\">\n\t\t\t\t\t\t\t<div class=\"elementor-background-overlay\"><\/div>\n\t\t\t\t\t\t\t<div class=\"elementor-container elementor-column-gap-default\">\n\t\t\t\t\t<div class=\"elementor-column elementor-col-100 elementor-top-column elementor-element elementor-element-dd17309\" data-id=\"dd17309\" data-element_type=\"column\" data-e-type=\"column\">\n\t\t\t<div class=\"elementor-widget-wrap elementor-element-populated\">\n\t\t\t\t\t\t<div class=\"elementor-element elementor-element-b6b977a elementor-widget elementor-widget-heading\" data-id=\"b6b977a\" data-element_type=\"widget\" data-e-type=\"widget\" data-widget_type=\"heading.default\">\n\t\t\t\t<div class=\"elementor-widget-container\">\n\t\t\t\t\t<h2 class=\"elementor-heading-title elementor-size-default\">Services traiteur de d\u00eener<\/h2>\t\t\t\t<\/div>\n\t\t\t\t<\/div>\n\t\t\t\t\t<\/div>\n\t\t<\/div>\n\t\t\t\t\t<\/div>\n\t\t<\/section>\n\t\t\t\t<section class=\"elementor-section elementor-top-section elementor-element elementor-element-d4b4694 elementor-section-boxed elementor-section-height-default elementor-section-height-default\" data-id=\"d4b4694\" data-element_type=\"section\" data-e-type=\"section\" data-settings=\"{&quot;jet_parallax_layout_list&quot;:[]}\">\n\t\t\t\t\t\t<div class=\"elementor-container elementor-column-gap-default\">\n\t\t\t\t\t<div class=\"elementor-column elementor-col-50 elementor-top-column elementor-element elementor-element-1999e0f\" data-id=\"1999e0f\" data-element_type=\"column\" data-e-type=\"column\">\n\t\t\t<div class=\"elementor-widget-wrap elementor-element-populated\">\n\t\t\t\t\t\t<div class=\"elementor-element elementor-element-3666525 elementor-widget elementor-widget-text-editor\" data-id=\"3666525\" data-element_type=\"widget\" data-e-type=\"widget\" data-widget_type=\"text-editor.default\">\n\t\t\t\t<div class=\"elementor-widget-container\">\n\t\t\t\t\t\t\t\t\t<h5 style=\"font-style: normal;font-weight: 500;font-size: 1.25rem;line-height: 1.2;font-family: Raleway;margin-top: 2em;margin-bottom: 0.3em;color: #555555\">L'\u00e9cole Hampstead fournit des collations et des repas sains \u00e0 ses \u00e9l\u00e8ves par l'entremise du traiteur scolaire Merenda. Les parents peuvent consulter les menus et commander les repas de leurs enfants en ligne en visitant le site Web de Merenda.<\/h5>\t\t\t\t\t\t\t\t<\/div>\n\t\t\t\t<\/div>\n\t\t\t\t<div class=\"elementor-element elementor-element-8b0dc5d elementor-widget elementor-widget-text-editor\" data-id=\"8b0dc5d\" data-element_type=\"widget\" data-e-type=\"widget\" data-widget_type=\"text-editor.default\">\n\t\t\t\t<div class=\"elementor-widget-container\">\n\t\t\t\t\t\t\t\t\t<h5 style=\"font-style: normal;font-weight: 500;font-size: 1.25rem;line-height: 1.2;font-family: Raleway;margin-top: 2em;margin-bottom: 0.3em;color: #555555\">\u00a0<\/h5><h5 style=\"font-style: normal;font-weight: 500;font-size: 1.25rem;line-height: 1.2;font-family: Raleway;margin-top: 2em;margin-bottom: 0.3em;color: #555555\"><a href=\"https:\/\/www.traiteurmerenda.com\/accueil.html\"><img decoding=\"async\" style=\"font-weight: inherit;color: #3a3a3a;font-family: Georgia, 'Times New Roman', 'Bitstream Charter', Times, serif;font-size: 16px\" src=\"https:\/\/hampstead.emsb.qc.ca\/wp-content\/uploads\/sites\/2\/2023\/02\/merenda-fr.jpeg\" alt=\"MERENDA\" \/><\/a><\/h5><p>\u00a0 \u00a0 \u00a0 \u00a0 \u00a0 \u00a0 \u00a0 \u00a0 \u00a0 \u00a0 \u00a0 \u00a0 \u00a0 \u00a0 \u00a0 \u00a0 \u00a0Visitez le site Web du traiteur scolaire Merenda<\/p><h3 style=\"margin-top: 2em;margin-bottom: 0.3em;padding-bottom: 0.2em;border-bottom: 1px solid #aaaaaa;font-style: normal;font-weight: 500;font-size: 1.95312rem;line-height: 1.2;font-family: Raleway;color: #555555\">Bon \u00e0 savoir<\/h3><ul class=\"interiorTextBulleted\" style=\"font-family: 'Open Sans', sans-serif;margin-bottom: 0.5rem;margin-left: 1rem;color: #555555;font-size: medium;font-style: normal;font-weight: 400\"><li style=\"padding-top: 0.5rem;padding-left: 0.5rem;line-height: 1.6\"><h5 style=\"font-style: normal;font-weight: 500;font-size: 1.25rem;line-height: 1.2;font-family: Raleway;margin-top: 2em;margin-bottom: 0.3em\">Les \u00e9l\u00e8ves mangent leur lunch dans la salle de repas en pr\u00e9sence de surveillants. Il ne s'agit pas d'une caf\u00e9t\u00e9ria.<\/h5><\/li><li style=\"padding-top: 0.5rem;padding-left: 0.5rem;line-height: 1.6\"><h5 style=\"font-style: normal;font-weight: 500;font-size: 1.25rem;line-height: 1.2;font-family: Raleway;margin-top: 2em;margin-bottom: 0.3em\">Les enfants peuvent apporter un lunch de la maison ou, si vous le pr\u00e9f\u00e9rez, des repas chauds sont offerts chaque jour par Merenda, traiteur approuv\u00e9 par la CSEM. Meranda propose des menus sains \u00e0 prix raisonnables. Les repas chauds sont livr\u00e9s dans la salle de repas. L'envoi de formulaires de commande a lieu p\u00e9riodiquement.<\/h5><\/li><\/ul>\t\t\t\t\t\t\t\t<\/div>\n\t\t\t\t<\/div>\n\t\t\t\t\t<\/div>\n\t\t<\/div>\n\t\t\t\t<div class=\"elementor-column elementor-col-50 elementor-top-column elementor-element elementor-element-3511946\" data-id=\"3511946\" data-element_type=\"column\" data-e-type=\"column\">\n\t\t\t<div class=\"elementor-widget-wrap elementor-element-populated\">\n\t\t\t\t\t\t<div class=\"elementor-element elementor-element-039f65b elementor-widget elementor-widget-text-editor\" data-id=\"039f65b\" data-element_type=\"widget\" data-e-type=\"widget\" data-widget_type=\"text-editor.default\">\n\t\t\t\t<div class=\"elementor-widget-container\">\n\t\t\t\t\t\t\t\t\t<section class=\"rich-text-area rich-text\" style=\"margin: 2rem 0px\"><div class=\"rich-text-area__container\" style=\"font-family: 'Open Sans', sans-serif;width: 365.323px;max-width: 72.5rem;margin-left: auto;margin-right: auto;padding-left: 0px;padding-right: 0px\"><h5 style=\"font-style: normal;font-weight: 500;font-size: 1.25rem;line-height: 1.2;font-family: Raleway;margin-top: 2em;margin-bottom: 0.3em\">Il est possible de t\u00e9l\u00e9charger et d'imprimer les menus et autres renseignements que vous trouverez ci-dessous :<\/h5><\/div><\/section>\t\t\t\t\t\t\t\t<\/div>\n\t\t\t\t<\/div>\n\t\t\t\t<div class=\"elementor-element elementor-element-ae0728a elementor-widget elementor-widget-eael-adv-accordion\" data-id=\"ae0728a\" data-element_type=\"widget\" data-e-type=\"widget\" data-widget_type=\"eael-adv-accordion.default\">\n\t\t\t\t<div class=\"elementor-widget-container\">\n\t\t\t\t\t            <div class=\"eael-adv-accordion\" id=\"eael-adv-accordion-ae0728a\" data-scroll-on-click=\"no\" data-scroll-speed=\"300\" data-accordion-id=\"ae0728a\" data-accordion-type=\"accordion\" data-toogle-speed=\"300\">\n            <\/div>\t\t\t\t<\/div>\n\t\t\t\t<\/div>\n\t\t\t\t\t<\/div>\n\t\t<\/div>\n\t\t\t\t\t<\/div>\n\t\t<\/section>\n\t\t\t\t<\/div>","protected":false},"excerpt":{"rendered":"<p>\/*! elementor &#8211; v3.10.2 &#8211; 29-01-2023 *\/ .elementor-heading-title{padding:0;margin:0;line-height:1}.elementor-widget-heading .elementor-heading-title[class*=elementor-size-]&gt;a{color:inherit;font-size:inherit;line-height:inherit}.elementor-widget-heading .elementor-heading-title.elementor-size-small{font-size:15px}.elementor-widget-heading .elementor-heading-title.elementor-size-medium{font-size:19px}.elementor-widget-heading .elementor-heading-title.elementor-size-large{font-size:29px}.elementor-widget-heading .elementor-heading-title.elementor-size-xl{font-size:39px}.elementor-widget-heading .elementor-heading-title.elementor-size-xxl{font-size:59px} Lunch Catering Services Hampstead provides healthy lunches and snacks to our students through Merenda School Catering. Parents can view menus and order their children&#8217;s meals online by visiting their website. \u00a0 \u00a0 \u00a0 \u00a0 \u00a0 \u00a0 \u00a0 \u00a0 \u00a0 \u00a0 \u00a0 [&hellip;]<\/p>\n","protected":false},"author":3,"featured_media":0,"parent":0,"menu_order":0,"comment_status":"closed","ping_status":"closed","template":"","meta":{"site-sidebar-layout":"no-sidebar","site-content-layout":"page-builder","ast-site-content-layout":"default","site-content-style":"default","site-sidebar-style":"default","ast-global-header-display":"","ast-banner-title-visibility":"","ast-main-header-display":"","ast-hfb-above-header-display":"","ast-hfb-below-header-display":"","ast-hfb-mobile-header-display":"","site-post-title":"disabled","ast-breadcrumbs-content":"","ast-featured-img":"disabled","footer-sml-layout":"","ast-disable-related-posts":"","theme-transparent-header-meta":"default","adv-header-id-meta":"","stick-header-meta":"","header-above-stick-meta":"","header-main-stick-meta":"","header-below-stick-meta":"","astra-migrate-meta-layouts":"default","ast-page-background-enabled":"default","ast-page-background-meta":{"desktop":{"background-color":"var(--ast-global-color-4)","background-image":"","background-repeat":"repeat","background-position":"center center","background-size":"auto","background-attachment":"scroll","background-type":"","background-media":"","overlay-type":"","overlay-color":"","overlay-opacity":"","overlay-gradient":""},"tablet":{"background-color":"","background-image":"","background-repeat":"repeat","background-position":"center center","background-size":"auto","background-attachment":"scroll","background-type":"","background-media":"","overlay-type":"","overlay-color":"","overlay-opacity":"","overlay-gradient":""},"mobile":{"background-color":"","background-image":"","background-repeat":"repeat","background-position":"center center","background-size":"auto","background-attachment":"scroll","background-type":"","background-media":"","overlay-type":"","overlay-color":"","overlay-opacity":"","overlay-gradient":""}},"ast-content-background-meta":{"desktop":{"background-color":"var(--ast-global-color-5)","background-image":"","background-repeat":"repeat","background-position":"center center","background-size":"auto","background-attachment":"scroll","background-type":"","background-media":"","overlay-type":"","overlay-color":"","overlay-opacity":"","overlay-gradient":""},"tablet":{"background-color":"var(--ast-global-color-5)","background-image":"","background-repeat":"repeat","background-position":"center center","background-size":"auto","background-attachment":"scroll","background-type":"","background-media":"","overlay-type":"","overlay-color":"","overlay-opacity":"","overlay-gradient":""},"mobile":{"background-color":"var(--ast-global-color-5)","background-image":"","background-repeat":"repeat","background-position":"center center","background-size":"auto","background-attachment":"scroll","background-type":"","background-media":"","overlay-type":"","overlay-color":"","overlay-opacity":"","overlay-gradient":""}},"footnotes":""},"class_list":["post-3983","page","type-page","status-publish","hentry"],"yoast_head":"<!-- This site is optimized with the Yoast SEO plugin v27.3 - https:\/\/yoast.com\/product\/yoast-seo-wordpress\/ -->\n<title>Lunch Catering Services - Hampstead Elementary School<\/title>\n<meta name=\"robots\" content=\"index, follow, max-snippet:-1, max-image-preview:large, max-video-preview:-1\" \/>\n<link rel=\"canonical\" href=\"https:\/\/hampstead.emsb.qc.ca\/fr\/services-de-restauration-pour-le-dejeuner\/\" \/>\n<meta property=\"og:locale\" content=\"fr_FR\" \/>\n<meta property=\"og:type\" content=\"article\" \/>\n<meta property=\"og:title\" content=\"Lunch Catering Services - Hampstead Elementary School\" \/>\n<meta property=\"og:description\" content=\"\/*! elementor &#8211; v3.10.2 &#8211; 29-01-2023 *\/ .elementor-heading-title{padding:0;margin:0;line-height:1}.elementor-widget-heading .elementor-heading-title[class*=elementor-size-]&gt;a{color:inherit;font-size:inherit;line-height:inherit}.elementor-widget-heading .elementor-heading-title.elementor-size-small{font-size:15px}.elementor-widget-heading .elementor-heading-title.elementor-size-medium{font-size:19px}.elementor-widget-heading .elementor-heading-title.elementor-size-large{font-size:29px}.elementor-widget-heading .elementor-heading-title.elementor-size-xl{font-size:39px}.elementor-widget-heading .elementor-heading-title.elementor-size-xxl{font-size:59px} Lunch Catering Services Hampstead provides healthy lunches and snacks to our students through Merenda School Catering. Parents can view menus and order their children&#8217;s meals online by visiting their website. \u00a0 \u00a0 \u00a0 \u00a0 \u00a0 \u00a0 \u00a0 \u00a0 \u00a0 \u00a0 \u00a0 [&hellip;]\" \/>\n<meta property=\"og:url\" content=\"https:\/\/hampstead.emsb.qc.ca\/fr\/services-de-restauration-pour-le-dejeuner\/\" \/>\n<meta property=\"og:site_name\" content=\"Hampstead Elementary School\" \/>\n<meta property=\"article:modified_time\" content=\"2023-01-31T17:26:59+00:00\" \/>\n<meta property=\"og:image\" content=\"https:\/\/az184419.vo.msecnd.net\/emsb\/common\/link-imgs\/merenda.jpg\" \/>\n<meta name=\"twitter:card\" content=\"summary_large_image\" \/>\n<meta name=\"twitter:label1\" content=\"Dur\u00e9e de lecture estim\u00e9e\" \/>\n\t<meta name=\"twitter:data1\" content=\"1 minute\" \/>\n<script type=\"application\/ld+json\" class=\"yoast-schema-graph\">{\"@context\":\"https:\\\/\\\/schema.org\",\"@graph\":[{\"@type\":\"WebPage\",\"@id\":\"https:\\\/\\\/hampstead.emsb.qc.ca\\\/lunch-catering-services\\\/\",\"url\":\"https:\\\/\\\/hampstead.emsb.qc.ca\\\/lunch-catering-services\\\/\",\"name\":\"Lunch Catering Services - Hampstead Elementary School\",\"isPartOf\":{\"@id\":\"https:\\\/\\\/hampstead.emsb.qc.ca\\\/#website\"},\"primaryImageOfPage\":{\"@id\":\"https:\\\/\\\/hampstead.emsb.qc.ca\\\/lunch-catering-services\\\/#primaryimage\"},\"image\":{\"@id\":\"https:\\\/\\\/hampstead.emsb.qc.ca\\\/lunch-catering-services\\\/#primaryimage\"},\"thumbnailUrl\":\"https:\\\/\\\/az184419.vo.msecnd.net\\\/emsb\\\/common\\\/link-imgs\\\/merenda.jpg\",\"datePublished\":\"2022-09-09T13:49:07+00:00\",\"dateModified\":\"2023-01-31T17:26:59+00:00\",\"breadcrumb\":{\"@id\":\"https:\\\/\\\/hampstead.emsb.qc.ca\\\/lunch-catering-services\\\/#breadcrumb\"},\"inLanguage\":\"fr-FR\",\"potentialAction\":[{\"@type\":\"ReadAction\",\"target\":[\"https:\\\/\\\/hampstead.emsb.qc.ca\\\/lunch-catering-services\\\/\"]}]},{\"@type\":\"ImageObject\",\"inLanguage\":\"fr-FR\",\"@id\":\"https:\\\/\\\/hampstead.emsb.qc.ca\\\/lunch-catering-services\\\/#primaryimage\",\"url\":\"https:\\\/\\\/az184419.vo.msecnd.net\\\/emsb\\\/common\\\/link-imgs\\\/merenda.jpg\",\"contentUrl\":\"https:\\\/\\\/az184419.vo.msecnd.net\\\/emsb\\\/common\\\/link-imgs\\\/merenda.jpg\"},{\"@type\":\"BreadcrumbList\",\"@id\":\"https:\\\/\\\/hampstead.emsb.qc.ca\\\/lunch-catering-services\\\/#breadcrumb\",\"itemListElement\":[{\"@type\":\"ListItem\",\"position\":1,\"name\":\"Home\",\"item\":\"https:\\\/\\\/hampstead.emsb.qc.ca\\\/\"},{\"@type\":\"ListItem\",\"position\":2,\"name\":\"Lunch Catering Services\"}]},{\"@type\":\"WebSite\",\"@id\":\"https:\\\/\\\/hampstead.emsb.qc.ca\\\/#website\",\"url\":\"https:\\\/\\\/hampstead.emsb.qc.ca\\\/\",\"name\":\"Hampstead Elementary School\",\"description\":\"Hampstead Elementary School\",\"publisher\":{\"@id\":\"https:\\\/\\\/hampstead.emsb.qc.ca\\\/#organization\"},\"potentialAction\":[{\"@type\":\"SearchAction\",\"target\":{\"@type\":\"EntryPoint\",\"urlTemplate\":\"https:\\\/\\\/hampstead.emsb.qc.ca\\\/?s={search_term_string}\"},\"query-input\":{\"@type\":\"PropertyValueSpecification\",\"valueRequired\":true,\"valueName\":\"search_term_string\"}}],\"inLanguage\":\"fr-FR\"},{\"@type\":\"Organization\",\"@id\":\"https:\\\/\\\/hampstead.emsb.qc.ca\\\/#organization\",\"name\":\"Hampstead Elementary School\",\"url\":\"https:\\\/\\\/hampstead.emsb.qc.ca\\\/\",\"logo\":{\"@type\":\"ImageObject\",\"inLanguage\":\"fr-FR\",\"@id\":\"https:\\\/\\\/hampstead.emsb.qc.ca\\\/#\\\/schema\\\/logo\\\/image\\\/\",\"url\":\"https:\\\/\\\/hampstead.emsb.qc.ca\\\/wp-content\\\/uploads\\\/sites\\\/2\\\/2022\\\/08\\\/hampstead-logo-large.png\",\"contentUrl\":\"https:\\\/\\\/hampstead.emsb.qc.ca\\\/wp-content\\\/uploads\\\/sites\\\/2\\\/2022\\\/08\\\/hampstead-logo-large.png\",\"width\":234,\"height\":269,\"caption\":\"Hampstead Elementary School\"},\"image\":{\"@id\":\"https:\\\/\\\/hampstead.emsb.qc.ca\\\/#\\\/schema\\\/logo\\\/image\\\/\"}}]}<\/script>\n<!-- \/ Yoast SEO plugin. -->","yoast_head_json":{"title":"Services de traiteur pour le d\u00e9jeuner - \u00c9cole primaire de Hampstead","robots":{"index":"index","follow":"follow","max-snippet":"max-snippet:-1","max-image-preview":"max-image-preview:large","max-video-preview":"max-video-preview:-1"},"canonical":"https:\/\/hampstead.emsb.qc.ca\/fr\/services-de-restauration-pour-le-dejeuner\/","og_locale":"fr_FR","og_type":"article","og_title":"Lunch Catering Services - Hampstead Elementary School","og_description":"\/*! elementor &#8211; v3.10.2 &#8211; 29-01-2023 *\/ .elementor-heading-title{padding:0;margin:0;line-height:1}.elementor-widget-heading .elementor-heading-title[class*=elementor-size-]&gt;a{color:inherit;font-size:inherit;line-height:inherit}.elementor-widget-heading .elementor-heading-title.elementor-size-small{font-size:15px}.elementor-widget-heading .elementor-heading-title.elementor-size-medium{font-size:19px}.elementor-widget-heading .elementor-heading-title.elementor-size-large{font-size:29px}.elementor-widget-heading .elementor-heading-title.elementor-size-xl{font-size:39px}.elementor-widget-heading .elementor-heading-title.elementor-size-xxl{font-size:59px} Lunch Catering Services Hampstead provides healthy lunches and snacks to our students through Merenda School Catering. Parents can view menus and order their children&#8217;s meals online by visiting their website. \u00a0 \u00a0 \u00a0 \u00a0 \u00a0 \u00a0 \u00a0 \u00a0 \u00a0 \u00a0 \u00a0 [&hellip;]","og_url":"https:\/\/hampstead.emsb.qc.ca\/fr\/services-de-restauration-pour-le-dejeuner\/","og_site_name":"Hampstead Elementary School","article_modified_time":"2023-01-31T17:26:59+00:00","og_image":[{"url":"https:\/\/az184419.vo.msecnd.net\/emsb\/common\/link-imgs\/merenda.jpg","type":"","width":"","height":""}],"twitter_card":"summary_large_image","twitter_misc":{"Dur\u00e9e de lecture estim\u00e9e":"1 minute"},"schema":{"@context":"https:\/\/schema.org","@graph":[{"@type":"WebPage","@id":"https:\/\/hampstead.emsb.qc.ca\/lunch-catering-services\/","url":"https:\/\/hampstead.emsb.qc.ca\/lunch-catering-services\/","name":"Services de traiteur pour le d\u00e9jeuner - \u00c9cole primaire de Hampstead","isPartOf":{"@id":"https:\/\/hampstead.emsb.qc.ca\/#website"},"primaryImageOfPage":{"@id":"https:\/\/hampstead.emsb.qc.ca\/lunch-catering-services\/#primaryimage"},"image":{"@id":"https:\/\/hampstead.emsb.qc.ca\/lunch-catering-services\/#primaryimage"},"thumbnailUrl":"https:\/\/az184419.vo.msecnd.net\/emsb\/common\/link-imgs\/merenda.jpg","datePublished":"2022-09-09T13:49:07+00:00","dateModified":"2023-01-31T17:26:59+00:00","breadcrumb":{"@id":"https:\/\/hampstead.emsb.qc.ca\/lunch-catering-services\/#breadcrumb"},"inLanguage":"fr-FR","potentialAction":[{"@type":"ReadAction","target":["https:\/\/hampstead.emsb.qc.ca\/lunch-catering-services\/"]}]},{"@type":"ImageObject","inLanguage":"fr-FR","@id":"https:\/\/hampstead.emsb.qc.ca\/lunch-catering-services\/#primaryimage","url":"https:\/\/az184419.vo.msecnd.net\/emsb\/common\/link-imgs\/merenda.jpg","contentUrl":"https:\/\/az184419.vo.msecnd.net\/emsb\/common\/link-imgs\/merenda.jpg"},{"@type":"BreadcrumbList","@id":"https:\/\/hampstead.emsb.qc.ca\/lunch-catering-services\/#breadcrumb","itemListElement":[{"@type":"ListItem","position":1,"name":"Home","item":"https:\/\/hampstead.emsb.qc.ca\/"},{"@type":"ListItem","position":2,"name":"Lunch Catering Services"}]},{"@type":"WebSite","@id":"https:\/\/hampstead.emsb.qc.ca\/#website","url":"https:\/\/hampstead.emsb.qc.ca\/","name":"\u00c9cole primaire Hampstead","description":"\u00c9cole primaire Hampstead","publisher":{"@id":"https:\/\/hampstead.emsb.qc.ca\/#organization"},"potentialAction":[{"@type":"SearchAction","target":{"@type":"EntryPoint","urlTemplate":"https:\/\/hampstead.emsb.qc.ca\/?s={search_term_string}"},"query-input":{"@type":"PropertyValueSpecification","valueRequired":true,"valueName":"search_term_string"}}],"inLanguage":"fr-FR"},{"@type":"Organization","@id":"https:\/\/hampstead.emsb.qc.ca\/#organization","name":"\u00c9cole primaire Hampstead","url":"https:\/\/hampstead.emsb.qc.ca\/","logo":{"@type":"ImageObject","inLanguage":"fr-FR","@id":"https:\/\/hampstead.emsb.qc.ca\/#\/schema\/logo\/image\/","url":"https:\/\/hampstead.emsb.qc.ca\/wp-content\/uploads\/sites\/2\/2022\/08\/hampstead-logo-large.png","contentUrl":"https:\/\/hampstead.emsb.qc.ca\/wp-content\/uploads\/sites\/2\/2022\/08\/hampstead-logo-large.png","width":234,"height":269,"caption":"Hampstead Elementary School"},"image":{"@id":"https:\/\/hampstead.emsb.qc.ca\/#\/schema\/logo\/image\/"}}]}},"_links":{"self":[{"href":"https:\/\/hampstead.emsb.qc.ca\/fr\/wp-json\/wp\/v2\/pages\/3983","targetHints":{"allow":["GET"]}}],"collection":[{"href":"https:\/\/hampstead.emsb.qc.ca\/fr\/wp-json\/wp\/v2\/pages"}],"about":[{"href":"https:\/\/hampstead.emsb.qc.ca\/fr\/wp-json\/wp\/v2\/types\/page"}],"author":[{"embeddable":true,"href":"https:\/\/hampstead.emsb.qc.ca\/fr\/wp-json\/wp\/v2\/users\/3"}],"replies":[{"embeddable":true,"href":"https:\/\/hampstead.emsb.qc.ca\/fr\/wp-json\/wp\/v2\/comments?post=3983"}],"version-history":[{"count":25,"href":"https:\/\/hampstead.emsb.qc.ca\/fr\/wp-json\/wp\/v2\/pages\/3983\/revisions"}],"predecessor-version":[{"id":6494,"href":"https:\/\/hampstead.emsb.qc.ca\/fr\/wp-json\/wp\/v2\/pages\/3983\/revisions\/6494"}],"wp:attachment":[{"href":"https:\/\/hampstead.emsb.qc.ca\/fr\/wp-json\/wp\/v2\/media?parent=3983"}],"curies":[{"name":"wp","href":"https:\/\/api.w.org\/{rel}","templated":true}]}}