
{"id":3970,"date":"2022-09-09T09:41:57","date_gmt":"2022-09-09T13:41:57","guid":{"rendered":"https:\/\/hampstead.propageweb.com\/?page_id=3970"},"modified":"2023-02-17T10:30:08","modified_gmt":"2023-02-17T15:30:08","slug":"school-bus-transportation","status":"publish","type":"page","link":"https:\/\/hampstead.emsb.qc.ca\/fr\/transport-par-autobus-scolaire\/","title":{"rendered":"Transport scolaire"},"content":{"rendered":"<div data-elementor-type=\"wp-page\" data-elementor-id=\"3970\" class=\"elementor elementor-3970\" data-elementor-post-type=\"page\">\n\t\t\t\t\t\t<section class=\"elementor-section elementor-top-section elementor-element elementor-element-4f70f2c elementor-section-full_width elementor-section-height-min-height elementor-section-height-default elementor-section-items-middle\" data-id=\"4f70f2c\" data-element_type=\"section\" data-e-type=\"section\" data-settings=\"{&quot;background_background&quot;:&quot;classic&quot;,&quot;jet_parallax_layout_list&quot;:[]}\">\n\t\t\t\t\t\t\t<div class=\"elementor-background-overlay\"><\/div>\n\t\t\t\t\t\t\t<div class=\"elementor-container elementor-column-gap-default\">\n\t\t\t\t\t<div class=\"elementor-column elementor-col-100 elementor-top-column elementor-element elementor-element-cdcaf1e\" data-id=\"cdcaf1e\" data-element_type=\"column\" data-e-type=\"column\">\n\t\t\t<div class=\"elementor-widget-wrap elementor-element-populated\">\n\t\t\t\t\t\t<div class=\"elementor-element elementor-element-8f16dc8 elementor-widget elementor-widget-heading\" data-id=\"8f16dc8\" data-element_type=\"widget\" data-e-type=\"widget\" data-widget_type=\"heading.default\">\n\t\t\t\t<div class=\"elementor-widget-container\">\n\t\t\t\t\t<h2 class=\"elementor-heading-title elementor-size-default\">Transport scolaire<\/h2>\t\t\t\t<\/div>\n\t\t\t\t<\/div>\n\t\t\t\t<div class=\"elementor-element elementor-element-a05f4f8 elementor-widget elementor-widget-heading\" data-id=\"a05f4f8\" data-element_type=\"widget\" data-e-type=\"widget\" data-widget_type=\"heading.default\">\n\t\t\t\t<div class=\"elementor-widget-container\">\n\t\t\t\t\t<h2 class=\"elementor-heading-title elementor-size-default\">\u00c9cole primaire Hampstead<\/h2>\t\t\t\t<\/div>\n\t\t\t\t<\/div>\n\t\t\t\t\t<\/div>\n\t\t<\/div>\n\t\t\t\t\t<\/div>\n\t\t<\/section>\n\t\t\t\t<section class=\"elementor-section elementor-top-section elementor-element elementor-element-ea37da9 elementor-section-boxed elementor-section-height-default elementor-section-height-default\" data-id=\"ea37da9\" data-element_type=\"section\" data-e-type=\"section\" data-settings=\"{&quot;jet_parallax_layout_list&quot;:[]}\">\n\t\t\t\t\t\t<div class=\"elementor-container elementor-column-gap-default\">\n\t\t\t\t\t<div class=\"elementor-column elementor-col-50 elementor-top-column elementor-element elementor-element-677aed3\" data-id=\"677aed3\" data-element_type=\"column\" data-e-type=\"column\">\n\t\t\t<div class=\"elementor-widget-wrap elementor-element-populated\">\n\t\t\t\t\t\t<div class=\"elementor-element elementor-element-9a103f5 elementor-widget elementor-widget-text-editor\" data-id=\"9a103f5\" data-element_type=\"widget\" data-e-type=\"widget\" data-widget_type=\"text-editor.default\">\n\t\t\t\t<div class=\"elementor-widget-container\">\n\t\t\t\t\t\t\t\t\t<h5 style=\"font-style: normal;font-weight: 500;font-size: 1.25rem;line-height: 1.2;font-family: Raleway;margin-top: 2em;margin-bottom: 0.3em;color: #555555\"><span style=\"font-family: 'Open Sans', sans-serif\">Si votre domicile ne se situe pas \u00e0 distance de marche de l'\u00e9cole Hampstead, votre enfant pourrait \u00eatre admissible au transport scolaire. L'admissibilit\u00e9 est d\u00e9termin\u00e9e selon le niveau scolaire par la Division du transport scolaire de la CSEM, et non par l'\u00e9cole Hampstead. Seuls les \u00e9l\u00e8ves qui sont admissibles au transport peuvent prendre l'autobus scolaire. Pour tout renseignement sur l'admissibilit\u00e9 au transport scolaire, veuillez consulter le\u00a0<a style=\"color: #c7323e\" title=\"emsb.qc.ca\" href=\"https:\/\/www.emsb.qc.ca\/fr-ca\/csem\/ecoles\/transport-et-fonctionnement\/transport\" target=\"_blank\" rel=\"noopener\">site Web de la CSEM<\/a>.\n<\/span><\/h5>\n<h4 style=\"font-style: normal;font-weight: bold;font-size: 1.2rem;line-height: 1.2;font-family: 'Open Sans', sans-serif;margin-top: 2em;margin-bottom: 0.6em;color: #555555\">S\u00e9curit\u00e9 relative au transport scolaire pour les parents et les \u00e9l\u00e8ves<\/h4>\n<ul>\n \t<li style=\"padding-top: 0.5rem;padding-left: 0.5rem;line-height: 1.6\">Tous les \u00e9l\u00e8ves doivent se comporter de mani\u00e8re s\u00e9curitaire et appropri\u00e9e \u00e0 l'arr\u00eat d'autobus et lorsqu'ils se trouvent dans l'autobus. Ils doivent rester assis en tout temps et parler calmement.<\/li>\n \t<li style=\"padding-top: 0.5rem;padding-left: 0.5rem;line-height: 1.6\">Les \u00e9l\u00e8ves ne sont pas autoris\u00e9s \u00e0 changer d'autobus, et il n'est pas permis aux parents de prendre l'autobus scolaire avec leur enfant.<\/li>\n \t<li style=\"padding-top: 0.5rem;padding-left: 0.5rem;line-height: 1.6\">Si l'\u00e9l\u00e8ve qui a re\u00e7u un laissez-passer choisit de retourner \u00e0 la maison \u00e0 pied, une lettre d'autorisation \u00e9crite de la part d'un parent est requise.<\/li>\n \t<li style=\"padding-top: 0.5rem;padding-left: 0.5rem;line-height: 1.6\">L'utilisation de t\u00e9l\u00e9phones cellulaires, de tablettes de type iPad et d'autres appareils \u00e9lectroniques n'est pas permise \u00e0 bord des autobus scolaires.<\/li>\n \t<li style=\"padding-top: 0.5rem;padding-left: 0.5rem;line-height: 1.6\">Si des probl\u00e8mes surviennent en cours d'ann\u00e9e, les parents doivent en informer l'\u00e9cole. Ils ne doivent PAS s'adresser directement au chauffeur d'autobus ou aux autres \u00e9l\u00e8ves.<\/li>\n \t<li><span style=\"font-weight: bolder\">Les r\u00e8glements et le code de vie de l'\u00e9cole s'appliquent aussi dans les autobus scolaires<\/span>. Les chauffeurs d'autobus signalent tout probl\u00e8me et toute infraction \u00e0 la direction de l'\u00e9cole sous forme d'un billet. Des cam\u00e9ras vid\u00e9o sont install\u00e9es dans certains autobus pour assurer la s\u00e9curit\u00e9 des \u00e9l\u00e8ves.\n<ul>\n \t<li>Premi\u00e8re infraction : Lettre d'avertissement envoy\u00e9e \u00e0 la maison<\/li>\n \t<li>Deuxi\u00e8me infraction : Suspension du transport scolaire pendant 3 jours de classe cons\u00e9cutifs<\/li>\n \t<li>Troisi\u00e8me infraction : Suspension du transport scolaire pendant 5 jours de classe cons\u00e9cutifs<\/li>\n \t<li>Quatri\u00e8me infraction et toute infraction subs\u00e9quente : Suspension de l'autobus pour une dur\u00e9e ind\u00e9termin\u00e9e (dur\u00e9e d\u00e9termin\u00e9e par le directeur).<\/li>\n<\/ul>\n<\/li>\n<\/ul>\n<h4 style=\"font-style: normal;font-weight: bold;font-size: 1.2rem;line-height: 1.2;font-family: 'Open Sans', sans-serif;margin-top: 2em;margin-bottom: 0.6em;color: #555555\">Que faire si je veux r\u00e9cup\u00e9rer mon enfant apr\u00e8s l'\u00e9cole?<\/h4>\n<p style=\"line-height: 1.6;margin-bottom: 2rem;font-family: 'Open Sans', sans-serif;color: #555555;font-size: medium;font-style: normal;font-weight: 400\">Si les parents souhaitent prendre d'autres dispositions pour le retour de leur enfant \u00e0 la maison, ils sont pri\u00e9s d'\u00e9crire une lettre \u00e0 cet effet qui sera pr\u00e9sent\u00e9e \u00e0 la direction pour approbation et signature au d\u00e9but de la journ\u00e9e.<\/p>\n<h4 style=\"font-style: normal;font-weight: bold;font-size: 1.2rem;line-height: 1.2;font-family: 'Open Sans', sans-serif;margin-top: 2em;margin-bottom: 0.6em;color: #555555\">Transport<\/h4>\n<p style=\"line-height: 1.6;margin-bottom: 2rem;font-family: 'Open Sans', sans-serif;color: #555555;font-size: medium;font-style: normal;font-weight: 400\">Tous les \u00e9l\u00e8ves sont tenus de marcher avec leur bicyclette lorsqu'ils se trouvent sur le terrain de l'\u00e9cole. Les bicyclettes doivent \u00eatre verrouill\u00e9es et encha\u00een\u00e9es au porte-v\u00e9los. Il est interdit d'apporter des planches \u00e0 roulettes, des trottinettes et des patins \u00e0 roues align\u00e9es \u00e0 l'\u00e9cole ou de les utiliser sur le terrain de l'\u00e9cole. L'\u00e9cole n'assume aucune responsabilit\u00e9 en cas de perte ou de dommage.<\/p>\n<p style=\"line-height: 1.6;margin-bottom: 2rem;font-family: 'Open Sans', sans-serif;color: #555555;font-size: medium;font-style: normal;font-weight: 400\">Les parents ne sont pas autoris\u00e9s \u00e0 utiliser le stationnement de l'\u00e9cole ni \u00e0 y garer leur v\u00e9hicule. Il n'y a que suffisamment de places pour les membres du personnel. Ne laissez pas votre enfant se d\u00e9placer seul dans le stationnement. Ce n'est pas s\u00e9curitaire pour les enfants. Ceci s'applique \u00e9galement aux parents des \u00e9l\u00e8ves de la maternelle. Veuillez vous garer du c\u00f4t\u00e9 de l'\u00e9cole sur le chemin Thurlow lorsque vous d\u00e9posez votre enfant. La rue Stratford est r\u00e9serv\u00e9e aux autobus scolaires. La s\u00e9curit\u00e9 publique de Hampstead \u00e9mettra des contraventions aux parents qui ne respectent pas les r\u00e8gles de stationnement.<\/p>\t\t\t\t\t\t\t\t<\/div>\n\t\t\t\t<\/div>\n\t\t\t\t\t<\/div>\n\t\t<\/div>\n\t\t\t\t<div class=\"elementor-column elementor-col-50 elementor-top-column elementor-element elementor-element-df361d6\" data-id=\"df361d6\" data-element_type=\"column\" data-e-type=\"column\">\n\t\t\t<div class=\"elementor-widget-wrap elementor-element-populated\">\n\t\t\t\t\t\t<div class=\"elementor-element elementor-element-376d6ee elementor-widget elementor-widget-text-editor\" data-id=\"376d6ee\" data-element_type=\"widget\" data-e-type=\"widget\" data-widget_type=\"text-editor.default\">\n\t\t\t\t<div class=\"elementor-widget-container\">\n\t\t\t\t\t\t\t\t\t<div class=\"info-box red\" style=\"font-family: 'Open Sans', sans-serif; background: #c7323e; color: #ffffff; width: 365.323px; padding: 25px; margin: 25px; font-size: medium;\"><h2 style=\"font-style: normal; font-weight: 550; font-size: 2.44141rem; line-height: 1; font-family: Raleway; margin-bottom: 0.6em; color: white;\">D\u00e9barcad\u00e8res<\/h2><p style=\"line-height: 1.6; margin-bottom: 1rem;\"><img decoding=\"async\" src=\"https:\/\/hampstead.emsb.qc.ca\/wp-content\/uploads\/sites\/2\/2023\/02\/drop_off_map_large-fr.jpg\" alt=\"\" \/><\/p><p style=\"line-height: 1.6; margin-bottom: 1rem;\">Si vous conduisez votre enfant \u00e0 l'\u00e9cole, vous devez utiliser uniquement le d\u00e9barcad\u00e8re d\u00e9sign\u00e9 sur le chemin Thurlow. Veuillez ne pas d\u00e9poser votre enfant sur Stratford, car cette zone est r\u00e9serv\u00e9e aux autobus scolaires. Nous vous demandons de ne pas utiliser le stationnement puisque cette zone n'est pas surveill\u00e9e et pourrait pr\u00e9senter un danger pour les \u00e9l\u00e8ves.<\/p><\/div><div class=\"info-box darkblue\" style=\"font-family: 'Open Sans', sans-serif; width: 365.323px; padding: 25px; margin: 25px; color: #ffffff; background: #023a4e; font-size: medium;\"><h2 style=\"font-style: normal; font-weight: 550; font-size: 2.44141rem; line-height: 1; font-family: Raleway; margin-bottom: 0.6em; color: #ffffff;\">En savoir plus<\/h2><p style=\"line-height: 1.6; margin-bottom: 1rem;\">La Division du transport scolaire de la CSEM, qui rel\u00e8ve du Service de l'organisation scolaire, \u00e9met les laissez-passer d'autobus aux \u00e9l\u00e8ves qui satisfont aux crit\u00e8res d'admissibilit\u00e9 relatifs \u00e0 la distance de marche en fonction de leur adresse de r\u00e9sidence au 30 juin de chaque ann\u00e9e scolaire. Vous trouverez les crit\u00e8res d'admissibilit\u00e9 sur le site Web de la CSEM.<\/p><p><a class=\"button-rich\" style=\"color: #ffffff; padding: 1rem; border: 1px solid #ffffff; margin: 1.5rem auto 0px; display: block; width: 315.323px; text-align: center;\" title=\"emsb.qc.ca\" href=\"https:\/\/www.emsb.qc.ca\/fr-ca\/csem\/ecoles\/transport-et-fonctionnement\" target=\"_blank\" rel=\"noopener\">Division du transport scolaire<\/a><\/p><\/div><div class=\"info-box lightgray\" style=\"font-family: 'Open Sans', sans-serif; width: 365.323px; padding: 25px; margin: 25px; color: #6d6d6d; font-size: medium;\"><h2 style=\"font-style: normal; font-weight: 550; font-size: 2.44141rem; line-height: 1; font-family: Raleway; margin-bottom: 0.6em;\">Informations suppl\u00e9mentaires et politiques<\/h2><p style=\"line-height: 1.6; margin-bottom: 1rem;\">Pour en savoir plus, consultez l'agenda scolaire.<\/p><p><a class=\"button-rich red\" style=\"background: #ffffff; color: #000000; padding: 1rem; border: 1px solid #000000; margin: 1.5rem auto 0px; display: block; width: 313.323px; text-align: center;\" title=\"emsb.qc.ca\" href=\"https:\/\/hampstead.emsb.qc.ca\/fr\/tous-documents\/\" target=\"_blank\" rel=\"noopener\">Agenda<\/a><\/p><\/div>\t\t\t\t\t\t\t\t<\/div>\n\t\t\t\t<\/div>\n\t\t\t\t\t<\/div>\n\t\t<\/div>\n\t\t\t\t\t<\/div>\n\t\t<\/section>\n\t\t\t\t<\/div>","protected":false},"excerpt":{"rendered":"<p>School Bus Transportation Hampstead Elementary School If your home is beyond walking distance to Hampstead School, your child may be eligible for school bus transportation. Eligibility is determined by grade level by the EMSB Transportation Department, and not by Hampstead School directly. Only students who are eligible for transportation may ride the school bus. For [&hellip;]<\/p>\n","protected":false},"author":3,"featured_media":0,"parent":0,"menu_order":0,"comment_status":"closed","ping_status":"closed","template":"","meta":{"site-sidebar-layout":"no-sidebar","site-content-layout":"page-builder","ast-site-content-layout":"default","site-content-style":"default","site-sidebar-style":"default","ast-global-header-display":"","ast-banner-title-visibility":"","ast-main-header-display":"","ast-hfb-above-header-display":"","ast-hfb-below-header-display":"","ast-hfb-mobile-header-display":"","site-post-title":"disabled","ast-breadcrumbs-content":"","ast-featured-img":"disabled","footer-sml-layout":"","ast-disable-related-posts":"","theme-transparent-header-meta":"default","adv-header-id-meta":"","stick-header-meta":"","header-above-stick-meta":"","header-main-stick-meta":"","header-below-stick-meta":"","astra-migrate-meta-layouts":"default","ast-page-background-enabled":"default","ast-page-background-meta":{"desktop":{"background-color":"var(--ast-global-color-4)","background-image":"","background-repeat":"repeat","background-position":"center center","background-size":"auto","background-attachment":"scroll","background-type":"","background-media":"","overlay-type":"","overlay-color":"","overlay-opacity":"","overlay-gradient":""},"tablet":{"background-color":"","background-image":"","background-repeat":"repeat","background-position":"center center","background-size":"auto","background-attachment":"scroll","background-type":"","background-media":"","overlay-type":"","overlay-color":"","overlay-opacity":"","overlay-gradient":""},"mobile":{"background-color":"","background-image":"","background-repeat":"repeat","background-position":"center center","background-size":"auto","background-attachment":"scroll","background-type":"","background-media":"","overlay-type":"","overlay-color":"","overlay-opacity":"","overlay-gradient":""}},"ast-content-background-meta":{"desktop":{"background-color":"var(--ast-global-color-5)","background-image":"","background-repeat":"repeat","background-position":"center center","background-size":"auto","background-attachment":"scroll","background-type":"","background-media":"","overlay-type":"","overlay-color":"","overlay-opacity":"","overlay-gradient":""},"tablet":{"background-color":"var(--ast-global-color-5)","background-image":"","background-repeat":"repeat","background-position":"center center","background-size":"auto","background-attachment":"scroll","background-type":"","background-media":"","overlay-type":"","overlay-color":"","overlay-opacity":"","overlay-gradient":""},"mobile":{"background-color":"var(--ast-global-color-5)","background-image":"","background-repeat":"repeat","background-position":"center center","background-size":"auto","background-attachment":"scroll","background-type":"","background-media":"","overlay-type":"","overlay-color":"","overlay-opacity":"","overlay-gradient":""}},"footnotes":""},"class_list":["post-3970","page","type-page","status-publish","hentry"],"yoast_head":"<!-- This site is optimized with the Yoast SEO plugin v27.3 - https:\/\/yoast.com\/product\/yoast-seo-wordpress\/ -->\n<title>School Bus Transportation - Hampstead Elementary School<\/title>\n<meta name=\"robots\" content=\"index, follow, max-snippet:-1, max-image-preview:large, max-video-preview:-1\" \/>\n<link rel=\"canonical\" href=\"https:\/\/hampstead.emsb.qc.ca\/fr\/transport-par-autobus-scolaire\/\" \/>\n<meta property=\"og:locale\" content=\"fr_FR\" \/>\n<meta property=\"og:type\" content=\"article\" \/>\n<meta property=\"og:title\" content=\"School Bus Transportation - Hampstead Elementary School\" \/>\n<meta property=\"og:description\" content=\"School Bus Transportation Hampstead Elementary School If your home is beyond walking distance to Hampstead School, your child may be eligible for school bus transportation. Eligibility is determined by grade level by the EMSB Transportation Department, and not by Hampstead School directly. Only students who are eligible for transportation may ride the school bus. For [&hellip;]\" \/>\n<meta property=\"og:url\" content=\"https:\/\/hampstead.emsb.qc.ca\/fr\/transport-par-autobus-scolaire\/\" \/>\n<meta property=\"og:site_name\" content=\"Hampstead Elementary School\" \/>\n<meta property=\"article:modified_time\" content=\"2023-02-17T15:30:08+00:00\" \/>\n<meta property=\"og:image\" content=\"https:\/\/az184419.vo.msecnd.net\/emsb\/hampstead\/images\/page-news\/drop_off_map_large.jpg\" \/>\n<meta name=\"twitter:card\" content=\"summary_large_image\" \/>\n<meta name=\"twitter:label1\" content=\"Dur\u00e9e de lecture estim\u00e9e\" \/>\n\t<meta name=\"twitter:data1\" content=\"3 minutes\" \/>\n<script type=\"application\/ld+json\" class=\"yoast-schema-graph\">{\"@context\":\"https:\\\/\\\/schema.org\",\"@graph\":[{\"@type\":\"WebPage\",\"@id\":\"https:\\\/\\\/hampstead.emsb.qc.ca\\\/school-bus-transportation\\\/\",\"url\":\"https:\\\/\\\/hampstead.emsb.qc.ca\\\/school-bus-transportation\\\/\",\"name\":\"School Bus Transportation - Hampstead Elementary School\",\"isPartOf\":{\"@id\":\"https:\\\/\\\/hampstead.emsb.qc.ca\\\/#website\"},\"primaryImageOfPage\":{\"@id\":\"https:\\\/\\\/hampstead.emsb.qc.ca\\\/school-bus-transportation\\\/#primaryimage\"},\"image\":{\"@id\":\"https:\\\/\\\/hampstead.emsb.qc.ca\\\/school-bus-transportation\\\/#primaryimage\"},\"thumbnailUrl\":\"https:\\\/\\\/az184419.vo.msecnd.net\\\/emsb\\\/hampstead\\\/images\\\/page-news\\\/drop_off_map_large.jpg\",\"datePublished\":\"2022-09-09T13:41:57+00:00\",\"dateModified\":\"2023-02-17T15:30:08+00:00\",\"breadcrumb\":{\"@id\":\"https:\\\/\\\/hampstead.emsb.qc.ca\\\/school-bus-transportation\\\/#breadcrumb\"},\"inLanguage\":\"fr-FR\",\"potentialAction\":[{\"@type\":\"ReadAction\",\"target\":[\"https:\\\/\\\/hampstead.emsb.qc.ca\\\/school-bus-transportation\\\/\"]}]},{\"@type\":\"ImageObject\",\"inLanguage\":\"fr-FR\",\"@id\":\"https:\\\/\\\/hampstead.emsb.qc.ca\\\/school-bus-transportation\\\/#primaryimage\",\"url\":\"https:\\\/\\\/az184419.vo.msecnd.net\\\/emsb\\\/hampstead\\\/images\\\/page-news\\\/drop_off_map_large.jpg\",\"contentUrl\":\"https:\\\/\\\/az184419.vo.msecnd.net\\\/emsb\\\/hampstead\\\/images\\\/page-news\\\/drop_off_map_large.jpg\"},{\"@type\":\"BreadcrumbList\",\"@id\":\"https:\\\/\\\/hampstead.emsb.qc.ca\\\/school-bus-transportation\\\/#breadcrumb\",\"itemListElement\":[{\"@type\":\"ListItem\",\"position\":1,\"name\":\"Home\",\"item\":\"https:\\\/\\\/hampstead.emsb.qc.ca\\\/\"},{\"@type\":\"ListItem\",\"position\":2,\"name\":\"School Bus Transportation\"}]},{\"@type\":\"WebSite\",\"@id\":\"https:\\\/\\\/hampstead.emsb.qc.ca\\\/#website\",\"url\":\"https:\\\/\\\/hampstead.emsb.qc.ca\\\/\",\"name\":\"Hampstead Elementary School\",\"description\":\"Hampstead Elementary School\",\"publisher\":{\"@id\":\"https:\\\/\\\/hampstead.emsb.qc.ca\\\/#organization\"},\"potentialAction\":[{\"@type\":\"SearchAction\",\"target\":{\"@type\":\"EntryPoint\",\"urlTemplate\":\"https:\\\/\\\/hampstead.emsb.qc.ca\\\/?s={search_term_string}\"},\"query-input\":{\"@type\":\"PropertyValueSpecification\",\"valueRequired\":true,\"valueName\":\"search_term_string\"}}],\"inLanguage\":\"fr-FR\"},{\"@type\":\"Organization\",\"@id\":\"https:\\\/\\\/hampstead.emsb.qc.ca\\\/#organization\",\"name\":\"Hampstead Elementary School\",\"url\":\"https:\\\/\\\/hampstead.emsb.qc.ca\\\/\",\"logo\":{\"@type\":\"ImageObject\",\"inLanguage\":\"fr-FR\",\"@id\":\"https:\\\/\\\/hampstead.emsb.qc.ca\\\/#\\\/schema\\\/logo\\\/image\\\/\",\"url\":\"https:\\\/\\\/hampstead.emsb.qc.ca\\\/wp-content\\\/uploads\\\/sites\\\/2\\\/2022\\\/08\\\/hampstead-logo-large.png\",\"contentUrl\":\"https:\\\/\\\/hampstead.emsb.qc.ca\\\/wp-content\\\/uploads\\\/sites\\\/2\\\/2022\\\/08\\\/hampstead-logo-large.png\",\"width\":234,\"height\":269,\"caption\":\"Hampstead Elementary School\"},\"image\":{\"@id\":\"https:\\\/\\\/hampstead.emsb.qc.ca\\\/#\\\/schema\\\/logo\\\/image\\\/\"}}]}<\/script>\n<!-- \/ Yoast SEO plugin. -->","yoast_head_json":{"title":"Transport scolaire - \u00c9cole primaire de Hampstead","robots":{"index":"index","follow":"follow","max-snippet":"max-snippet:-1","max-image-preview":"max-image-preview:large","max-video-preview":"max-video-preview:-1"},"canonical":"https:\/\/hampstead.emsb.qc.ca\/fr\/transport-par-autobus-scolaire\/","og_locale":"fr_FR","og_type":"article","og_title":"School Bus Transportation - Hampstead Elementary School","og_description":"School Bus Transportation Hampstead Elementary School If your home is beyond walking distance to Hampstead School, your child may be eligible for school bus transportation. Eligibility is determined by grade level by the EMSB Transportation Department, and not by Hampstead School directly. Only students who are eligible for transportation may ride the school bus. For [&hellip;]","og_url":"https:\/\/hampstead.emsb.qc.ca\/fr\/transport-par-autobus-scolaire\/","og_site_name":"Hampstead Elementary School","article_modified_time":"2023-02-17T15:30:08+00:00","og_image":[{"url":"https:\/\/az184419.vo.msecnd.net\/emsb\/hampstead\/images\/page-news\/drop_off_map_large.jpg","type":"","width":"","height":""}],"twitter_card":"summary_large_image","twitter_misc":{"Dur\u00e9e de lecture estim\u00e9e":"3 minutes"},"schema":{"@context":"https:\/\/schema.org","@graph":[{"@type":"WebPage","@id":"https:\/\/hampstead.emsb.qc.ca\/school-bus-transportation\/","url":"https:\/\/hampstead.emsb.qc.ca\/school-bus-transportation\/","name":"Transport scolaire - \u00c9cole primaire de Hampstead","isPartOf":{"@id":"https:\/\/hampstead.emsb.qc.ca\/#website"},"primaryImageOfPage":{"@id":"https:\/\/hampstead.emsb.qc.ca\/school-bus-transportation\/#primaryimage"},"image":{"@id":"https:\/\/hampstead.emsb.qc.ca\/school-bus-transportation\/#primaryimage"},"thumbnailUrl":"https:\/\/az184419.vo.msecnd.net\/emsb\/hampstead\/images\/page-news\/drop_off_map_large.jpg","datePublished":"2022-09-09T13:41:57+00:00","dateModified":"2023-02-17T15:30:08+00:00","breadcrumb":{"@id":"https:\/\/hampstead.emsb.qc.ca\/school-bus-transportation\/#breadcrumb"},"inLanguage":"fr-FR","potentialAction":[{"@type":"ReadAction","target":["https:\/\/hampstead.emsb.qc.ca\/school-bus-transportation\/"]}]},{"@type":"ImageObject","inLanguage":"fr-FR","@id":"https:\/\/hampstead.emsb.qc.ca\/school-bus-transportation\/#primaryimage","url":"https:\/\/az184419.vo.msecnd.net\/emsb\/hampstead\/images\/page-news\/drop_off_map_large.jpg","contentUrl":"https:\/\/az184419.vo.msecnd.net\/emsb\/hampstead\/images\/page-news\/drop_off_map_large.jpg"},{"@type":"BreadcrumbList","@id":"https:\/\/hampstead.emsb.qc.ca\/school-bus-transportation\/#breadcrumb","itemListElement":[{"@type":"ListItem","position":1,"name":"Home","item":"https:\/\/hampstead.emsb.qc.ca\/"},{"@type":"ListItem","position":2,"name":"School Bus Transportation"}]},{"@type":"WebSite","@id":"https:\/\/hampstead.emsb.qc.ca\/#website","url":"https:\/\/hampstead.emsb.qc.ca\/","name":"\u00c9cole primaire Hampstead","description":"\u00c9cole primaire Hampstead","publisher":{"@id":"https:\/\/hampstead.emsb.qc.ca\/#organization"},"potentialAction":[{"@type":"SearchAction","target":{"@type":"EntryPoint","urlTemplate":"https:\/\/hampstead.emsb.qc.ca\/?s={search_term_string}"},"query-input":{"@type":"PropertyValueSpecification","valueRequired":true,"valueName":"search_term_string"}}],"inLanguage":"fr-FR"},{"@type":"Organization","@id":"https:\/\/hampstead.emsb.qc.ca\/#organization","name":"\u00c9cole primaire Hampstead","url":"https:\/\/hampstead.emsb.qc.ca\/","logo":{"@type":"ImageObject","inLanguage":"fr-FR","@id":"https:\/\/hampstead.emsb.qc.ca\/#\/schema\/logo\/image\/","url":"https:\/\/hampstead.emsb.qc.ca\/wp-content\/uploads\/sites\/2\/2022\/08\/hampstead-logo-large.png","contentUrl":"https:\/\/hampstead.emsb.qc.ca\/wp-content\/uploads\/sites\/2\/2022\/08\/hampstead-logo-large.png","width":234,"height":269,"caption":"Hampstead Elementary School"},"image":{"@id":"https:\/\/hampstead.emsb.qc.ca\/#\/schema\/logo\/image\/"}}]}},"_links":{"self":[{"href":"https:\/\/hampstead.emsb.qc.ca\/fr\/wp-json\/wp\/v2\/pages\/3970","targetHints":{"allow":["GET"]}}],"collection":[{"href":"https:\/\/hampstead.emsb.qc.ca\/fr\/wp-json\/wp\/v2\/pages"}],"about":[{"href":"https:\/\/hampstead.emsb.qc.ca\/fr\/wp-json\/wp\/v2\/types\/page"}],"author":[{"embeddable":true,"href":"https:\/\/hampstead.emsb.qc.ca\/fr\/wp-json\/wp\/v2\/users\/3"}],"replies":[{"embeddable":true,"href":"https:\/\/hampstead.emsb.qc.ca\/fr\/wp-json\/wp\/v2\/comments?post=3970"}],"version-history":[{"count":40,"href":"https:\/\/hampstead.emsb.qc.ca\/fr\/wp-json\/wp\/v2\/pages\/3970\/revisions"}],"predecessor-version":[{"id":7062,"href":"https:\/\/hampstead.emsb.qc.ca\/fr\/wp-json\/wp\/v2\/pages\/3970\/revisions\/7062"}],"wp:attachment":[{"href":"https:\/\/hampstead.emsb.qc.ca\/fr\/wp-json\/wp\/v2\/media?parent=3970"}],"curies":[{"name":"wp","href":"https:\/\/api.w.org\/{rel}","templated":true}]}}