
{"id":3962,"date":"2022-09-09T09:34:34","date_gmt":"2022-09-09T13:34:34","guid":{"rendered":"https:\/\/hampstead.propageweb.com\/?page_id=3962"},"modified":"2023-02-13T16:03:03","modified_gmt":"2023-02-13T21:03:03","slug":"social-services","status":"publish","type":"page","link":"https:\/\/hampstead.emsb.qc.ca\/fr\/services-sociaux\/","title":{"rendered":"Services sociaux"},"content":{"rendered":"<div data-elementor-type=\"wp-page\" data-elementor-id=\"3962\" class=\"elementor elementor-3962\" data-elementor-post-type=\"page\">\n\t\t\t\t\t\t<section class=\"elementor-section elementor-top-section elementor-element elementor-element-e24bbf2 elementor-section-full_width elementor-section-height-min-height elementor-section-height-default elementor-section-items-middle\" data-id=\"e24bbf2\" data-element_type=\"section\" data-e-type=\"section\" data-settings=\"{&quot;background_background&quot;:&quot;classic&quot;,&quot;jet_parallax_layout_list&quot;:[]}\">\n\t\t\t\t\t\t\t<div class=\"elementor-background-overlay\"><\/div>\n\t\t\t\t\t\t\t<div class=\"elementor-container elementor-column-gap-default\">\n\t\t\t\t\t<div class=\"elementor-column elementor-col-100 elementor-top-column elementor-element elementor-element-05f0f21\" data-id=\"05f0f21\" data-element_type=\"column\" data-e-type=\"column\">\n\t\t\t<div class=\"elementor-widget-wrap elementor-element-populated\">\n\t\t\t\t\t\t<div class=\"elementor-element elementor-element-f9f3175 elementor-widget elementor-widget-heading\" data-id=\"f9f3175\" data-element_type=\"widget\" data-e-type=\"widget\" data-widget_type=\"heading.default\">\n\t\t\t\t<div class=\"elementor-widget-container\">\n\t\t\t\t\t<h2 class=\"elementor-heading-title elementor-size-default\">Services sociaux<\/h2>\t\t\t\t<\/div>\n\t\t\t\t<\/div>\n\t\t\t\t<div class=\"elementor-element elementor-element-e57d832 elementor-widget elementor-widget-heading\" data-id=\"e57d832\" data-element_type=\"widget\" data-e-type=\"widget\" data-widget_type=\"heading.default\">\n\t\t\t\t<div class=\"elementor-widget-container\">\n\t\t\t\t\t<h2 class=\"elementor-heading-title elementor-size-default\">\u00c9cole primaire Hampstead<\/h2>\t\t\t\t<\/div>\n\t\t\t\t<\/div>\n\t\t\t\t\t<\/div>\n\t\t<\/div>\n\t\t\t\t\t<\/div>\n\t\t<\/section>\n\t\t\t\t<section class=\"elementor-section elementor-top-section elementor-element elementor-element-d76eea2 elementor-section-boxed elementor-section-height-default elementor-section-height-default\" data-id=\"d76eea2\" data-element_type=\"section\" data-e-type=\"section\" data-settings=\"{&quot;jet_parallax_layout_list&quot;:[]}\">\n\t\t\t\t\t\t<div class=\"elementor-container elementor-column-gap-default\">\n\t\t\t\t\t<div class=\"elementor-column elementor-col-50 elementor-top-column elementor-element elementor-element-488baa2\" data-id=\"488baa2\" data-element_type=\"column\" data-e-type=\"column\">\n\t\t\t<div class=\"elementor-widget-wrap elementor-element-populated\">\n\t\t\t\t\t\t<div class=\"elementor-element elementor-element-82210a9 elementor-widget elementor-widget-text-editor\" data-id=\"82210a9\" data-element_type=\"widget\" data-e-type=\"widget\" data-widget_type=\"text-editor.default\">\n\t\t\t\t<div class=\"elementor-widget-container\">\n\t\t\t\t\t\t\t\t\t<h1 style=\"font-style: normal;font-weight: 550;font-size: 3.05176rem;font-family: 'Open Sans', sans-serif;color: #555555;margin-bottom: 1em !important\">Services sociaux<\/h1><p style=\"line-height: 1.6;margin-bottom: 2rem;font-family: 'Open Sans', sans-serif;color: #555555;font-size: medium;font-style: normal;font-weight: 400\">Le Centre de sant\u00e9 et de services sociaux Cavendish offre des services compl\u00e9mentaires aux \u00e9l\u00e8ves et aux familles de l'\u00e9cole Hampstead.<\/p><h4 style=\"font-style: normal;font-weight: bold;font-size: 1.2rem;line-height: 1.2;font-family: 'Open Sans', sans-serif;margin-top: 2em;margin-bottom: 0.6em;color: #555555\">Services fournis par le Centre de sant\u00e9 et de services sociaux<\/h4><h3 style=\"margin-top: 2em;margin-bottom: 0.3em;padding-bottom: 0.2em;border-bottom: 1px solid #aaaaaa;font-style: normal;font-weight: 500;font-size: 1.95312rem;line-height: 1.2;font-family: Raleway;color: #555555\">INFIRMI\u00c8RE DIPL\u00d4M\u00c9E<\/h3><p style=\"line-height: 1.6;margin-bottom: 2rem;font-family: 'Open Sans', sans-serif;color: #555555;font-size: medium;font-style: normal;font-weight: 400\">L'infirmi\u00e8re scolaire est \u00e0 la disposition des \u00e9l\u00e8ves pour des consultations, le d\u00e9pistage, la pr\u00e9vention, la vaccination, l'orientation vers les ressources et les dossiers de sant\u00e9\/vaccination.<\/p><h3 style=\"margin-top: 2em;margin-bottom: 0.3em;padding-bottom: 0.2em;border-bottom: 1px solid #aaaaaa;font-style: normal;font-weight: 500;font-size: 1.95312rem;line-height: 1.2;font-family: Raleway;color: #555555\">HYGI\u00c9NISTE DENTAIRE<\/h3><p style=\"line-height: 1.6;margin-bottom: 2rem;font-family: 'Open Sans', sans-serif;color: #555555;font-size: medium;font-style: normal;font-weight: 400\">L'hygi\u00e9niste dentaire fournit aux \u00e9l\u00e8ves des renseignements, des conseils et de l'information sur la pr\u00e9vention en mati\u00e8re de soins et d'hygi\u00e8ne dentaires.<\/p><h3 style=\"margin-top: 2em;margin-bottom: 0.3em;padding-bottom: 0.2em;border-bottom: 1px solid #aaaaaa;font-style: normal;font-weight: 500;font-size: 1.95312rem;line-height: 1.2;font-family: Raleway;color: #555555\">TRAVAILLEUR SOCIAL<\/h3><p style=\"line-height: 1.6;margin-bottom: 2rem;font-family: 'Open Sans', sans-serif;color: #555555;font-size: medium;font-style: normal;font-weight: 400\">Un travailleur social est affect\u00e9 \u00e0 l'\u00e9cole \u00e0 temps partiel. Il joue un r\u00f4le particuli\u00e8rement important au niveau de l'intervention ou du counseling aupr\u00e8s des familles.<\/p>\t\t\t\t\t\t\t\t<\/div>\n\t\t\t\t<\/div>\n\t\t\t\t\t<\/div>\n\t\t<\/div>\n\t\t\t\t<div class=\"elementor-column elementor-col-50 elementor-top-column elementor-element elementor-element-46ca7ae\" data-id=\"46ca7ae\" data-element_type=\"column\" data-e-type=\"column\" data-settings=\"{&quot;background_background&quot;:&quot;classic&quot;}\">\n\t\t\t<div class=\"elementor-widget-wrap elementor-element-populated\">\n\t\t\t\t\t\t<section class=\"elementor-section elementor-inner-section elementor-element elementor-element-e811d25 elementor-section-boxed elementor-section-height-default elementor-section-height-default\" data-id=\"e811d25\" data-element_type=\"section\" data-e-type=\"section\" data-settings=\"{&quot;background_background&quot;:&quot;classic&quot;,&quot;jet_parallax_layout_list&quot;:[]}\">\n\t\t\t\t\t\t<div class=\"elementor-container elementor-column-gap-default\">\n\t\t\t\t\t<div class=\"elementor-column elementor-col-100 elementor-inner-column elementor-element elementor-element-d537090\" data-id=\"d537090\" data-element_type=\"column\" data-e-type=\"column\">\n\t\t\t<div class=\"elementor-widget-wrap elementor-element-populated\">\n\t\t\t\t\t\t<div class=\"elementor-element elementor-element-ff40593 elementor-widget elementor-widget-text-editor\" data-id=\"ff40593\" data-element_type=\"widget\" data-e-type=\"widget\" data-widget_type=\"text-editor.default\">\n\t\t\t\t<div class=\"elementor-widget-container\">\n\t\t\t\t\t\t\t\t\t<h4 style=\"font-style: normal;font-weight: bold;font-size: 1.2rem;line-height: 1.2;font-family: 'Open Sans', sans-serif;margin-bottom: 0.6em;color: #ffffff\">CSSS Cavendish<\/h4><p style=\"line-height: 1.6;margin-bottom: 1rem;font-family: 'Open Sans', sans-serif;color: #ffffff;font-size: medium;font-style: normal;font-weight: 400\">Les services sont assur\u00e9s par le CIUSSS du Centre-Ouest-de-l'\u00cele-de-Montr\u00e9al, CLSC de Benny Farm.<\/p><p style=\"line-height: 1.6;margin-bottom: 1rem;font-family: 'Open Sans', sans-serif;color: #ffffff;font-size: medium;font-style: normal;font-weight: 400\">6484, avenue Monkland, 514 484-7878<\/p>\t\t\t\t\t\t\t\t<\/div>\n\t\t\t\t<\/div>\n\t\t\t\t<div class=\"elementor-element elementor-element-c235341 elementor-widget elementor-widget-button\" data-id=\"c235341\" data-element_type=\"widget\" data-e-type=\"widget\" data-widget_type=\"button.default\">\n\t\t\t\t<div class=\"elementor-widget-container\">\n\t\t\t\t\t\t\t\t\t<div class=\"elementor-button-wrapper\">\n\t\t\t\t\t<a class=\"elementor-button elementor-button-link elementor-size-sm\" href=\"https:\/\/www.ciussswestcentral.ca\/sites-and-resources\/clsc\/clsc-rene-cassin\/\">\n\t\t\t\t\t\t<span class=\"elementor-button-content-wrapper\">\n\t\t\t\t\t\t\t\t\t<span class=\"elementor-button-text\">CSSS Cavendish<\/span>\n\t\t\t\t\t<\/span>\n\t\t\t\t\t<\/a>\n\t\t\t\t<\/div>\n\t\t\t\t\t\t\t\t<\/div>\n\t\t\t\t<\/div>\n\t\t\t\t\t<\/div>\n\t\t<\/div>\n\t\t\t\t\t<\/div>\n\t\t<\/section>\n\t\t\t\t\t<\/div>\n\t\t<\/div>\n\t\t\t\t\t<\/div>\n\t\t<\/section>\n\t\t\t\t<\/div>","protected":false},"excerpt":{"rendered":"<p>\/*! elementor &#8211; v3.11.0 &#8211; 13-02-2023 *\/ .elementor-heading-title{padding:0;margin:0;line-height:1}.elementor-widget-heading .elementor-heading-title[class*=elementor-size-]&gt;a{color:inherit;font-size:inherit;line-height:inherit}.elementor-widget-heading .elementor-heading-title.elementor-size-small{font-size:15px}.elementor-widget-heading .elementor-heading-title.elementor-size-medium{font-size:19px}.elementor-widget-heading .elementor-heading-title.elementor-size-large{font-size:29px}.elementor-widget-heading .elementor-heading-title.elementor-size-xl{font-size:39px}.elementor-widget-heading .elementor-heading-title.elementor-size-xxl{font-size:59px} Social Services Hampstead Elementary Social Services Auxilliary services to students and their families are provided to Hampstead School courtesy of the Centre de sant\u00e9 et de services sociaux Cavendish. Services provided by the Centre de sant\u00e9 et de services sociaux REGISTERED [&hellip;]<\/p>\n","protected":false},"author":3,"featured_media":0,"parent":0,"menu_order":0,"comment_status":"closed","ping_status":"closed","template":"","meta":{"site-sidebar-layout":"no-sidebar","site-content-layout":"page-builder","ast-site-content-layout":"default","site-content-style":"default","site-sidebar-style":"default","ast-global-header-display":"","ast-banner-title-visibility":"","ast-main-header-display":"","ast-hfb-above-header-display":"","ast-hfb-below-header-display":"","ast-hfb-mobile-header-display":"","site-post-title":"disabled","ast-breadcrumbs-content":"","ast-featured-img":"disabled","footer-sml-layout":"","ast-disable-related-posts":"","theme-transparent-header-meta":"default","adv-header-id-meta":"","stick-header-meta":"","header-above-stick-meta":"","header-main-stick-meta":"","header-below-stick-meta":"","astra-migrate-meta-layouts":"default","ast-page-background-enabled":"default","ast-page-background-meta":{"desktop":{"background-color":"var(--ast-global-color-4)","background-image":"","background-repeat":"repeat","background-position":"center center","background-size":"auto","background-attachment":"scroll","background-type":"","background-media":"","overlay-type":"","overlay-color":"","overlay-opacity":"","overlay-gradient":""},"tablet":{"background-color":"","background-image":"","background-repeat":"repeat","background-position":"center center","background-size":"auto","background-attachment":"scroll","background-type":"","background-media":"","overlay-type":"","overlay-color":"","overlay-opacity":"","overlay-gradient":""},"mobile":{"background-color":"","background-image":"","background-repeat":"repeat","background-position":"center center","background-size":"auto","background-attachment":"scroll","background-type":"","background-media":"","overlay-type":"","overlay-color":"","overlay-opacity":"","overlay-gradient":""}},"ast-content-background-meta":{"desktop":{"background-color":"var(--ast-global-color-5)","background-image":"","background-repeat":"repeat","background-position":"center center","background-size":"auto","background-attachment":"scroll","background-type":"","background-media":"","overlay-type":"","overlay-color":"","overlay-opacity":"","overlay-gradient":""},"tablet":{"background-color":"var(--ast-global-color-5)","background-image":"","background-repeat":"repeat","background-position":"center center","background-size":"auto","background-attachment":"scroll","background-type":"","background-media":"","overlay-type":"","overlay-color":"","overlay-opacity":"","overlay-gradient":""},"mobile":{"background-color":"var(--ast-global-color-5)","background-image":"","background-repeat":"repeat","background-position":"center center","background-size":"auto","background-attachment":"scroll","background-type":"","background-media":"","overlay-type":"","overlay-color":"","overlay-opacity":"","overlay-gradient":""}},"footnotes":""},"class_list":["post-3962","page","type-page","status-publish","hentry"],"yoast_head":"<!-- This site is optimized with the Yoast SEO plugin v27.3 - https:\/\/yoast.com\/product\/yoast-seo-wordpress\/ -->\n<title>Social Services - Hampstead Elementary School<\/title>\n<meta name=\"robots\" content=\"index, follow, max-snippet:-1, max-image-preview:large, max-video-preview:-1\" \/>\n<link rel=\"canonical\" href=\"https:\/\/hampstead.emsb.qc.ca\/fr\/services-sociaux\/\" \/>\n<meta property=\"og:locale\" content=\"fr_FR\" \/>\n<meta property=\"og:type\" content=\"article\" \/>\n<meta property=\"og:title\" content=\"Social Services - Hampstead Elementary School\" \/>\n<meta property=\"og:description\" content=\"\/*! elementor &#8211; v3.11.0 &#8211; 13-02-2023 *\/ .elementor-heading-title{padding:0;margin:0;line-height:1}.elementor-widget-heading .elementor-heading-title[class*=elementor-size-]&gt;a{color:inherit;font-size:inherit;line-height:inherit}.elementor-widget-heading .elementor-heading-title.elementor-size-small{font-size:15px}.elementor-widget-heading .elementor-heading-title.elementor-size-medium{font-size:19px}.elementor-widget-heading .elementor-heading-title.elementor-size-large{font-size:29px}.elementor-widget-heading .elementor-heading-title.elementor-size-xl{font-size:39px}.elementor-widget-heading .elementor-heading-title.elementor-size-xxl{font-size:59px} Social Services Hampstead Elementary Social Services Auxilliary services to students and their families are provided to Hampstead School courtesy of the Centre de sant\u00e9 et de services sociaux Cavendish. Services provided by the Centre de sant\u00e9 et de services sociaux REGISTERED [&hellip;]\" \/>\n<meta property=\"og:url\" content=\"https:\/\/hampstead.emsb.qc.ca\/fr\/services-sociaux\/\" \/>\n<meta property=\"og:site_name\" content=\"Hampstead Elementary School\" \/>\n<meta property=\"article:modified_time\" content=\"2023-02-13T21:03:03+00:00\" \/>\n<meta name=\"twitter:card\" content=\"summary_large_image\" \/>\n<meta name=\"twitter:label1\" content=\"Dur\u00e9e de lecture estim\u00e9e\" \/>\n\t<meta name=\"twitter:data1\" content=\"1 minute\" \/>\n<script type=\"application\/ld+json\" class=\"yoast-schema-graph\">{\"@context\":\"https:\\\/\\\/schema.org\",\"@graph\":[{\"@type\":\"WebPage\",\"@id\":\"https:\\\/\\\/hampstead.emsb.qc.ca\\\/social-services\\\/\",\"url\":\"https:\\\/\\\/hampstead.emsb.qc.ca\\\/social-services\\\/\",\"name\":\"Social Services - Hampstead Elementary School\",\"isPartOf\":{\"@id\":\"https:\\\/\\\/hampstead.emsb.qc.ca\\\/#website\"},\"datePublished\":\"2022-09-09T13:34:34+00:00\",\"dateModified\":\"2023-02-13T21:03:03+00:00\",\"breadcrumb\":{\"@id\":\"https:\\\/\\\/hampstead.emsb.qc.ca\\\/social-services\\\/#breadcrumb\"},\"inLanguage\":\"fr-FR\",\"potentialAction\":[{\"@type\":\"ReadAction\",\"target\":[\"https:\\\/\\\/hampstead.emsb.qc.ca\\\/social-services\\\/\"]}]},{\"@type\":\"BreadcrumbList\",\"@id\":\"https:\\\/\\\/hampstead.emsb.qc.ca\\\/social-services\\\/#breadcrumb\",\"itemListElement\":[{\"@type\":\"ListItem\",\"position\":1,\"name\":\"Home\",\"item\":\"https:\\\/\\\/hampstead.emsb.qc.ca\\\/\"},{\"@type\":\"ListItem\",\"position\":2,\"name\":\"Social Services\"}]},{\"@type\":\"WebSite\",\"@id\":\"https:\\\/\\\/hampstead.emsb.qc.ca\\\/#website\",\"url\":\"https:\\\/\\\/hampstead.emsb.qc.ca\\\/\",\"name\":\"Hampstead Elementary School\",\"description\":\"Hampstead Elementary School\",\"publisher\":{\"@id\":\"https:\\\/\\\/hampstead.emsb.qc.ca\\\/#organization\"},\"potentialAction\":[{\"@type\":\"SearchAction\",\"target\":{\"@type\":\"EntryPoint\",\"urlTemplate\":\"https:\\\/\\\/hampstead.emsb.qc.ca\\\/?s={search_term_string}\"},\"query-input\":{\"@type\":\"PropertyValueSpecification\",\"valueRequired\":true,\"valueName\":\"search_term_string\"}}],\"inLanguage\":\"fr-FR\"},{\"@type\":\"Organization\",\"@id\":\"https:\\\/\\\/hampstead.emsb.qc.ca\\\/#organization\",\"name\":\"Hampstead Elementary School\",\"url\":\"https:\\\/\\\/hampstead.emsb.qc.ca\\\/\",\"logo\":{\"@type\":\"ImageObject\",\"inLanguage\":\"fr-FR\",\"@id\":\"https:\\\/\\\/hampstead.emsb.qc.ca\\\/#\\\/schema\\\/logo\\\/image\\\/\",\"url\":\"https:\\\/\\\/hampstead.emsb.qc.ca\\\/wp-content\\\/uploads\\\/sites\\\/2\\\/2022\\\/08\\\/hampstead-logo-large.png\",\"contentUrl\":\"https:\\\/\\\/hampstead.emsb.qc.ca\\\/wp-content\\\/uploads\\\/sites\\\/2\\\/2022\\\/08\\\/hampstead-logo-large.png\",\"width\":234,\"height\":269,\"caption\":\"Hampstead Elementary School\"},\"image\":{\"@id\":\"https:\\\/\\\/hampstead.emsb.qc.ca\\\/#\\\/schema\\\/logo\\\/image\\\/\"}}]}<\/script>\n<!-- \/ Yoast SEO plugin. -->","yoast_head_json":{"title":"Services sociaux - \u00c9cole primaire de Hampstead","robots":{"index":"index","follow":"follow","max-snippet":"max-snippet:-1","max-image-preview":"max-image-preview:large","max-video-preview":"max-video-preview:-1"},"canonical":"https:\/\/hampstead.emsb.qc.ca\/fr\/services-sociaux\/","og_locale":"fr_FR","og_type":"article","og_title":"Social Services - Hampstead Elementary School","og_description":"\/*! elementor &#8211; v3.11.0 &#8211; 13-02-2023 *\/ .elementor-heading-title{padding:0;margin:0;line-height:1}.elementor-widget-heading .elementor-heading-title[class*=elementor-size-]&gt;a{color:inherit;font-size:inherit;line-height:inherit}.elementor-widget-heading .elementor-heading-title.elementor-size-small{font-size:15px}.elementor-widget-heading .elementor-heading-title.elementor-size-medium{font-size:19px}.elementor-widget-heading .elementor-heading-title.elementor-size-large{font-size:29px}.elementor-widget-heading .elementor-heading-title.elementor-size-xl{font-size:39px}.elementor-widget-heading .elementor-heading-title.elementor-size-xxl{font-size:59px} Social Services Hampstead Elementary Social Services Auxilliary services to students and their families are provided to Hampstead School courtesy of the Centre de sant\u00e9 et de services sociaux Cavendish. Services provided by the Centre de sant\u00e9 et de services sociaux REGISTERED [&hellip;]","og_url":"https:\/\/hampstead.emsb.qc.ca\/fr\/services-sociaux\/","og_site_name":"Hampstead Elementary School","article_modified_time":"2023-02-13T21:03:03+00:00","twitter_card":"summary_large_image","twitter_misc":{"Dur\u00e9e de lecture estim\u00e9e":"1 minute"},"schema":{"@context":"https:\/\/schema.org","@graph":[{"@type":"WebPage","@id":"https:\/\/hampstead.emsb.qc.ca\/social-services\/","url":"https:\/\/hampstead.emsb.qc.ca\/social-services\/","name":"Services sociaux - \u00c9cole primaire de Hampstead","isPartOf":{"@id":"https:\/\/hampstead.emsb.qc.ca\/#website"},"datePublished":"2022-09-09T13:34:34+00:00","dateModified":"2023-02-13T21:03:03+00:00","breadcrumb":{"@id":"https:\/\/hampstead.emsb.qc.ca\/social-services\/#breadcrumb"},"inLanguage":"fr-FR","potentialAction":[{"@type":"ReadAction","target":["https:\/\/hampstead.emsb.qc.ca\/social-services\/"]}]},{"@type":"BreadcrumbList","@id":"https:\/\/hampstead.emsb.qc.ca\/social-services\/#breadcrumb","itemListElement":[{"@type":"ListItem","position":1,"name":"Home","item":"https:\/\/hampstead.emsb.qc.ca\/"},{"@type":"ListItem","position":2,"name":"Social Services"}]},{"@type":"WebSite","@id":"https:\/\/hampstead.emsb.qc.ca\/#website","url":"https:\/\/hampstead.emsb.qc.ca\/","name":"\u00c9cole primaire Hampstead","description":"\u00c9cole primaire Hampstead","publisher":{"@id":"https:\/\/hampstead.emsb.qc.ca\/#organization"},"potentialAction":[{"@type":"SearchAction","target":{"@type":"EntryPoint","urlTemplate":"https:\/\/hampstead.emsb.qc.ca\/?s={search_term_string}"},"query-input":{"@type":"PropertyValueSpecification","valueRequired":true,"valueName":"search_term_string"}}],"inLanguage":"fr-FR"},{"@type":"Organization","@id":"https:\/\/hampstead.emsb.qc.ca\/#organization","name":"\u00c9cole primaire Hampstead","url":"https:\/\/hampstead.emsb.qc.ca\/","logo":{"@type":"ImageObject","inLanguage":"fr-FR","@id":"https:\/\/hampstead.emsb.qc.ca\/#\/schema\/logo\/image\/","url":"https:\/\/hampstead.emsb.qc.ca\/wp-content\/uploads\/sites\/2\/2022\/08\/hampstead-logo-large.png","contentUrl":"https:\/\/hampstead.emsb.qc.ca\/wp-content\/uploads\/sites\/2\/2022\/08\/hampstead-logo-large.png","width":234,"height":269,"caption":"Hampstead Elementary School"},"image":{"@id":"https:\/\/hampstead.emsb.qc.ca\/#\/schema\/logo\/image\/"}}]}},"_links":{"self":[{"href":"https:\/\/hampstead.emsb.qc.ca\/fr\/wp-json\/wp\/v2\/pages\/3962","targetHints":{"allow":["GET"]}}],"collection":[{"href":"https:\/\/hampstead.emsb.qc.ca\/fr\/wp-json\/wp\/v2\/pages"}],"about":[{"href":"https:\/\/hampstead.emsb.qc.ca\/fr\/wp-json\/wp\/v2\/types\/page"}],"author":[{"embeddable":true,"href":"https:\/\/hampstead.emsb.qc.ca\/fr\/wp-json\/wp\/v2\/users\/3"}],"replies":[{"embeddable":true,"href":"https:\/\/hampstead.emsb.qc.ca\/fr\/wp-json\/wp\/v2\/comments?post=3962"}],"version-history":[{"count":22,"href":"https:\/\/hampstead.emsb.qc.ca\/fr\/wp-json\/wp\/v2\/pages\/3962\/revisions"}],"predecessor-version":[{"id":6932,"href":"https:\/\/hampstead.emsb.qc.ca\/fr\/wp-json\/wp\/v2\/pages\/3962\/revisions\/6932"}],"wp:attachment":[{"href":"https:\/\/hampstead.emsb.qc.ca\/fr\/wp-json\/wp\/v2\/media?parent=3962"}],"curies":[{"name":"wp","href":"https:\/\/api.w.org\/{rel}","templated":true}]}}