
{"id":3827,"date":"2022-09-08T10:22:45","date_gmt":"2022-09-08T14:22:45","guid":{"rendered":"https:\/\/hampstead.propageweb.com\/?page_id=3827"},"modified":"2024-08-06T11:31:44","modified_gmt":"2024-08-06T15:31:44","slug":"base-daycare-services","status":"publish","type":"page","link":"https:\/\/hampstead.emsb.qc.ca\/fr\/services-de-garde-denfants-de-base\/","title":{"rendered":"Services de garde B.A.S.E."},"content":{"rendered":"<div data-elementor-type=\"wp-page\" data-elementor-id=\"3827\" class=\"elementor elementor-3827\" data-elementor-post-type=\"page\">\n\t\t\t\t\t\t<section class=\"elementor-section elementor-top-section elementor-element elementor-element-64120b0 elementor-section-full_width elementor-section-height-min-height elementor-section-height-default elementor-section-items-middle\" data-id=\"64120b0\" data-element_type=\"section\" data-e-type=\"section\" data-settings=\"{&quot;background_background&quot;:&quot;classic&quot;,&quot;jet_parallax_layout_list&quot;:[]}\">\n\t\t\t\t\t\t\t<div class=\"elementor-background-overlay\"><\/div>\n\t\t\t\t\t\t\t<div class=\"elementor-container elementor-column-gap-default\">\n\t\t\t\t\t<div class=\"elementor-column elementor-col-100 elementor-top-column elementor-element elementor-element-06595d9\" data-id=\"06595d9\" data-element_type=\"column\" data-e-type=\"column\">\n\t\t\t<div class=\"elementor-widget-wrap elementor-element-populated\">\n\t\t\t\t\t\t<div class=\"elementor-element elementor-element-809d335 elementor-widget elementor-widget-heading\" data-id=\"809d335\" data-element_type=\"widget\" data-e-type=\"widget\" data-widget_type=\"heading.default\">\n\t\t\t\t<div class=\"elementor-widget-container\">\n\t\t\t\t\t<h2 class=\"elementor-heading-title elementor-size-default\">Services de garde B.A.S.E.<\/h2>\t\t\t\t<\/div>\n\t\t\t\t<\/div>\n\t\t\t\t<div class=\"elementor-element elementor-element-c36b8db elementor-widget elementor-widget-heading\" data-id=\"c36b8db\" data-element_type=\"widget\" data-e-type=\"widget\" data-widget_type=\"heading.default\">\n\t\t\t\t<div class=\"elementor-widget-container\">\n\t\t\t\t\t<h2 class=\"elementor-heading-title elementor-size-default\">Programme enrichissant avant et apr\u00e8s l'\u00e9cole<\/h2>\t\t\t\t<\/div>\n\t\t\t\t<\/div>\n\t\t\t\t\t<\/div>\n\t\t<\/div>\n\t\t\t\t\t<\/div>\n\t\t<\/section>\n\t\t\t\t<section class=\"elementor-section elementor-top-section elementor-element elementor-element-036c117 elementor-section-boxed elementor-section-height-default elementor-section-height-default\" data-id=\"036c117\" data-element_type=\"section\" data-e-type=\"section\" data-settings=\"{&quot;jet_parallax_layout_list&quot;:[]}\">\n\t\t\t\t\t\t<div class=\"elementor-container elementor-column-gap-default\">\n\t\t\t\t\t<div class=\"elementor-column elementor-col-66 elementor-top-column elementor-element elementor-element-9cd0ae2\" data-id=\"9cd0ae2\" data-element_type=\"column\" data-e-type=\"column\">\n\t\t\t<div class=\"elementor-widget-wrap elementor-element-populated\">\n\t\t\t\t\t\t<div class=\"elementor-element elementor-element-912273f elementor-widget elementor-widget-heading\" data-id=\"912273f\" data-element_type=\"widget\" data-e-type=\"widget\" data-widget_type=\"heading.default\">\n\t\t\t\t<div class=\"elementor-widget-container\">\n\t\t\t\t\t<h2 class=\"elementor-heading-title elementor-size-default\">Bienvenue au service de garde de l'\u00e9cole Hampstead<\/h2>\t\t\t\t<\/div>\n\t\t\t\t<\/div>\n\t\t\t\t<div class=\"elementor-element elementor-element-23a2d19 elementor-widget elementor-widget-text-editor\" data-id=\"23a2d19\" data-element_type=\"widget\" data-e-type=\"widget\" data-widget_type=\"text-editor.default\">\n\t\t\t\t<div class=\"elementor-widget-container\">\n\t\t\t\t\t\t\t\t\t<p>Le programme des services de garde B.A.S.E. (Before and After School Enriched) de l'\u00e9cole Hampstead est offert \u00e0 tous les enfants qui fr\u00e9quentent l'\u00e9cole Hampstead.<\/p>\t\t\t\t\t\t\t\t<\/div>\n\t\t\t\t<\/div>\n\t\t\t\t<div class=\"elementor-element elementor-element-b6f4ed9 elementor-widget elementor-widget-heading\" data-id=\"b6f4ed9\" data-element_type=\"widget\" data-e-type=\"widget\" data-widget_type=\"heading.default\">\n\t\t\t\t<div class=\"elementor-widget-container\">\n\t\t\t\t\t<h3 class=\"elementor-heading-title elementor-size-default\">Hampstead offre des services de garde de\n14 h 30 \u00e0 18 h du lundi au vendredi.<\/h3>\t\t\t\t<\/div>\n\t\t\t\t<\/div>\n\t\t\t\t<div class=\"elementor-element elementor-element-132cb3c elementor-widget elementor-widget-text-editor\" data-id=\"132cb3c\" data-element_type=\"widget\" data-e-type=\"widget\" data-widget_type=\"text-editor.default\">\n\t\t\t\t<div class=\"elementor-widget-container\">\n\t\t\t\t\t\t\t\t\t<section class=\"rich-text-area rich-text\" style=\"margin: 1rem 0px;color: #555555;font-family: 'Open Sans', sans-serif;font-size: medium\"><div class=\"rich-text-area__container\" style=\"margin-left: auto;margin-right: auto;padding-left: 0px;padding-right: 0px\"><h3><span style=\"font-size: 16px;font-style: inherit;font-weight: inherit;color: #555555\">Services de garde B.A.S.E. de l'\u00e9cole Hampstead<\/span><\/h3><p>83, chemin Thurlow, Hampstead (Qu\u00e9bec) H3X 3G8<br \/><span style=\"font-style: inherit;font-weight: inherit\"><b>Mme Helen Athanasiadis, technicienne de garderie par int\u00e9rim<\/b><\/span><br \/><a href=\"mailto:hathanasiadis@emsb.qc.ca\">hathanasiadis@emsb.qc.ca<\/a><br \/><span style=\"font-style: inherit;font-weight: inherit\">T\u00e9l\u00e9phone : 514 788-0025<\/span><\/p><\/div><\/section>\t\t\t\t\t\t\t\t<\/div>\n\t\t\t\t<\/div>\n\t\t\t\t<div class=\"elementor-element elementor-element-86aac05 elementor-widget elementor-widget-text-editor\" data-id=\"86aac05\" data-element_type=\"widget\" data-e-type=\"widget\" data-widget_type=\"text-editor.default\">\n\t\t\t\t<div class=\"elementor-widget-container\">\n\t\t\t\t\t\t\t\t\t<h3>Objectifs du service de garde<\/h3><ul><li>Assurer la s\u00e9curit\u00e9 et le bien-\u00eatre g\u00e9n\u00e9ral des enfants desservis.<\/li><li>Contribuer \u00e0 la r\u00e9alisation des objectifs du projet \u00e9ducatif de l'\u00e9cole.<\/li><li>Concevoir des activit\u00e9s et des projets r\u00e9cr\u00e9atifs qui contribuent au d\u00e9veloppement global des enfants.<\/li><li>Encourager le d\u00e9veloppement de comp\u00e9tences sociales telles que le respect, la coop\u00e9ration et l'ouverture aux autres.<\/li><li>Offrir une aide aux devoirs apr\u00e8s la classe en procurant aux \u00e9l\u00e8ves un endroit appropri\u00e9 pour faire leurs travaux.<\/li><\/ul>\t\t\t\t\t\t\t\t<\/div>\n\t\t\t\t<\/div>\n\t\t\t\t<div class=\"elementor-element elementor-element-7aac62b elementor-align-center elementor-widget elementor-widget-button\" data-id=\"7aac62b\" data-element_type=\"widget\" data-e-type=\"widget\" data-widget_type=\"button.default\">\n\t\t\t\t<div class=\"elementor-widget-container\">\n\t\t\t\t\t\t\t\t\t<div class=\"elementor-button-wrapper\">\n\t\t\t\t\t<a class=\"elementor-button elementor-button-link elementor-size-xl\" href=\"https:\/\/hampstead.emsb.qc.ca\/wp-content\/uploads\/sites\/2\/2024\/03\/Daycare_Handbook_2023-2024-F.pdf\" target=\"_blank\">\n\t\t\t\t\t\t<span class=\"elementor-button-content-wrapper\">\n\t\t\t\t\t\t\t\t\t<span class=\"elementor-button-text\">Cliquez ici pour t\u00e9l\u00e9charger le manuel des garderies <\/span>\n\t\t\t\t\t<\/span>\n\t\t\t\t\t<\/a>\n\t\t\t\t<\/div>\n\t\t\t\t\t\t\t\t<\/div>\n\t\t\t\t<\/div>\n\t\t\t\t\t<\/div>\n\t\t<\/div>\n\t\t\t\t<div class=\"elementor-column elementor-col-33 elementor-top-column elementor-element elementor-element-607bfa2\" data-id=\"607bfa2\" data-element_type=\"column\" data-e-type=\"column\" data-settings=\"{&quot;background_background&quot;:&quot;classic&quot;}\">\n\t\t\t<div class=\"elementor-widget-wrap elementor-element-populated\">\n\t\t\t\t\t\t<div class=\"elementor-element elementor-element-daa27d3 elementor-widget elementor-widget-heading\" data-id=\"daa27d3\" data-element_type=\"widget\" data-e-type=\"widget\" data-widget_type=\"heading.default\">\n\t\t\t\t<div class=\"elementor-widget-container\">\n\t\t\t\t\t<h2 class=\"elementor-heading-title elementor-size-default\">Tarification<\/h2>\t\t\t\t<\/div>\n\t\t\t\t<\/div>\n\t\t\t\t<div class=\"elementor-element elementor-element-3a7424d elementor-widget elementor-widget-text-editor\" data-id=\"3a7424d\" data-element_type=\"widget\" data-e-type=\"widget\" data-widget_type=\"text-editor.default\">\n\t\t\t\t<div class=\"elementor-widget-container\">\n\t\t\t\t\t\t\t\t\t<p>La grille tarifaire est bas\u00e9e sur le statut de l'\u00e9l\u00e8ve au service de garde, \u00e0 savoir r\u00e9gulier, sporadique ou occasionnel.<\/p><div><div><p><strong>R\u00e9gulier : $9.20 \/jour<\/strong><br \/><em>(Maximum de cinq heures)<\/em><\/p><\/div><div><div><p><strong>Journ\u00e9e p\u00e9dagogique : <\/strong><strong>12,00 $\/jour<\/strong><br \/><em>(Total de 10 heures <\/em><br \/><em>Des frais suppl\u00e9mentaires pourraient s'appliquer pour les activit\u00e9s)<\/em><\/p><\/div><\/div><div><p><strong>Sporadique + Occasionnel :\u00a0\u00a0<\/strong><span style=\"font-weight: bold\">$10,50\/jour<\/span><strong><br \/><\/strong><em>(Journ\u00e9es d'\u00e9cole r\u00e9guli\u00e8res)<br \/><\/em><em style=\"font-size: 16px\">Les frais sont bas\u00e9s sur les blocs de fr\u00e9quentation,  partiels ou complets, et varient selon l'\u00e9cole en fonction de l'horaire de chaque p\u00e9riode.<\/em><\/p><div><div>Un \u00e9l\u00e8ve \u00e0 statut r\u00e9gulier est un \u00e9l\u00e8ve qui est inscrit au service de garde et qui le fr\u00e9quente au minimum un \u00e0 cinq jours par semaine, \u00e0 raison d\u2019au moins deux p\u00e9riodes par jour. Ceci s'applique aux \u00e9l\u00e8ves qui fr\u00e9quentent le service de garde sur une base hebdomadaire, selon un horaire fixe.<\/div><div>\u00a0<\/div><div>Un \u00e9l\u00e8ve \u00e0 statut sporadique est un \u00e9l\u00e8ve qui est inscrit au service de garde et qui le fr\u00e9quente une p\u00e9riode par jour (le matin, au d\u00eener ou l'apr\u00e8s-midi). Veuillez noter que la p\u00e9riode du d\u00eener est consid\u00e9r\u00e9e comme un bloc. Le statut sporadique s'applique \u00e9galement \u00e0 l'\u00e9l\u00e8ve qui est inscrit au service de garde et qui le fr\u00e9quente lors d'une journ\u00e9e p\u00e9dagogique.<\/div><div>\u00a0<\/div><div>Un \u00e9l\u00e8ve \u00e0 statut occasionnel est un \u00e9l\u00e8ve qui est inscrit au service de garde, mais qui ne le fr\u00e9quente ni de fa\u00e7on pr\u00e9d\u00e9termin\u00e9e ni sur une base hebdomadaire. Les services de garde sont utilis\u00e9s en cas d'urgence. Si possible, le parent\/tuteur doit donner un pr\u00e9avis de 24 heures au service de garde. Il n'est pas garanti que son ou ses enfants seront plac\u00e9s dans le m\u00eame groupe au service de garde que leurs camarades de classe.<\/div><p>\u00a0<\/p><\/div><\/div><\/div>\t\t\t\t\t\t\t\t<\/div>\n\t\t\t\t<\/div>\n\t\t\t\t<div class=\"elementor-element elementor-element-2126b05 elementor-widget elementor-widget-text-editor\" data-id=\"2126b05\" data-element_type=\"widget\" data-e-type=\"widget\" data-widget_type=\"text-editor.default\">\n\t\t\t\t<div class=\"elementor-widget-container\">\n\t\t\t\t\t\t\t\t\t<div class=\"main-content-zone pure-u-1 pure-u-lg-2-3\" style=\"display: inline-block;width: 100%;vertical-align: top;font-family: 'Open Sans', sans-serif;color: #555555;padding-left: 1rem;padding-right: 1rem;margin-left: 0px;margin-right: 0px;font-size: medium\">\n\t<section class=\"rich-text-area rich-text\" style=\"margin: 2rem 0px\">\n\t\t<div class=\"rich-text-area__container\" style=\"margin-left: auto;margin-right: auto;padding-left: 0px;padding-right: 0px\">\n\t\t\t<div class=\"info-box lightgreen\" style=\"padding: 25px;margin-bottom: 25px;color: #ffffff;background: #2ab573\">\n\t\t\t\t<h4 style=\"font-style: normal;font-weight: bold;font-size: 1.2rem;line-height: 1.2;margin-bottom: 0.6em;color: #ffffff\">\n\t\t\t\t\tLisez-nous!<\/h4>\n\t\t\t\t<p style=\"line-height: 1.6;margin-bottom: 1rem\">Suivez-nous @emsbbase pour \u00eatre \u00e0 l'aff\u00fbt des derni\u00e8res nouvelles!<\/p>\n\t\t\t\t<a class=\"button-skinny\" style=\"color: #000000;padding: 0.3rem;border: 1px solid #ffffff;margin: 1rem auto 0px;display: block\" href=\"https:\/\/twitter.com\/emsbbase?lang=en\" target=\"_blank\" rel=\"noopener\">\u00a0Twitter<\/a><a class=\"button-skinny\" style=\"color: #000000;padding: 0.3rem;border: 1px solid #ffffff;margin: 1rem auto 0px;display: block\" href=\"https:\/\/www.instagram.com\/emsbbase\/\" target=\"_blank\" rel=\"noopener\">\u00a0Instagram<\/a><a class=\"button-skinny\" style=\"color: #000000;padding: 0.3rem;border: 1px solid #ffffff;margin: 1rem auto 0px;display: block\" href=\"https:\/\/daycare-matters.com\/\" target=\"_blank\" rel=\"noopener\">\u00a0Visitez le blogue Daycare Matters<\/a><a class=\"button-skinny\" style=\"color: #000000;padding: 0.3rem;border: 1px solid #ffffff;margin: 1rem auto 0px;display: block\" href=\"https:\/\/greenclubmontreal.wordpress.com\/\" target=\"_blank\" rel=\"noopener\">\u00a0Visitez le blogue Green Club MTL<\/a>\n\n\t\t\t<\/div>\n\t\t<\/div>\n\t<\/section>\n<\/div>\t\t\t\t\t\t\t\t<\/div>\n\t\t\t\t<\/div>\n\t\t\t\t\t<\/div>\n\t\t<\/div>\n\t\t\t\t\t<\/div>\n\t\t<\/section>\n\t\t\t\t<\/div>","protected":false},"excerpt":{"rendered":"<p>\/*! elementor &#8211; v3.18.0 &#8211; 06-12-2023 *\/ .elementor-heading-title{padding:0;margin:0;line-height:1}.elementor-widget-heading .elementor-heading-title[class*=elementor-size-]&gt;a{color:inherit;font-size:inherit;line-height:inherit}.elementor-widget-heading .elementor-heading-title.elementor-size-small{font-size:15px}.elementor-widget-heading .elementor-heading-title.elementor-size-medium{font-size:19px}.elementor-widget-heading .elementor-heading-title.elementor-size-large{font-size:29px}.elementor-widget-heading .elementor-heading-title.elementor-size-xl{font-size:39px}.elementor-widget-heading .elementor-heading-title.elementor-size-xxl{font-size:59px} BASE Daycare Services Before and After-School Enrichment Welcome to Hampstead Daycare Hampstead School Before and After School Enriched (B.A.S.E.) Daycare Program offers its services to all the children attending Hampstead School. Hampstead provides daycare services from 2:30 p.m. to 6:00 p.m. [&hellip;]<\/p>\n","protected":false},"author":3,"featured_media":0,"parent":0,"menu_order":0,"comment_status":"closed","ping_status":"closed","template":"","meta":{"site-sidebar-layout":"no-sidebar","site-content-layout":"page-builder","ast-site-content-layout":"default","site-content-style":"default","site-sidebar-style":"default","ast-global-header-display":"","ast-banner-title-visibility":"","ast-main-header-display":"","ast-hfb-above-header-display":"","ast-hfb-below-header-display":"","ast-hfb-mobile-header-display":"","site-post-title":"disabled","ast-breadcrumbs-content":"","ast-featured-img":"disabled","footer-sml-layout":"","ast-disable-related-posts":"","theme-transparent-header-meta":"default","adv-header-id-meta":"","stick-header-meta":"","header-above-stick-meta":"","header-main-stick-meta":"","header-below-stick-meta":"","astra-migrate-meta-layouts":"default","ast-page-background-enabled":"default","ast-page-background-meta":{"desktop":{"background-color":"var(--ast-global-color-4)","background-image":"","background-repeat":"repeat","background-position":"center center","background-size":"auto","background-attachment":"scroll","background-type":"","background-media":"","overlay-type":"","overlay-color":"","overlay-opacity":"","overlay-gradient":""},"tablet":{"background-color":"","background-image":"","background-repeat":"repeat","background-position":"center center","background-size":"auto","background-attachment":"scroll","background-type":"","background-media":"","overlay-type":"","overlay-color":"","overlay-opacity":"","overlay-gradient":""},"mobile":{"background-color":"","background-image":"","background-repeat":"repeat","background-position":"center center","background-size":"auto","background-attachment":"scroll","background-type":"","background-media":"","overlay-type":"","overlay-color":"","overlay-opacity":"","overlay-gradient":""}},"ast-content-background-meta":{"desktop":{"background-color":"var(--ast-global-color-5)","background-image":"","background-repeat":"repeat","background-position":"center center","background-size":"auto","background-attachment":"scroll","background-type":"","background-media":"","overlay-type":"","overlay-color":"","overlay-opacity":"","overlay-gradient":""},"tablet":{"background-color":"var(--ast-global-color-5)","background-image":"","background-repeat":"repeat","background-position":"center center","background-size":"auto","background-attachment":"scroll","background-type":"","background-media":"","overlay-type":"","overlay-color":"","overlay-opacity":"","overlay-gradient":""},"mobile":{"background-color":"var(--ast-global-color-5)","background-image":"","background-repeat":"repeat","background-position":"center center","background-size":"auto","background-attachment":"scroll","background-type":"","background-media":"","overlay-type":"","overlay-color":"","overlay-opacity":"","overlay-gradient":""}},"footnotes":""},"class_list":["post-3827","page","type-page","status-publish","hentry"],"yoast_head":"<!-- This site is optimized with the Yoast SEO plugin v27.3 - https:\/\/yoast.com\/product\/yoast-seo-wordpress\/ -->\n<title>BASE Daycare Services - Hampstead Elementary School<\/title>\n<meta name=\"robots\" content=\"index, follow, max-snippet:-1, max-image-preview:large, max-video-preview:-1\" \/>\n<link rel=\"canonical\" href=\"https:\/\/hampstead.emsb.qc.ca\/fr\/services-de-garde-denfants-de-base\/\" \/>\n<meta property=\"og:locale\" content=\"fr_FR\" \/>\n<meta property=\"og:type\" content=\"article\" \/>\n<meta property=\"og:title\" content=\"BASE Daycare Services - Hampstead Elementary School\" \/>\n<meta property=\"og:description\" content=\"\/*! elementor &#8211; v3.18.0 &#8211; 06-12-2023 *\/ .elementor-heading-title{padding:0;margin:0;line-height:1}.elementor-widget-heading .elementor-heading-title[class*=elementor-size-]&gt;a{color:inherit;font-size:inherit;line-height:inherit}.elementor-widget-heading .elementor-heading-title.elementor-size-small{font-size:15px}.elementor-widget-heading .elementor-heading-title.elementor-size-medium{font-size:19px}.elementor-widget-heading .elementor-heading-title.elementor-size-large{font-size:29px}.elementor-widget-heading .elementor-heading-title.elementor-size-xl{font-size:39px}.elementor-widget-heading .elementor-heading-title.elementor-size-xxl{font-size:59px} BASE Daycare Services Before and After-School Enrichment Welcome to Hampstead Daycare Hampstead School Before and After School Enriched (B.A.S.E.) Daycare Program offers its services to all the children attending Hampstead School. Hampstead provides daycare services from 2:30 p.m. to 6:00 p.m. [&hellip;]\" \/>\n<meta property=\"og:url\" content=\"https:\/\/hampstead.emsb.qc.ca\/fr\/services-de-garde-denfants-de-base\/\" \/>\n<meta property=\"og:site_name\" content=\"Hampstead Elementary School\" \/>\n<meta property=\"article:modified_time\" content=\"2024-08-06T15:31:44+00:00\" \/>\n<meta name=\"twitter:card\" content=\"summary_large_image\" \/>\n<meta name=\"twitter:label1\" content=\"Dur\u00e9e de lecture estim\u00e9e\" \/>\n\t<meta name=\"twitter:data1\" content=\"2 minutes\" \/>\n<script type=\"application\/ld+json\" class=\"yoast-schema-graph\">{\"@context\":\"https:\\\/\\\/schema.org\",\"@graph\":[{\"@type\":\"WebPage\",\"@id\":\"https:\\\/\\\/hampstead.emsb.qc.ca\\\/base-daycare-services\\\/\",\"url\":\"https:\\\/\\\/hampstead.emsb.qc.ca\\\/base-daycare-services\\\/\",\"name\":\"BASE Daycare Services - Hampstead Elementary School\",\"isPartOf\":{\"@id\":\"https:\\\/\\\/hampstead.emsb.qc.ca\\\/#website\"},\"datePublished\":\"2022-09-08T14:22:45+00:00\",\"dateModified\":\"2024-08-06T15:31:44+00:00\",\"breadcrumb\":{\"@id\":\"https:\\\/\\\/hampstead.emsb.qc.ca\\\/base-daycare-services\\\/#breadcrumb\"},\"inLanguage\":\"fr-FR\",\"potentialAction\":[{\"@type\":\"ReadAction\",\"target\":[\"https:\\\/\\\/hampstead.emsb.qc.ca\\\/base-daycare-services\\\/\"]}]},{\"@type\":\"BreadcrumbList\",\"@id\":\"https:\\\/\\\/hampstead.emsb.qc.ca\\\/base-daycare-services\\\/#breadcrumb\",\"itemListElement\":[{\"@type\":\"ListItem\",\"position\":1,\"name\":\"Home\",\"item\":\"https:\\\/\\\/hampstead.emsb.qc.ca\\\/\"},{\"@type\":\"ListItem\",\"position\":2,\"name\":\"BASE Daycare Services\"}]},{\"@type\":\"WebSite\",\"@id\":\"https:\\\/\\\/hampstead.emsb.qc.ca\\\/#website\",\"url\":\"https:\\\/\\\/hampstead.emsb.qc.ca\\\/\",\"name\":\"Hampstead Elementary School\",\"description\":\"Hampstead Elementary School\",\"publisher\":{\"@id\":\"https:\\\/\\\/hampstead.emsb.qc.ca\\\/#organization\"},\"potentialAction\":[{\"@type\":\"SearchAction\",\"target\":{\"@type\":\"EntryPoint\",\"urlTemplate\":\"https:\\\/\\\/hampstead.emsb.qc.ca\\\/?s={search_term_string}\"},\"query-input\":{\"@type\":\"PropertyValueSpecification\",\"valueRequired\":true,\"valueName\":\"search_term_string\"}}],\"inLanguage\":\"fr-FR\"},{\"@type\":\"Organization\",\"@id\":\"https:\\\/\\\/hampstead.emsb.qc.ca\\\/#organization\",\"name\":\"Hampstead Elementary School\",\"url\":\"https:\\\/\\\/hampstead.emsb.qc.ca\\\/\",\"logo\":{\"@type\":\"ImageObject\",\"inLanguage\":\"fr-FR\",\"@id\":\"https:\\\/\\\/hampstead.emsb.qc.ca\\\/#\\\/schema\\\/logo\\\/image\\\/\",\"url\":\"https:\\\/\\\/hampstead.emsb.qc.ca\\\/wp-content\\\/uploads\\\/sites\\\/2\\\/2022\\\/08\\\/hampstead-logo-large.png\",\"contentUrl\":\"https:\\\/\\\/hampstead.emsb.qc.ca\\\/wp-content\\\/uploads\\\/sites\\\/2\\\/2022\\\/08\\\/hampstead-logo-large.png\",\"width\":234,\"height\":269,\"caption\":\"Hampstead Elementary School\"},\"image\":{\"@id\":\"https:\\\/\\\/hampstead.emsb.qc.ca\\\/#\\\/schema\\\/logo\\\/image\\\/\"}}]}<\/script>\n<!-- \/ Yoast SEO plugin. -->","yoast_head_json":{"title":"BASE Daycare Services - \u00c9cole primaire de Hampstead","robots":{"index":"index","follow":"follow","max-snippet":"max-snippet:-1","max-image-preview":"max-image-preview:large","max-video-preview":"max-video-preview:-1"},"canonical":"https:\/\/hampstead.emsb.qc.ca\/fr\/services-de-garde-denfants-de-base\/","og_locale":"fr_FR","og_type":"article","og_title":"BASE Daycare Services - Hampstead Elementary School","og_description":"\/*! elementor &#8211; v3.18.0 &#8211; 06-12-2023 *\/ .elementor-heading-title{padding:0;margin:0;line-height:1}.elementor-widget-heading .elementor-heading-title[class*=elementor-size-]&gt;a{color:inherit;font-size:inherit;line-height:inherit}.elementor-widget-heading .elementor-heading-title.elementor-size-small{font-size:15px}.elementor-widget-heading .elementor-heading-title.elementor-size-medium{font-size:19px}.elementor-widget-heading .elementor-heading-title.elementor-size-large{font-size:29px}.elementor-widget-heading .elementor-heading-title.elementor-size-xl{font-size:39px}.elementor-widget-heading .elementor-heading-title.elementor-size-xxl{font-size:59px} BASE Daycare Services Before and After-School Enrichment Welcome to Hampstead Daycare Hampstead School Before and After School Enriched (B.A.S.E.) Daycare Program offers its services to all the children attending Hampstead School. Hampstead provides daycare services from 2:30 p.m. to 6:00 p.m. [&hellip;]","og_url":"https:\/\/hampstead.emsb.qc.ca\/fr\/services-de-garde-denfants-de-base\/","og_site_name":"Hampstead Elementary School","article_modified_time":"2024-08-06T15:31:44+00:00","twitter_card":"summary_large_image","twitter_misc":{"Dur\u00e9e de lecture estim\u00e9e":"2 minutes"},"schema":{"@context":"https:\/\/schema.org","@graph":[{"@type":"WebPage","@id":"https:\/\/hampstead.emsb.qc.ca\/base-daycare-services\/","url":"https:\/\/hampstead.emsb.qc.ca\/base-daycare-services\/","name":"BASE Daycare Services - \u00c9cole primaire de Hampstead","isPartOf":{"@id":"https:\/\/hampstead.emsb.qc.ca\/#website"},"datePublished":"2022-09-08T14:22:45+00:00","dateModified":"2024-08-06T15:31:44+00:00","breadcrumb":{"@id":"https:\/\/hampstead.emsb.qc.ca\/base-daycare-services\/#breadcrumb"},"inLanguage":"fr-FR","potentialAction":[{"@type":"ReadAction","target":["https:\/\/hampstead.emsb.qc.ca\/base-daycare-services\/"]}]},{"@type":"BreadcrumbList","@id":"https:\/\/hampstead.emsb.qc.ca\/base-daycare-services\/#breadcrumb","itemListElement":[{"@type":"ListItem","position":1,"name":"Home","item":"https:\/\/hampstead.emsb.qc.ca\/"},{"@type":"ListItem","position":2,"name":"BASE Daycare Services"}]},{"@type":"WebSite","@id":"https:\/\/hampstead.emsb.qc.ca\/#website","url":"https:\/\/hampstead.emsb.qc.ca\/","name":"\u00c9cole primaire Hampstead","description":"\u00c9cole primaire Hampstead","publisher":{"@id":"https:\/\/hampstead.emsb.qc.ca\/#organization"},"potentialAction":[{"@type":"SearchAction","target":{"@type":"EntryPoint","urlTemplate":"https:\/\/hampstead.emsb.qc.ca\/?s={search_term_string}"},"query-input":{"@type":"PropertyValueSpecification","valueRequired":true,"valueName":"search_term_string"}}],"inLanguage":"fr-FR"},{"@type":"Organization","@id":"https:\/\/hampstead.emsb.qc.ca\/#organization","name":"\u00c9cole primaire Hampstead","url":"https:\/\/hampstead.emsb.qc.ca\/","logo":{"@type":"ImageObject","inLanguage":"fr-FR","@id":"https:\/\/hampstead.emsb.qc.ca\/#\/schema\/logo\/image\/","url":"https:\/\/hampstead.emsb.qc.ca\/wp-content\/uploads\/sites\/2\/2022\/08\/hampstead-logo-large.png","contentUrl":"https:\/\/hampstead.emsb.qc.ca\/wp-content\/uploads\/sites\/2\/2022\/08\/hampstead-logo-large.png","width":234,"height":269,"caption":"Hampstead Elementary School"},"image":{"@id":"https:\/\/hampstead.emsb.qc.ca\/#\/schema\/logo\/image\/"}}]}},"_links":{"self":[{"href":"https:\/\/hampstead.emsb.qc.ca\/fr\/wp-json\/wp\/v2\/pages\/3827","targetHints":{"allow":["GET"]}}],"collection":[{"href":"https:\/\/hampstead.emsb.qc.ca\/fr\/wp-json\/wp\/v2\/pages"}],"about":[{"href":"https:\/\/hampstead.emsb.qc.ca\/fr\/wp-json\/wp\/v2\/types\/page"}],"author":[{"embeddable":true,"href":"https:\/\/hampstead.emsb.qc.ca\/fr\/wp-json\/wp\/v2\/users\/3"}],"replies":[{"embeddable":true,"href":"https:\/\/hampstead.emsb.qc.ca\/fr\/wp-json\/wp\/v2\/comments?post=3827"}],"version-history":[{"count":163,"href":"https:\/\/hampstead.emsb.qc.ca\/fr\/wp-json\/wp\/v2\/pages\/3827\/revisions"}],"predecessor-version":[{"id":7651,"href":"https:\/\/hampstead.emsb.qc.ca\/fr\/wp-json\/wp\/v2\/pages\/3827\/revisions\/7651"}],"wp:attachment":[{"href":"https:\/\/hampstead.emsb.qc.ca\/fr\/wp-json\/wp\/v2\/media?parent=3827"}],"curies":[{"name":"wp","href":"https:\/\/api.w.org\/{rel}","templated":true}]}}