
{"id":3563,"date":"2022-09-07T09:01:48","date_gmt":"2022-09-07T13:01:48","guid":{"rendered":"https:\/\/hampstead.propageweb.com\/?page_id=3563"},"modified":"2022-09-14T09:47:45","modified_gmt":"2022-09-14T13:47:45","slug":"governing-board-meeting-june-16-2022","status":"publish","type":"page","link":"https:\/\/hampstead.emsb.qc.ca\/fr\/governing-board-meeting-june-16-2022\/","title":{"rendered":"R\u00c9UNION DU CONSEIL D'ADMINISTRATION - 16 juin 2022"},"content":{"rendered":"<div data-elementor-type=\"wp-page\" data-elementor-id=\"3563\" class=\"elementor elementor-3563\" data-elementor-post-type=\"page\">\n\t\t\t\t\t\t<section class=\"elementor-section elementor-top-section elementor-element elementor-element-94e8977 elementor-section-boxed elementor-section-height-default elementor-section-height-default\" data-id=\"94e8977\" data-element_type=\"section\" data-e-type=\"section\" data-settings=\"{&quot;jet_parallax_layout_list&quot;:[]}\">\n\t\t\t\t\t\t<div class=\"elementor-container elementor-column-gap-default\">\n\t\t\t\t\t<div class=\"elementor-column elementor-col-100 elementor-top-column elementor-element elementor-element-f591983\" data-id=\"f591983\" data-element_type=\"column\" data-e-type=\"column\">\n\t\t\t<div class=\"elementor-widget-wrap elementor-element-populated\">\n\t\t\t\t\t\t<section class=\"elementor-section elementor-inner-section elementor-element elementor-element-09e7e2d elementor-section-boxed elementor-section-height-default elementor-section-height-default\" data-id=\"09e7e2d\" data-element_type=\"section\" data-e-type=\"section\" data-settings=\"{&quot;jet_parallax_layout_list&quot;:[]}\">\n\t\t\t\t\t\t<div class=\"elementor-container elementor-column-gap-default\">\n\t\t\t\t\t<div class=\"elementor-column elementor-col-50 elementor-inner-column elementor-element elementor-element-cdd2548\" data-id=\"cdd2548\" data-element_type=\"column\" data-e-type=\"column\">\n\t\t\t<div class=\"elementor-widget-wrap elementor-element-populated\">\n\t\t\t\t\t\t<div class=\"elementor-element elementor-element-0f19e24 elementor-widget__width-auto elementor-widget elementor-widget-image\" data-id=\"0f19e24\" data-element_type=\"widget\" data-e-type=\"widget\" data-widget_type=\"image.default\">\n\t\t\t\t<div class=\"elementor-widget-container\">\n\t\t\t\t\t\t\t\t\t\t\t\t\t\t\t<img fetchpriority=\"high\" decoding=\"async\" width=\"234\" height=\"269\" src=\"https:\/\/hampstead.emsb.qc.ca\/wp-content\/uploads\/sites\/2\/2022\/08\/hampstead-logo-large.png\" class=\"attachment-medium_large size-medium_large wp-image-2601\" alt=\"\" srcset=\"https:\/\/hampstead.emsb.qc.ca\/wp-content\/uploads\/sites\/2\/2022\/08\/hampstead-logo-large.png 234w, https:\/\/hampstead.emsb.qc.ca\/wp-content\/uploads\/sites\/2\/2022\/08\/hampstead-logo-large-10x12.png 10w\" sizes=\"(max-width: 234px) 100vw, 234px\" \/>\t\t\t\t\t\t\t\t\t\t\t\t\t\t\t<\/div>\n\t\t\t\t<\/div>\n\t\t\t\t\t<\/div>\n\t\t<\/div>\n\t\t\t\t<div class=\"elementor-column elementor-col-50 elementor-inner-column elementor-element elementor-element-06c4d97\" data-id=\"06c4d97\" data-element_type=\"column\" data-e-type=\"column\">\n\t\t\t<div class=\"elementor-widget-wrap elementor-element-populated\">\n\t\t\t\t\t\t<div class=\"elementor-element elementor-element-00d4f4f elementor-widget elementor-widget-heading\" data-id=\"00d4f4f\" data-element_type=\"widget\" data-e-type=\"widget\" data-widget_type=\"heading.default\">\n\t\t\t\t<div class=\"elementor-widget-container\">\n\t\t\t\t\t<h2 class=\"elementor-heading-title elementor-size-default\">\u00c9cole Hampstead\u00a0<\/h2>\t\t\t\t<\/div>\n\t\t\t\t<\/div>\n\t\t\t\t<div class=\"elementor-element elementor-element-4b214d9 elementor-widget__width-auto elementor-widget elementor-widget-text-editor\" data-id=\"4b214d9\" data-element_type=\"widget\" data-e-type=\"widget\" data-widget_type=\"text-editor.default\">\n\t\t\t\t<div class=\"elementor-widget-container\">\n\t\t\t\t\t\t\t\t\t<p style=\"font-size: 15px; font-style: normal; font-weight: 400;\">83 Thurlow Rd, Hampstead, Qu\u00e9bec H3X 3G8\u00a0<\/p><p style=\"font-size: 15px; font-style: normal; font-weight: 400;\">T\u00e9l : (514) 486-6758<\/p><p style=\"font-size: 15px; font-style: normal; font-weight: 400;\">http:\/\/www.hampstead.emsb.qc.ca\/\u00a0<\/p>\t\t\t\t\t\t\t\t<\/div>\n\t\t\t\t<\/div>\n\t\t\t\t\t<\/div>\n\t\t<\/div>\n\t\t\t\t\t<\/div>\n\t\t<\/section>\n\t\t\t\t<div class=\"elementor-element elementor-element-30b728b elementor-widget elementor-widget-heading\" data-id=\"30b728b\" data-element_type=\"widget\" data-e-type=\"widget\" data-widget_type=\"heading.default\">\n\t\t\t\t<div class=\"elementor-widget-container\">\n\t\t\t\t\t<h2 class=\"elementor-heading-title elementor-size-default\">R\u00c9UNION DU CONSEIL D'ADMINISTRATION<\/h2>\t\t\t\t<\/div>\n\t\t\t\t<\/div>\n\t\t\t\t<div class=\"elementor-element elementor-element-253d5c2 elementor-widget elementor-widget-text-editor\" data-id=\"253d5c2\" data-element_type=\"widget\" data-e-type=\"widget\" data-widget_type=\"text-editor.default\">\n\t\t\t\t<div class=\"elementor-widget-container\">\n\t\t\t\t\t\t\t\t\t<p style=\"font-size: 15px; font-style: normal; font-weight: 400;\">16 juin 2022<\/p><p style=\"font-size: 15px; font-style: normal; font-weight: 400;\">MEMBRES DU CONSEIL D'ADMINISTRATION :<\/p><p style=\"font-size: 15px; font-style: normal; font-weight: 400;\">PR\u00c9SIDENCE DU CONSEIL DE GOUVERNEMENT : Katherine Korakakis<\/p><p style=\"font-size: 15px; font-style: normal; font-weight: 400;\">LES REPR\u00c9SENTANTS DES PARENTS : Katherine Korakakis, Simon Becker, Ricardo Boza,<\/p><p style=\"font-size: 15px; font-style: normal; font-weight: 400;\">REPR\u00c9SENTANTS DU PERSONNEL : Rosanna Dello Russo, Danna Dworkind, Heather Strulovitch, Earthma Barker, Cathy Agnello<\/p><p style=\"font-size: 15px; font-style: normal; font-weight: 400;\">PRINCIPAL : Mme Lucy Buscemi<\/p><p style=\"font-size: 15px; font-style: normal; font-weight: 400;\">REGRETS : Erin Matheson, Sara Serenelli, Ezgi Demertas<\/p>\t\t\t\t\t\t\t\t<\/div>\n\t\t\t\t<\/div>\n\t\t\t\t<div class=\"elementor-element elementor-element-b30dded elementor-widget elementor-widget-text-editor\" data-id=\"b30dded\" data-element_type=\"widget\" data-e-type=\"widget\" data-widget_type=\"text-editor.default\">\n\t\t\t\t<div class=\"elementor-widget-container\">\n\t\t\t\t\t\t\t\t\t<p><b>Ouverture de la r\u00e9union \u00e0 18h38<\/b><\/p><p>1.<b> <u>Adoption de l'ordre du jour<\/u><\/b><\/p><p>Propos\u00e9 par Danna<\/p><p>Appuy\u00e9 par Heather<\/p><p>2.<b> <u>ADOPTION DU PROC\u00c8S-VERBAL DE LA R\u00c9UNION DU 24 mars 2022 :<\/u><\/b><\/p><p>Propos\u00e9e par Hassan Umut<\/p><p>Appuy\u00e9 par Heather<\/p><p>Motion adopt\u00e9e<\/p><p><u><b>ADOPTION DU PROC\u00c8S-VERBAL DE LA R\u00c9UNION DU 25 mai 2022 :<\/b><\/u><\/p><p>Propos\u00e9e par Cathy Agnello<\/p><p>Appuy\u00e9 par Heather Strulovitch<\/p><p>Un non, motion adopt\u00e9e<\/p><p><u><b>ADOPTION DU PROC\u00c8S-VERBAL DE LA R\u00c9UNION DU 9 juin 2022 :<\/b><\/u><\/p><p>Correction de fautes d'orthographe (noms des membres du CE).<\/p><p>Propos\u00e9e par Heather Strulovitch<\/p><p>Appuy\u00e9 par Danna Dworkind<\/p><p>Motion adopt\u00e9e<\/p><p>3. <u><b>QUESTIONS D\u00c9COULANT DU PROC\u00c8S-VERBAL<\/b><\/u><\/p><p>3.1 Le directeur a indiqu\u00e9 que les fonds de donation pour la musique seront report\u00e9s pour \u00eatre d\u00e9pens\u00e9s au cours de l'ann\u00e9e scolaire 2022-2023. Les professeurs principaux enseigneront le th\u00e9\u00e2tre.<\/p><p>3.1 Comit\u00e9 de marketing - Le Proviseur contactera le Comit\u00e9 de communication.<\/p><p>Le minist\u00e8re de l'\u00e9ducation et de la formation a \u00e9t\u00e9 consult\u00e9 sur la mani\u00e8re de proc\u00e9der au cours de la nouvelle ann\u00e9e scolaire.<\/p><p>3.2 M\u00e9dias sociaux - Nous continuerons \u00e0 promouvoir notre \u00e9cole par le biais des m\u00e9dias sociaux.<\/p><p>Un grand merci \u00e0 Mme Danna qui nous a aid\u00e9s \u00e0 g\u00e9rer nos comptes de m\u00e9dias sociaux.<\/p><p>3.3 Pages de l'agenda des \u00e9tudiants pour 2022-2023<\/p><p>Le conseil d'administration a examin\u00e9 les pages de l'agenda des \u00e9tudiants et a \u00e9tabli de nouvelles lignes directrices pour 2022-2023.<\/p><p>Propos\u00e9e par Heather Strulovitch<\/p><p>Motion adopt\u00e9e par Rosanna Dello Russo<\/p><p>Motion adopt\u00e9e<\/p>\t\t\t\t\t\t\t\t<\/div>\n\t\t\t\t<\/div>\n\t\t\t\t<div class=\"elementor-element elementor-element-e3861d8 elementor-widget elementor-widget-text-editor\" data-id=\"e3861d8\" data-element_type=\"widget\" data-e-type=\"widget\" data-widget_type=\"text-editor.default\">\n\t\t\t\t<div class=\"elementor-widget-container\">\n\t\t\t\t\t\t\t\t\t<p><span style=\"font-style: inherit; font-weight: inherit; color: var( --e-global-color-text ); font-family: var( --e-global-typography-text-font-family ), Sans-serif; background-color: var(--ast-global-color-5);\">4<\/span><b> <u style=\"font-style: inherit; color: var( --e-global-color-text ); font-family: var( --e-global-typography-text-font-family ), Sans-serif; background-color: var(--ast-global-color-5);\">AFFAIRES NOUVELLES<\/u><\/b><\/p><p>4.1 Budget scolaire 2022-2023 (R\u00e9solution)<\/p><p>Le directeur a pr\u00e9sent\u00e9 le budget de l'\u00e9cole pour 2022-2023. Une r\u00e9solution a \u00e9t\u00e9 adopt\u00e9e<\/p><p>par le conseil d'\u00e9tablissement pour adopter le budget de fonctionnement de l'\u00e9cole pour l'ann\u00e9e scolaire 2022-2023.<\/p><p>Propos\u00e9e par Heather Strulovitch<\/p><p>Motion adopt\u00e9e par Rosanna Dello Russo<\/p><p>Motion adopt\u00e9e<\/p><p>4.2 Rapport annuel (juin 2022)<\/p><p>Le rapport annuel sera envoy\u00e9 par courrier \u00e9lectronique aux membres du CE pour approbation.<\/p><p>4.3 Frais pour les journ\u00e9es p\u00e9dagogiques en garderie (MOTION)<\/p><p>A confirmer au cours de la nouvelle ann\u00e9e scolaire.<\/p><p>5 <u><b>RAPPORTS<\/b><\/u><\/p><p>5.1 Rapport du pr\u00e9sident<\/p><p>Mme Korakakis a souhait\u00e9 aux membres du CE un bel \u00e9t\u00e9.<\/p><p>5.2 Rapport du directeur d'\u00e9cole<\/p><p>Mme Buscemi a remerci\u00e9 les membres du CE pour leur contribution au CE tout au long de cette ann\u00e9e et a souhait\u00e9 \u00e0 tous un bel \u00e9t\u00e9.<\/p><p>5.3 Rapport des enseignants<\/p><p>Aucun<\/p><p>5.4 Rapport de la garderie<\/p><p>Approuver le manuel 2022-2023 et les frais en septembre.<\/p><p>5.5 Rapport du tr\u00e9sorier<\/p><p>Le rapport du tr\u00e9sorier sera envoy\u00e9 par e-mail aux membres du CE pour approbation.<\/p><p>5.6 Rapport du d\u00e9l\u00e9gu\u00e9 r\u00e9gional<\/p><p>Aucun<\/p><p>5.7 Rapport et approbation du P.P.O. et de la collecte de fonds<\/p><p>Aucun<\/p><p>6. <u><b>P\u00c9RIODE DE QUESTIONS<\/b><\/u><\/p><p>Aucun<\/p><p>7. Lev\u00e9e de la s\u00e9ance La s\u00e9ance est lev\u00e9e \u00e0 20h48 Sur proposition de Danna Dworkind, appuy\u00e9e par Heather Strulovitch et approuv\u00e9e \u00e0 l'unanimit\u00e9.<\/p><p>Lucy Buscemi, directrice<\/p><p>Katherine Korakakis, Pr\u00e9sidente<\/p><p>Ecole Hampstead School<\/p>\t\t\t\t\t\t\t\t<\/div>\n\t\t\t\t<\/div>\n\t\t\t\t\t<\/div>\n\t\t<\/div>\n\t\t\t\t\t<\/div>\n\t\t<\/section>\n\t\t\t\t<\/div>","protected":false},"excerpt":{"rendered":"<p>\u00c9cole Hampstead School\u00a0 83 Thurlow Rd, Hampstead, Quebec H3X 3G8\u00a0 T\u00e9l: (514) 486-6758 http:\/\/www.hampstead.emsb.qc.ca\/\u00a0 GOVERNING BOARD MEETING June 16, 2022 GOVERNING BOARD MEMBERS: GOVERNING BOARD CHAIR: Katherine Korakakis PARENT REPRESENTATIVES: Katherine Korakakis, Simon Becker, Ricardo Boza, STAFF REPRESENTATIVES: Rosanna Dello Russo, Danna Dworkind, Heather Strulovitch, Earthma Barker, Cathy Agnello PRINCIPAL: Ms. Lucy Buscemi REGRETS: Erin [&hellip;]<\/p>\n","protected":false},"author":3,"featured_media":0,"parent":0,"menu_order":0,"comment_status":"closed","ping_status":"closed","template":"","meta":{"site-sidebar-layout":"no-sidebar","site-content-layout":"page-builder","ast-site-content-layout":"default","site-content-style":"default","site-sidebar-style":"default","ast-global-header-display":"","ast-banner-title-visibility":"","ast-main-header-display":"","ast-hfb-above-header-display":"","ast-hfb-below-header-display":"","ast-hfb-mobile-header-display":"","site-post-title":"disabled","ast-breadcrumbs-content":"","ast-featured-img":"disabled","footer-sml-layout":"","ast-disable-related-posts":"","theme-transparent-header-meta":"default","adv-header-id-meta":"","stick-header-meta":"","header-above-stick-meta":"","header-main-stick-meta":"","header-below-stick-meta":"","astra-migrate-meta-layouts":"default","ast-page-background-enabled":"default","ast-page-background-meta":{"desktop":{"background-color":"var(--ast-global-color-4)","background-image":"","background-repeat":"repeat","background-position":"center center","background-size":"auto","background-attachment":"scroll","background-type":"","background-media":"","overlay-type":"","overlay-color":"","overlay-opacity":"","overlay-gradient":""},"tablet":{"background-color":"","background-image":"","background-repeat":"repeat","background-position":"center center","background-size":"auto","background-attachment":"scroll","background-type":"","background-media":"","overlay-type":"","overlay-color":"","overlay-opacity":"","overlay-gradient":""},"mobile":{"background-color":"","background-image":"","background-repeat":"repeat","background-position":"center center","background-size":"auto","background-attachment":"scroll","background-type":"","background-media":"","overlay-type":"","overlay-color":"","overlay-opacity":"","overlay-gradient":""}},"ast-content-background-meta":{"desktop":{"background-color":"var(--ast-global-color-5)","background-image":"","background-repeat":"repeat","background-position":"center center","background-size":"auto","background-attachment":"scroll","background-type":"","background-media":"","overlay-type":"","overlay-color":"","overlay-opacity":"","overlay-gradient":""},"tablet":{"background-color":"var(--ast-global-color-5)","background-image":"","background-repeat":"repeat","background-position":"center center","background-size":"auto","background-attachment":"scroll","background-type":"","background-media":"","overlay-type":"","overlay-color":"","overlay-opacity":"","overlay-gradient":""},"mobile":{"background-color":"var(--ast-global-color-5)","background-image":"","background-repeat":"repeat","background-position":"center center","background-size":"auto","background-attachment":"scroll","background-type":"","background-media":"","overlay-type":"","overlay-color":"","overlay-opacity":"","overlay-gradient":""}},"footnotes":""},"class_list":["post-3563","page","type-page","status-publish","hentry"],"yoast_head":"<!-- This site is optimized with the Yoast SEO plugin v27.5 - https:\/\/yoast.com\/product\/yoast-seo-wordpress\/ -->\n<title>GOVERNING BOARD MEETING - June 16, 2022 - Hampstead Elementary School<\/title>\n<meta name=\"robots\" content=\"index, follow, max-snippet:-1, max-image-preview:large, max-video-preview:-1\" \/>\n<link rel=\"canonical\" href=\"https:\/\/hampstead.emsb.qc.ca\/fr\/governing-board-meeting-june-16-2022\/\" \/>\n<meta property=\"og:locale\" content=\"fr_FR\" \/>\n<meta property=\"og:type\" content=\"article\" \/>\n<meta property=\"og:title\" content=\"GOVERNING BOARD MEETING - June 16, 2022 - Hampstead Elementary School\" \/>\n<meta property=\"og:description\" content=\"\u00c9cole Hampstead School\u00a0 83 Thurlow Rd, Hampstead, Quebec H3X 3G8\u00a0 T\u00e9l: (514) 486-6758 http:\/\/www.hampstead.emsb.qc.ca\/\u00a0 GOVERNING BOARD MEETING June 16, 2022 GOVERNING BOARD MEMBERS: GOVERNING BOARD CHAIR: Katherine Korakakis PARENT REPRESENTATIVES: Katherine Korakakis, Simon Becker, Ricardo Boza, STAFF REPRESENTATIVES: Rosanna Dello Russo, Danna Dworkind, Heather Strulovitch, Earthma Barker, Cathy Agnello PRINCIPAL: Ms. Lucy Buscemi REGRETS: Erin [&hellip;]\" \/>\n<meta property=\"og:url\" content=\"https:\/\/hampstead.emsb.qc.ca\/fr\/governing-board-meeting-june-16-2022\/\" \/>\n<meta property=\"og:site_name\" content=\"Hampstead Elementary School\" \/>\n<meta property=\"article:modified_time\" content=\"2022-09-14T13:47:45+00:00\" \/>\n<meta property=\"og:image\" content=\"https:\/\/hampstead.emsb.qc.ca\/wp-content\/uploads\/sites\/2\/2022\/08\/hampstead-logo-large.png\" \/>\n<meta name=\"twitter:card\" content=\"summary_large_image\" \/>\n<meta name=\"twitter:label1\" content=\"Dur\u00e9e de lecture estim\u00e9e\" \/>\n\t<meta name=\"twitter:data1\" content=\"2 minutes\" \/>\n<script type=\"application\/ld+json\" class=\"yoast-schema-graph\">{\"@context\":\"https:\\\/\\\/schema.org\",\"@graph\":[{\"@type\":\"WebPage\",\"@id\":\"https:\\\/\\\/hampstead.emsb.qc.ca\\\/fr\\\/governing-board-meeting-june-16-2022\\\/\",\"url\":\"https:\\\/\\\/hampstead.emsb.qc.ca\\\/fr\\\/governing-board-meeting-june-16-2022\\\/\",\"name\":\"GOVERNING BOARD MEETING - June 16, 2022 - Hampstead Elementary School\",\"isPartOf\":{\"@id\":\"https:\\\/\\\/hampstead.emsb.qc.ca\\\/#website\"},\"primaryImageOfPage\":{\"@id\":\"https:\\\/\\\/hampstead.emsb.qc.ca\\\/fr\\\/governing-board-meeting-june-16-2022\\\/#primaryimage\"},\"image\":{\"@id\":\"https:\\\/\\\/hampstead.emsb.qc.ca\\\/fr\\\/governing-board-meeting-june-16-2022\\\/#primaryimage\"},\"thumbnailUrl\":\"https:\\\/\\\/hampstead.emsb.qc.ca\\\/wp-content\\\/uploads\\\/sites\\\/2\\\/2022\\\/08\\\/hampstead-logo-large.png\",\"datePublished\":\"2022-09-07T13:01:48+00:00\",\"dateModified\":\"2022-09-14T13:47:45+00:00\",\"breadcrumb\":{\"@id\":\"https:\\\/\\\/hampstead.emsb.qc.ca\\\/fr\\\/governing-board-meeting-june-16-2022\\\/#breadcrumb\"},\"inLanguage\":\"fr-FR\",\"potentialAction\":[{\"@type\":\"ReadAction\",\"target\":[\"https:\\\/\\\/hampstead.emsb.qc.ca\\\/fr\\\/governing-board-meeting-june-16-2022\\\/\"]}]},{\"@type\":\"ImageObject\",\"inLanguage\":\"fr-FR\",\"@id\":\"https:\\\/\\\/hampstead.emsb.qc.ca\\\/fr\\\/governing-board-meeting-june-16-2022\\\/#primaryimage\",\"url\":\"https:\\\/\\\/hampstead.emsb.qc.ca\\\/wp-content\\\/uploads\\\/sites\\\/2\\\/2022\\\/08\\\/hampstead-logo-large.png\",\"contentUrl\":\"https:\\\/\\\/hampstead.emsb.qc.ca\\\/wp-content\\\/uploads\\\/sites\\\/2\\\/2022\\\/08\\\/hampstead-logo-large.png\"},{\"@type\":\"BreadcrumbList\",\"@id\":\"https:\\\/\\\/hampstead.emsb.qc.ca\\\/fr\\\/governing-board-meeting-june-16-2022\\\/#breadcrumb\",\"itemListElement\":[{\"@type\":\"ListItem\",\"position\":1,\"name\":\"Home\",\"item\":\"https:\\\/\\\/hampstead.emsb.qc.ca\\\/\"},{\"@type\":\"ListItem\",\"position\":2,\"name\":\"GOVERNING BOARD MEETING &#8211; June 16, 2022\"}]},{\"@type\":\"WebSite\",\"@id\":\"https:\\\/\\\/hampstead.emsb.qc.ca\\\/#website\",\"url\":\"https:\\\/\\\/hampstead.emsb.qc.ca\\\/\",\"name\":\"Hampstead Elementary School\",\"description\":\"Hampstead Elementary School\",\"publisher\":{\"@id\":\"https:\\\/\\\/hampstead.emsb.qc.ca\\\/#organization\"},\"potentialAction\":[{\"@type\":\"SearchAction\",\"target\":{\"@type\":\"EntryPoint\",\"urlTemplate\":\"https:\\\/\\\/hampstead.emsb.qc.ca\\\/?s={search_term_string}\"},\"query-input\":{\"@type\":\"PropertyValueSpecification\",\"valueRequired\":true,\"valueName\":\"search_term_string\"}}],\"inLanguage\":\"fr-FR\"},{\"@type\":\"Organization\",\"@id\":\"https:\\\/\\\/hampstead.emsb.qc.ca\\\/#organization\",\"name\":\"Hampstead Elementary School\",\"url\":\"https:\\\/\\\/hampstead.emsb.qc.ca\\\/\",\"logo\":{\"@type\":\"ImageObject\",\"inLanguage\":\"fr-FR\",\"@id\":\"https:\\\/\\\/hampstead.emsb.qc.ca\\\/#\\\/schema\\\/logo\\\/image\\\/\",\"url\":\"https:\\\/\\\/hampstead.emsb.qc.ca\\\/wp-content\\\/uploads\\\/sites\\\/2\\\/2022\\\/08\\\/hampstead-logo-large.png\",\"contentUrl\":\"https:\\\/\\\/hampstead.emsb.qc.ca\\\/wp-content\\\/uploads\\\/sites\\\/2\\\/2022\\\/08\\\/hampstead-logo-large.png\",\"width\":234,\"height\":269,\"caption\":\"Hampstead Elementary School\"},\"image\":{\"@id\":\"https:\\\/\\\/hampstead.emsb.qc.ca\\\/#\\\/schema\\\/logo\\\/image\\\/\"}}]}<\/script>\n<!-- \/ Yoast SEO plugin. -->","yoast_head_json":{"title":"R\u00c9UNION DU CONSEIL D'ADMINISTRATION - 16 juin 2022 - \u00c9cole primaire de Hampstead","robots":{"index":"index","follow":"follow","max-snippet":"max-snippet:-1","max-image-preview":"max-image-preview:large","max-video-preview":"max-video-preview:-1"},"canonical":"https:\/\/hampstead.emsb.qc.ca\/fr\/governing-board-meeting-june-16-2022\/","og_locale":"fr_FR","og_type":"article","og_title":"GOVERNING BOARD MEETING - June 16, 2022 - Hampstead Elementary School","og_description":"\u00c9cole Hampstead School\u00a0 83 Thurlow Rd, Hampstead, Quebec H3X 3G8\u00a0 T\u00e9l: (514) 486-6758 http:\/\/www.hampstead.emsb.qc.ca\/\u00a0 GOVERNING BOARD MEETING June 16, 2022 GOVERNING BOARD MEMBERS: GOVERNING BOARD CHAIR: Katherine Korakakis PARENT REPRESENTATIVES: Katherine Korakakis, Simon Becker, Ricardo Boza, STAFF REPRESENTATIVES: Rosanna Dello Russo, Danna Dworkind, Heather Strulovitch, Earthma Barker, Cathy Agnello PRINCIPAL: Ms. Lucy Buscemi REGRETS: Erin [&hellip;]","og_url":"https:\/\/hampstead.emsb.qc.ca\/fr\/governing-board-meeting-june-16-2022\/","og_site_name":"Hampstead Elementary School","article_modified_time":"2022-09-14T13:47:45+00:00","og_image":[{"url":"https:\/\/hampstead.emsb.qc.ca\/wp-content\/uploads\/sites\/2\/2022\/08\/hampstead-logo-large.png","type":"","width":"","height":""}],"twitter_card":"summary_large_image","twitter_misc":{"Dur\u00e9e de lecture estim\u00e9e":"2 minutes"},"schema":{"@context":"https:\/\/schema.org","@graph":[{"@type":"WebPage","@id":"https:\/\/hampstead.emsb.qc.ca\/fr\/governing-board-meeting-june-16-2022\/","url":"https:\/\/hampstead.emsb.qc.ca\/fr\/governing-board-meeting-june-16-2022\/","name":"R\u00c9UNION DU CONSEIL D'ADMINISTRATION - 16 juin 2022 - \u00c9cole primaire de Hampstead","isPartOf":{"@id":"https:\/\/hampstead.emsb.qc.ca\/#website"},"primaryImageOfPage":{"@id":"https:\/\/hampstead.emsb.qc.ca\/fr\/governing-board-meeting-june-16-2022\/#primaryimage"},"image":{"@id":"https:\/\/hampstead.emsb.qc.ca\/fr\/governing-board-meeting-june-16-2022\/#primaryimage"},"thumbnailUrl":"https:\/\/hampstead.emsb.qc.ca\/wp-content\/uploads\/sites\/2\/2022\/08\/hampstead-logo-large.png","datePublished":"2022-09-07T13:01:48+00:00","dateModified":"2022-09-14T13:47:45+00:00","breadcrumb":{"@id":"https:\/\/hampstead.emsb.qc.ca\/fr\/governing-board-meeting-june-16-2022\/#breadcrumb"},"inLanguage":"fr-FR","potentialAction":[{"@type":"ReadAction","target":["https:\/\/hampstead.emsb.qc.ca\/fr\/governing-board-meeting-june-16-2022\/"]}]},{"@type":"ImageObject","inLanguage":"fr-FR","@id":"https:\/\/hampstead.emsb.qc.ca\/fr\/governing-board-meeting-june-16-2022\/#primaryimage","url":"https:\/\/hampstead.emsb.qc.ca\/wp-content\/uploads\/sites\/2\/2022\/08\/hampstead-logo-large.png","contentUrl":"https:\/\/hampstead.emsb.qc.ca\/wp-content\/uploads\/sites\/2\/2022\/08\/hampstead-logo-large.png"},{"@type":"BreadcrumbList","@id":"https:\/\/hampstead.emsb.qc.ca\/fr\/governing-board-meeting-june-16-2022\/#breadcrumb","itemListElement":[{"@type":"ListItem","position":1,"name":"Home","item":"https:\/\/hampstead.emsb.qc.ca\/"},{"@type":"ListItem","position":2,"name":"GOVERNING BOARD MEETING &#8211; June 16, 2022"}]},{"@type":"WebSite","@id":"https:\/\/hampstead.emsb.qc.ca\/#website","url":"https:\/\/hampstead.emsb.qc.ca\/","name":"\u00c9cole primaire Hampstead","description":"\u00c9cole primaire Hampstead","publisher":{"@id":"https:\/\/hampstead.emsb.qc.ca\/#organization"},"potentialAction":[{"@type":"SearchAction","target":{"@type":"EntryPoint","urlTemplate":"https:\/\/hampstead.emsb.qc.ca\/?s={search_term_string}"},"query-input":{"@type":"PropertyValueSpecification","valueRequired":true,"valueName":"search_term_string"}}],"inLanguage":"fr-FR"},{"@type":"Organization","@id":"https:\/\/hampstead.emsb.qc.ca\/#organization","name":"\u00c9cole primaire Hampstead","url":"https:\/\/hampstead.emsb.qc.ca\/","logo":{"@type":"ImageObject","inLanguage":"fr-FR","@id":"https:\/\/hampstead.emsb.qc.ca\/#\/schema\/logo\/image\/","url":"https:\/\/hampstead.emsb.qc.ca\/wp-content\/uploads\/sites\/2\/2022\/08\/hampstead-logo-large.png","contentUrl":"https:\/\/hampstead.emsb.qc.ca\/wp-content\/uploads\/sites\/2\/2022\/08\/hampstead-logo-large.png","width":234,"height":269,"caption":"Hampstead Elementary School"},"image":{"@id":"https:\/\/hampstead.emsb.qc.ca\/#\/schema\/logo\/image\/"}}]}},"_links":{"self":[{"href":"https:\/\/hampstead.emsb.qc.ca\/fr\/wp-json\/wp\/v2\/pages\/3563","targetHints":{"allow":["GET"]}}],"collection":[{"href":"https:\/\/hampstead.emsb.qc.ca\/fr\/wp-json\/wp\/v2\/pages"}],"about":[{"href":"https:\/\/hampstead.emsb.qc.ca\/fr\/wp-json\/wp\/v2\/types\/page"}],"author":[{"embeddable":true,"href":"https:\/\/hampstead.emsb.qc.ca\/fr\/wp-json\/wp\/v2\/users\/3"}],"replies":[{"embeddable":true,"href":"https:\/\/hampstead.emsb.qc.ca\/fr\/wp-json\/wp\/v2\/comments?post=3563"}],"version-history":[{"count":10,"href":"https:\/\/hampstead.emsb.qc.ca\/fr\/wp-json\/wp\/v2\/pages\/3563\/revisions"}],"predecessor-version":[{"id":3622,"href":"https:\/\/hampstead.emsb.qc.ca\/fr\/wp-json\/wp\/v2\/pages\/3563\/revisions\/3622"}],"wp:attachment":[{"href":"https:\/\/hampstead.emsb.qc.ca\/fr\/wp-json\/wp\/v2\/media?parent=3563"}],"curies":[{"name":"wp","href":"https:\/\/api.w.org\/{rel}","templated":true}]}}