
{"id":3272,"date":"2022-01-17T14:44:12","date_gmt":"2022-01-17T19:44:12","guid":{"rendered":"https:\/\/hampstead.propageweb.com\/maison-et-ecole\/"},"modified":"2022-09-14T09:47:54","modified_gmt":"2022-09-14T13:47:54","slug":"maison-et-ecole","status":"publish","type":"page","link":"https:\/\/hampstead.emsb.qc.ca\/fr\/maison-et-ecole\/","title":{"rendered":"Maison et \u00e9cole"},"content":{"rendered":"&#13;\n<h1 class=\"wp-block-heading\">Qu'est-ce que l'association Gardenview Home &amp; School ?<\/h1>&#13;\n&#13;\n<p>La Gardenview Home &amp; School Association (GHSA) est un organisme ind\u00e9pendant, sans but lucratif, qui fait partie de la F\u00e9d\u00e9ration qu\u00e9b\u00e9coise des associations foyers-\u00e9coles (FQAS). Nous avons notre propre constitution et nos propres r\u00e8glements qui nous r\u00e9gissent. Sur le plan financier, tous les fonds que nous r\u00e9coltons sont allou\u00e9s \u00e0 diff\u00e9rentes activit\u00e9s et\/ou projets scolaires.<\/p>&#13;\n&#13;\n<p>\u00c0 Gardenview, la GHSA et l'administration travaillent ensemble depuis longtemps pour offrir aux \u00e9l\u00e8ves des programmes et des activit\u00e9s enrichissants en dehors du programme scolaire, aux enseignants un soutien suppl\u00e9mentaire et au b\u00e2timent ce qui est n\u00e9cessaire. Nous travaillons \u00e9galement en \u00e9troite collaboration avec le conseil d'\u00e9tablissement, qui est responsable d'autres domaines diff\u00e9rents de la GHSA, tels que le programme scolaire, les budgets des \u00e9coles et les uniformes.<\/p>&#13;\n&#13;\n<p>La GHSA est g\u00e9r\u00e9e par un comit\u00e9 ex\u00e9cutif compos\u00e9 de b\u00e9n\u00e9voles occupant les fonctions suivantes :<\/p>&#13;\n&#13;\n<ul class=\"wp-block-list\">&#13;\n<li>Pr\u00e9sident<\/li>&#13;\n<li>Vice-pr\u00e9sident<\/li>&#13;\n<li>Tr\u00e9sorier<\/li>&#13;\n<li>Adh\u00e9sion et communication<\/li>&#13;\n<li>Secr\u00e9taire<\/li>&#13;\n<\/ul>&#13;\n&#13;\n<p>Nous avons \u00e9galement des pr\u00e9sidents de sous-comit\u00e9s pour les domaines suivants :<\/p>&#13;\n&#13;\n<ul class=\"wp-block-list\">&#13;\n<li>Collecte de fonds\/\u00c9v\u00e9nements sp\u00e9ciaux<\/li>&#13;\n<li>R\u00e8glements administratifs<\/li>&#13;\n<li>Chorale<\/li>&#13;\n<li>Remise des dipl\u00f4mes\/annuaire<\/li>&#13;\n<li>Sant\u00e9 et s\u00e9curit\u00e9<\/li>&#13;\n<li>Bulletin d'information<\/li>&#13;\n<li>Reconnaissance du personnel<\/li>&#13;\n<\/ul>&#13;\n&#13;\n<h1 class=\"wp-block-heading\">R\u00e9unions<\/h1>&#13;\n&#13;\n<p>Les r\u00e9unions r\u00e9guli\u00e8res de la Gardenview Home &amp; School Association (GHSA) se tiennent normalement le troisi\u00e8me mercredi de chaque mois \u00e0 19h30 dans le salon du personnel. Une convocation aux r\u00e9unions est envoy\u00e9e au d\u00e9but de chaque ann\u00e9e scolaire.<\/p>&#13;\n&#13;\n<p>Tous les parents, les tuteurs, les enseignants et l'administration de Gardenview sont invit\u00e9s \u00e0 y participer. Si vous souhaitez soulever un sujet de discussion, veuillez nous en informer au moins une semaine compl\u00e8te avant la r\u00e9union en envoyant un courriel \u00e0 <a href=\"mailto:ghsa.info@gmail.com\">ghsa.info@gmail.com.<\/a><\/p>&#13;\n&#13;\n<p>Les r\u00e9unions pr\u00e9vues pour l'ann\u00e9e scolaire 2018-2019 sont :<\/p>&#13;\n&#13;\n<ul class=\"wp-block-list\">&#13;\n<li>25 septembre<\/li>&#13;\n<li>23 octobre<\/li>&#13;\n<li>27 novembre<\/li>&#13;\n<li>22 janvier<\/li>&#13;\n<li>25 mars<\/li>&#13;\n<li>22 avril<\/li>&#13;\n<li>Le 20 mai<\/li>&#13;\n<li>17 juin<\/li>&#13;\n<\/ul>&#13;","protected":false},"excerpt":{"rendered":"<p>&#13; Qu&#8217;est-ce que l&#8217;association Gardenview Home &amp; School ? &#13; &#13; La Gardenview Home &amp; School Association (GHSA) est un organisme ind\u00e9pendant, sans but lucratif, qui fait partie de la F\u00e9d\u00e9ration qu\u00e9b\u00e9coise des associations foyers-\u00e9coles (FQAS). Nous avons notre propre constitution et nos propres r\u00e8glements qui nous r\u00e9gissent. Sur le plan financier, tous les fonds [&hellip;]<\/p>\n","protected":false},"author":4,"featured_media":0,"parent":0,"menu_order":0,"comment_status":"closed","ping_status":"closed","template":"","meta":{"site-sidebar-layout":"no-sidebar","site-content-layout":"default","ast-site-content-layout":"default","site-content-style":"default","site-sidebar-style":"default","ast-global-header-display":"","ast-banner-title-visibility":"","ast-main-header-display":"","ast-hfb-above-header-display":"","ast-hfb-below-header-display":"","ast-hfb-mobile-header-display":"","site-post-title":"","ast-breadcrumbs-content":"","ast-featured-img":"","footer-sml-layout":"","ast-disable-related-posts":"","theme-transparent-header-meta":"","adv-header-id-meta":"","stick-header-meta":"","header-above-stick-meta":"","header-main-stick-meta":"","header-below-stick-meta":"","astra-migrate-meta-layouts":"default","ast-page-background-enabled":"default","ast-page-background-meta":{"desktop":{"background-color":"var(--ast-global-color-4)","background-image":"","background-repeat":"repeat","background-position":"center center","background-size":"auto","background-attachment":"scroll","background-type":"","background-media":"","overlay-type":"","overlay-color":"","overlay-opacity":"","overlay-gradient":""},"tablet":{"background-color":"","background-image":"","background-repeat":"repeat","background-position":"center center","background-size":"auto","background-attachment":"scroll","background-type":"","background-media":"","overlay-type":"","overlay-color":"","overlay-opacity":"","overlay-gradient":""},"mobile":{"background-color":"","background-image":"","background-repeat":"repeat","background-position":"center center","background-size":"auto","background-attachment":"scroll","background-type":"","background-media":"","overlay-type":"","overlay-color":"","overlay-opacity":"","overlay-gradient":""}},"ast-content-background-meta":{"desktop":{"background-color":"var(--ast-global-color-5)","background-image":"","background-repeat":"repeat","background-position":"center center","background-size":"auto","background-attachment":"scroll","background-type":"","background-media":"","overlay-type":"","overlay-color":"","overlay-opacity":"","overlay-gradient":""},"tablet":{"background-color":"var(--ast-global-color-5)","background-image":"","background-repeat":"repeat","background-position":"center center","background-size":"auto","background-attachment":"scroll","background-type":"","background-media":"","overlay-type":"","overlay-color":"","overlay-opacity":"","overlay-gradient":""},"mobile":{"background-color":"var(--ast-global-color-5)","background-image":"","background-repeat":"repeat","background-position":"center center","background-size":"auto","background-attachment":"scroll","background-type":"","background-media":"","overlay-type":"","overlay-color":"","overlay-opacity":"","overlay-gradient":""}},"footnotes":""},"class_list":["post-3272","page","type-page","status-publish","hentry"],"yoast_head":"<!-- This site is optimized with the Yoast SEO plugin v27.5 - https:\/\/yoast.com\/product\/yoast-seo-wordpress\/ -->\n<title>Maison et \u00e9cole - Hampstead Elementary School<\/title>\n<meta name=\"robots\" content=\"index, follow, max-snippet:-1, max-image-preview:large, max-video-preview:-1\" \/>\n<link rel=\"canonical\" href=\"https:\/\/hampstead.emsb.qc.ca\/fr\/maison-et-ecole\/\" \/>\n<meta property=\"og:locale\" content=\"fr_FR\" \/>\n<meta property=\"og:type\" content=\"article\" \/>\n<meta property=\"og:title\" content=\"Maison et \u00e9cole - Hampstead Elementary School\" \/>\n<meta property=\"og:description\" content=\"&#013; Qu&#8217;est-ce que l&#8217;association Gardenview Home &amp; School ? &#013; &#013; La Gardenview Home &amp; School Association (GHSA) est un organisme ind\u00e9pendant, sans but lucratif, qui fait partie de la F\u00e9d\u00e9ration qu\u00e9b\u00e9coise des associations foyers-\u00e9coles (FQAS). Nous avons notre propre constitution et nos propres r\u00e8glements qui nous r\u00e9gissent. Sur le plan financier, tous les fonds [&hellip;]\" \/>\n<meta property=\"og:url\" content=\"https:\/\/hampstead.emsb.qc.ca\/fr\/maison-et-ecole\/\" \/>\n<meta property=\"og:site_name\" content=\"Hampstead Elementary School\" \/>\n<meta property=\"article:modified_time\" content=\"2022-09-14T13:47:54+00:00\" \/>\n<meta name=\"twitter:card\" content=\"summary_large_image\" \/>\n<meta name=\"twitter:label1\" content=\"Dur\u00e9e de lecture estim\u00e9e\" \/>\n\t<meta name=\"twitter:data1\" content=\"2 minutes\" \/>\n<script type=\"application\/ld+json\" class=\"yoast-schema-graph\">{\"@context\":\"https:\\\/\\\/schema.org\",\"@graph\":[{\"@type\":\"WebPage\",\"@id\":\"https:\\\/\\\/hampstead.emsb.qc.ca\\\/maison-et-ecole\\\/\",\"url\":\"https:\\\/\\\/hampstead.emsb.qc.ca\\\/maison-et-ecole\\\/\",\"name\":\"Maison et \u00e9cole - Hampstead Elementary School\",\"isPartOf\":{\"@id\":\"https:\\\/\\\/hampstead.emsb.qc.ca\\\/#website\"},\"datePublished\":\"2022-01-17T19:44:12+00:00\",\"dateModified\":\"2022-09-14T13:47:54+00:00\",\"breadcrumb\":{\"@id\":\"https:\\\/\\\/hampstead.emsb.qc.ca\\\/maison-et-ecole\\\/#breadcrumb\"},\"inLanguage\":\"fr-FR\",\"potentialAction\":[{\"@type\":\"ReadAction\",\"target\":[\"https:\\\/\\\/hampstead.emsb.qc.ca\\\/maison-et-ecole\\\/\"]}]},{\"@type\":\"BreadcrumbList\",\"@id\":\"https:\\\/\\\/hampstead.emsb.qc.ca\\\/maison-et-ecole\\\/#breadcrumb\",\"itemListElement\":[{\"@type\":\"ListItem\",\"position\":1,\"name\":\"Home\",\"item\":\"https:\\\/\\\/hampstead.emsb.qc.ca\\\/\"},{\"@type\":\"ListItem\",\"position\":2,\"name\":\"Maison et \u00e9cole\"}]},{\"@type\":\"WebSite\",\"@id\":\"https:\\\/\\\/hampstead.emsb.qc.ca\\\/#website\",\"url\":\"https:\\\/\\\/hampstead.emsb.qc.ca\\\/\",\"name\":\"Hampstead Elementary School\",\"description\":\"Hampstead Elementary School\",\"publisher\":{\"@id\":\"https:\\\/\\\/hampstead.emsb.qc.ca\\\/#organization\"},\"potentialAction\":[{\"@type\":\"SearchAction\",\"target\":{\"@type\":\"EntryPoint\",\"urlTemplate\":\"https:\\\/\\\/hampstead.emsb.qc.ca\\\/?s={search_term_string}\"},\"query-input\":{\"@type\":\"PropertyValueSpecification\",\"valueRequired\":true,\"valueName\":\"search_term_string\"}}],\"inLanguage\":\"fr-FR\"},{\"@type\":\"Organization\",\"@id\":\"https:\\\/\\\/hampstead.emsb.qc.ca\\\/#organization\",\"name\":\"Hampstead Elementary School\",\"url\":\"https:\\\/\\\/hampstead.emsb.qc.ca\\\/\",\"logo\":{\"@type\":\"ImageObject\",\"inLanguage\":\"fr-FR\",\"@id\":\"https:\\\/\\\/hampstead.emsb.qc.ca\\\/#\\\/schema\\\/logo\\\/image\\\/\",\"url\":\"https:\\\/\\\/hampstead.emsb.qc.ca\\\/wp-content\\\/uploads\\\/sites\\\/2\\\/2022\\\/08\\\/hampstead-logo-large.png\",\"contentUrl\":\"https:\\\/\\\/hampstead.emsb.qc.ca\\\/wp-content\\\/uploads\\\/sites\\\/2\\\/2022\\\/08\\\/hampstead-logo-large.png\",\"width\":234,\"height\":269,\"caption\":\"Hampstead Elementary School\"},\"image\":{\"@id\":\"https:\\\/\\\/hampstead.emsb.qc.ca\\\/#\\\/schema\\\/logo\\\/image\\\/\"}}]}<\/script>\n<!-- \/ Yoast SEO plugin. -->","yoast_head_json":{"title":"Maison et \u00e9cole - \u00c9cole primaire de Hampstead","robots":{"index":"index","follow":"follow","max-snippet":"max-snippet:-1","max-image-preview":"max-image-preview:large","max-video-preview":"max-video-preview:-1"},"canonical":"https:\/\/hampstead.emsb.qc.ca\/fr\/maison-et-ecole\/","og_locale":"fr_FR","og_type":"article","og_title":"Maison et \u00e9cole - Hampstead Elementary School","og_description":"&#13; Qu&#8217;est-ce que l&#8217;association Gardenview Home &amp; School ? &#13; &#13; La Gardenview Home &amp; School Association (GHSA) est un organisme ind\u00e9pendant, sans but lucratif, qui fait partie de la F\u00e9d\u00e9ration qu\u00e9b\u00e9coise des associations foyers-\u00e9coles (FQAS). Nous avons notre propre constitution et nos propres r\u00e8glements qui nous r\u00e9gissent. Sur le plan financier, tous les fonds [&hellip;]","og_url":"https:\/\/hampstead.emsb.qc.ca\/fr\/maison-et-ecole\/","og_site_name":"Hampstead Elementary School","article_modified_time":"2022-09-14T13:47:54+00:00","twitter_card":"summary_large_image","twitter_misc":{"Dur\u00e9e de lecture estim\u00e9e":"2 minutes"},"schema":{"@context":"https:\/\/schema.org","@graph":[{"@type":"WebPage","@id":"https:\/\/hampstead.emsb.qc.ca\/maison-et-ecole\/","url":"https:\/\/hampstead.emsb.qc.ca\/maison-et-ecole\/","name":"Maison et \u00e9cole - \u00c9cole primaire de Hampstead","isPartOf":{"@id":"https:\/\/hampstead.emsb.qc.ca\/#website"},"datePublished":"2022-01-17T19:44:12+00:00","dateModified":"2022-09-14T13:47:54+00:00","breadcrumb":{"@id":"https:\/\/hampstead.emsb.qc.ca\/maison-et-ecole\/#breadcrumb"},"inLanguage":"fr-FR","potentialAction":[{"@type":"ReadAction","target":["https:\/\/hampstead.emsb.qc.ca\/maison-et-ecole\/"]}]},{"@type":"BreadcrumbList","@id":"https:\/\/hampstead.emsb.qc.ca\/maison-et-ecole\/#breadcrumb","itemListElement":[{"@type":"ListItem","position":1,"name":"Home","item":"https:\/\/hampstead.emsb.qc.ca\/"},{"@type":"ListItem","position":2,"name":"Maison et \u00e9cole"}]},{"@type":"WebSite","@id":"https:\/\/hampstead.emsb.qc.ca\/#website","url":"https:\/\/hampstead.emsb.qc.ca\/","name":"\u00c9cole primaire Hampstead","description":"\u00c9cole primaire Hampstead","publisher":{"@id":"https:\/\/hampstead.emsb.qc.ca\/#organization"},"potentialAction":[{"@type":"SearchAction","target":{"@type":"EntryPoint","urlTemplate":"https:\/\/hampstead.emsb.qc.ca\/?s={search_term_string}"},"query-input":{"@type":"PropertyValueSpecification","valueRequired":true,"valueName":"search_term_string"}}],"inLanguage":"fr-FR"},{"@type":"Organization","@id":"https:\/\/hampstead.emsb.qc.ca\/#organization","name":"\u00c9cole primaire Hampstead","url":"https:\/\/hampstead.emsb.qc.ca\/","logo":{"@type":"ImageObject","inLanguage":"fr-FR","@id":"https:\/\/hampstead.emsb.qc.ca\/#\/schema\/logo\/image\/","url":"https:\/\/hampstead.emsb.qc.ca\/wp-content\/uploads\/sites\/2\/2022\/08\/hampstead-logo-large.png","contentUrl":"https:\/\/hampstead.emsb.qc.ca\/wp-content\/uploads\/sites\/2\/2022\/08\/hampstead-logo-large.png","width":234,"height":269,"caption":"Hampstead Elementary School"},"image":{"@id":"https:\/\/hampstead.emsb.qc.ca\/#\/schema\/logo\/image\/"}}]}},"_links":{"self":[{"href":"https:\/\/hampstead.emsb.qc.ca\/fr\/wp-json\/wp\/v2\/pages\/3272","targetHints":{"allow":["GET"]}}],"collection":[{"href":"https:\/\/hampstead.emsb.qc.ca\/fr\/wp-json\/wp\/v2\/pages"}],"about":[{"href":"https:\/\/hampstead.emsb.qc.ca\/fr\/wp-json\/wp\/v2\/types\/page"}],"author":[{"embeddable":true,"href":"https:\/\/hampstead.emsb.qc.ca\/fr\/wp-json\/wp\/v2\/users\/4"}],"replies":[{"embeddable":true,"href":"https:\/\/hampstead.emsb.qc.ca\/fr\/wp-json\/wp\/v2\/comments?post=3272"}],"version-history":[{"count":4,"href":"https:\/\/hampstead.emsb.qc.ca\/fr\/wp-json\/wp\/v2\/pages\/3272\/revisions"}],"predecessor-version":[{"id":3369,"href":"https:\/\/hampstead.emsb.qc.ca\/fr\/wp-json\/wp\/v2\/pages\/3272\/revisions\/3369"}],"wp:attachment":[{"href":"https:\/\/hampstead.emsb.qc.ca\/fr\/wp-json\/wp\/v2\/media?parent=3272"}],"curies":[{"name":"wp","href":"https:\/\/api.w.org\/{rel}","templated":true}]}}